{"id":93967,"date":"2021-06-05T17:27:59","date_gmt":"2021-06-05T21:27:59","guid":{"rendered":"https:\/\/www.avenuedesigncanada.com\/product\/bradford-dining-table\/"},"modified":"2026-02-11T15:58:23","modified_gmt":"2026-02-11T20:58:23","slug":"table-a-diner-bradford","status":"publish","type":"product","link":"https:\/\/www.avenuedesigncanada.com\/fr\/product\/table-a-diner-bradford\/","title":{"rendered":"Table \u00e0 diner  Bradford"},"content":{"rendered":"<p><em>Les caract\u00e9ristiques de la Table \u00e0 d\u00eener Bradford:<\/em><\/p>\n<p>Solides en bois dur avec placages en noyer africain<br \/>\nDeux rallonges de 20&Prime;<br \/>\nS&rsquo;\u00e9tend jusqu&rsquo;\u00e0 120&Prime;<br \/>\nOptions de finitions personnalis\u00e9es disponibles<\/p>\n<p>Vous avez des questions sur ce produit ? Nos concepteurs sont l\u00e0 pour vous aider. Appelez-nous au (514) 340-9351  <\/p>\n","protected":false},"excerpt":{"rendered":"<p>La table \u00e0 manger Bradford allie un savoir-faire classique \u00e0 une polyvalence moderne. Fabriqu\u00e9e en bois massif avec de riches placages de noyer africain, elle comprend deux rallonges de 20&Prime; qui permettent \u00e0 la table de s&rsquo;agrandir jusqu&rsquo;\u00e0 120&Prime;. Les options de finition personnalis\u00e9es permettent de l&rsquo;adapter parfaitement au d\u00e9cor de votre salle \u00e0 manger.  <\/p>\n","protected":false},"featured_media":218495,"template":"","meta":{"_kad_blocks_custom_css":"","_kad_blocks_head_custom_js":"","_kad_blocks_body_custom_js":"","_kad_blocks_footer_custom_js":"","_kad_post_transparent":"","_kad_post_title":"","_kad_post_layout":"","_kad_post_sidebar_id":"","_kad_post_content_style":"","_kad_post_vertical_padding":"","_kad_post_feature":"","_kad_post_feature_position":"","_kad_post_header":false,"_kad_post_footer":false,"_kad_post_classname":""},"product_brand":[],"product_cat":[1306],"product_tag":[1369],"class_list":{"0":"post-93967","1":"product","2":"type-product","3":"status-publish","4":"has-post-thumbnail","6":"product_cat-tables-de-salle-a-manger","7":"product_tag-theodore-fr","9":"first","10":"instock","11":"product-type-simple","12":"entry","13":"content-bg","14":"loop-entry"},"taxonomy_info":{"product_cat":[{"value":1306,"label":"Tables"}],"product_tag":[{"value":1369,"label":"THEODORE"}]},"featured_image_src_large":["https:\/\/www.avenuedesigncanada.com\/wp-content\/uploads\/2021\/06\/W738T-LG_a-1024x1024.jpg",1024,1024,true],"author_info":[],"comment_info":"","_links":{"self":[{"href":"https:\/\/www.avenuedesigncanada.com\/fr\/wp-json\/wp\/v2\/product\/93967","targetHints":{"allow":["GET"]}}],"collection":[{"href":"https:\/\/www.avenuedesigncanada.com\/fr\/wp-json\/wp\/v2\/product"}],"about":[{"href":"https:\/\/www.avenuedesigncanada.com\/fr\/wp-json\/wp\/v2\/types\/product"}],"wp:featuredmedia":[{"embeddable":true,"href":"https:\/\/www.avenuedesigncanada.com\/fr\/wp-json\/wp\/v2\/media\/218495"}],"wp:attachment":[{"href":"https:\/\/www.avenuedesigncanada.com\/fr\/wp-json\/wp\/v2\/media?parent=93967"}],"wp:term":[{"taxonomy":"product_brand","embeddable":true,"href":"https:\/\/www.avenuedesigncanada.com\/fr\/wp-json\/wp\/v2\/product_brand?post=93967"},{"taxonomy":"product_cat","embeddable":true,"href":"https:\/\/www.avenuedesigncanada.com\/fr\/wp-json\/wp\/v2\/product_cat?post=93967"},{"taxonomy":"product_tag","embeddable":true,"href":"https:\/\/www.avenuedesigncanada.com\/fr\/wp-json\/wp\/v2\/product_tag?post=93967"}],"curies":[{"name":"wp","href":"https:\/\/api.w.org\/{rel}","templated":true}]}}