{"id":94450,"date":"2021-06-05T21:26:11","date_gmt":"2021-06-06T01:26:11","guid":{"rendered":"https:\/\/www.avenuedesigncanada.com\/product\/bench-7\/"},"modified":"2026-02-11T15:58:24","modified_gmt":"2026-02-11T20:58:24","slug":"banc-vicky","status":"publish","type":"product","link":"https:\/\/www.avenuedesigncanada.com\/fr\/product\/banc-vicky\/","title":{"rendered":"Banc Vicky"},"content":{"rendered":"<p><em>La fonctionnalit\u00e9 Vicky du banc :<\/em><\/p>\n<p>Assise capitonn\u00e9e<\/p>\n<p>Bordure de clous<\/p>\n<p>Une structure en bois massif<\/p>\n<p>Fait au Canada<\/p>\n<p>Options:<\/p>\n<p>Aussi disponible en 68 pouces de largeur<\/p>\n<p>Choix de tissu ou cuir<\/p>\n<p>Choix de fini<\/p>\n<p>Choices de fini pour les clous<\/p>\n<p>Avez-vous des questions \u00e0 propos de ce produit ?<\/p>\n<p>Nos designers sont l\u00e0 pour vous aider.<\/p>\n<p>Appelez-nous au (514) 340-9351<\/p>\n","protected":false},"excerpt":{"rendered":"<p>Le banc Vicky allie \u00e9l\u00e9gance classique et savoir-faire raffin\u00e9. Avec son assise capitonn\u00e9e et ses clous d\u00e9coratifs, il ajoute une touche de sophistication \u00e0 n&rsquo;importe quel espace. Construit sur un cadre en bois dur durable et fi\u00e8rement fabriqu\u00e9 au Canada, ce banc est enti\u00e8rement personnalisable avec votre choix de tissu ou de cuir, de finitions en bois et de clous d\u00e9coratifs. Disponible en taille standard ou en 68 pouces de largeur, le banc Vicky est parfait pour les entr\u00e9es, les salons ou au pied d&rsquo;un lit, offrant \u00e0 la fois style et fonctionnalit\u00e9.<\/p>\n","protected":false},"featured_media":101399,"template":"","meta":{"_kad_blocks_custom_css":"","_kad_blocks_head_custom_js":"","_kad_blocks_body_custom_js":"","_kad_blocks_footer_custom_js":"","_kad_post_transparent":"default","_kad_post_title":"","_kad_post_layout":"default","_kad_post_sidebar_id":"","_kad_post_content_style":"default","_kad_post_vertical_padding":"default","_kad_post_feature":"","_kad_post_feature_position":"","_kad_post_header":false,"_kad_post_footer":false,"_kad_post_classname":""},"product_brand":[],"product_cat":[1318,1968],"product_tag":[1371],"class_list":{"0":"post-94450","1":"product","2":"type-product","3":"status-publish","4":"has-post-thumbnail","6":"product_cat-bancs-2","7":"product_cat-pouf-sur-mesure","8":"product_tag-hkhaju-fr","10":"first","11":"instock","12":"product-type-simple","13":"entry","14":"content-bg","15":"loop-entry"},"taxonomy_info":{"product_cat":[{"value":1318,"label":"Bancs"},{"value":1968,"label":"pouf sur mesure"}],"product_tag":[{"value":1371,"label":"HKHAJU"}]},"featured_image_src_large":["https:\/\/www.avenuedesigncanada.com\/wp-content\/uploads\/2021\/06\/Vicky1-1280x852-2-1024x1024.jpg",1024,1024,true],"author_info":[],"comment_info":"","_links":{"self":[{"href":"https:\/\/www.avenuedesigncanada.com\/fr\/wp-json\/wp\/v2\/product\/94450","targetHints":{"allow":["GET"]}}],"collection":[{"href":"https:\/\/www.avenuedesigncanada.com\/fr\/wp-json\/wp\/v2\/product"}],"about":[{"href":"https:\/\/www.avenuedesigncanada.com\/fr\/wp-json\/wp\/v2\/types\/product"}],"wp:featuredmedia":[{"embeddable":true,"href":"https:\/\/www.avenuedesigncanada.com\/fr\/wp-json\/wp\/v2\/media\/101399"}],"wp:attachment":[{"href":"https:\/\/www.avenuedesigncanada.com\/fr\/wp-json\/wp\/v2\/media?parent=94450"}],"wp:term":[{"taxonomy":"product_brand","embeddable":true,"href":"https:\/\/www.avenuedesigncanada.com\/fr\/wp-json\/wp\/v2\/product_brand?post=94450"},{"taxonomy":"product_cat","embeddable":true,"href":"https:\/\/www.avenuedesigncanada.com\/fr\/wp-json\/wp\/v2\/product_cat?post=94450"},{"taxonomy":"product_tag","embeddable":true,"href":"https:\/\/www.avenuedesigncanada.com\/fr\/wp-json\/wp\/v2\/product_tag?post=94450"}],"curies":[{"name":"wp","href":"https:\/\/api.w.org\/{rel}","templated":true}]}}