{"id":94504,"date":"2021-06-05T21:25:27","date_gmt":"2021-06-06T01:25:27","guid":{"rendered":"https:\/\/www.avenuedesigncanada.com\/product\/fauteuil-roxanne\/"},"modified":"2026-02-11T15:58:25","modified_gmt":"2026-02-11T20:58:25","slug":"fauteuil-roxanne","status":"publish","type":"product","link":"https:\/\/www.avenuedesigncanada.com\/fr\/product\/fauteuil-roxanne\/","title":{"rendered":"Roxanne Chair"},"content":{"rendered":"<p><em>La chaise Roxanne comprend:<\/em><\/p>\n<p>Coussin d&rsquo;assise en mousse et duvet<br \/>\nPieds en bois<br \/>\nStructure en bois massif<br \/>\nFabriqu\u00e9 au Canada<\/p>\n<p>Options :<br \/>\nChoix de tissu ou de cuir<br \/>\nChoix de couleur de bois<\/p>\n<p>Avez-vous des questions \u00e0 propos de ce produit ?<br \/>\nNos designers sont l\u00e0 pour vous aider.<br \/>\nAppelez-nous au (514) 340-9351<\/p>\n","protected":false},"excerpt":{"rendered":"<p>Alliant confort et design classique, cette chaise est dot\u00e9e d&rsquo;une assise en mousse recouverte d&rsquo;un rev\u00eatement en duvet m\u00e9lang\u00e9 pour une sensation de douceur et de soutien. Ses \u00e9l\u00e9gants pieds en bois et son cadre robuste en bois dur garantissent une durabilit\u00e9 \u00e0 toute \u00e9preuve. De fabrication canadienne, cette pi\u00e8ce refl\u00e8te un savoir-faire exceptionnel. Enti\u00e8rement personnalisable, elle est disponible dans un choix de tissus ou de cuirs, ainsi que dans une vari\u00e9t\u00e9 de finitions en bois, ce qui en fait un ajout polyvalent et \u00e9l\u00e9gant \u00e0 tout int\u00e9rieur.  <\/p>\n","protected":false},"featured_media":100025,"template":"","meta":{"_kad_blocks_custom_css":"","_kad_blocks_head_custom_js":"","_kad_blocks_body_custom_js":"","_kad_blocks_footer_custom_js":"","_kad_post_transparent":"","_kad_post_title":"","_kad_post_layout":"","_kad_post_sidebar_id":"","_kad_post_content_style":"","_kad_post_vertical_padding":"","_kad_post_feature":"","_kad_post_feature_position":"","_kad_post_header":false,"_kad_post_footer":false,"_kad_post_classname":""},"product_brand":[],"product_cat":[1965,1320],"product_tag":[1371],"class_list":{"0":"post-94504","1":"product","2":"type-product","3":"status-publish","4":"has-post-thumbnail","6":"product_cat-chaise-sur-mesure","7":"product_cat-fauteuils","8":"product_tag-hkhaju-fr","10":"first","11":"instock","12":"product-type-simple","13":"entry","14":"content-bg","15":"loop-entry"},"taxonomy_info":{"product_cat":[{"value":1965,"label":"Chaise Sur Mesure"},{"value":1320,"label":"Fauteuils"}],"product_tag":[{"value":1371,"label":"HKHAJU"}]},"featured_image_src_large":["https:\/\/www.avenuedesigncanada.com\/wp-content\/uploads\/2021\/06\/roxanne_p1-1280x1280-2-1024x1024.jpg",1024,1024,true],"author_info":[],"comment_info":"","_links":{"self":[{"href":"https:\/\/www.avenuedesigncanada.com\/fr\/wp-json\/wp\/v2\/product\/94504","targetHints":{"allow":["GET"]}}],"collection":[{"href":"https:\/\/www.avenuedesigncanada.com\/fr\/wp-json\/wp\/v2\/product"}],"about":[{"href":"https:\/\/www.avenuedesigncanada.com\/fr\/wp-json\/wp\/v2\/types\/product"}],"wp:featuredmedia":[{"embeddable":true,"href":"https:\/\/www.avenuedesigncanada.com\/fr\/wp-json\/wp\/v2\/media\/100025"}],"wp:attachment":[{"href":"https:\/\/www.avenuedesigncanada.com\/fr\/wp-json\/wp\/v2\/media?parent=94504"}],"wp:term":[{"taxonomy":"product_brand","embeddable":true,"href":"https:\/\/www.avenuedesigncanada.com\/fr\/wp-json\/wp\/v2\/product_brand?post=94504"},{"taxonomy":"product_cat","embeddable":true,"href":"https:\/\/www.avenuedesigncanada.com\/fr\/wp-json\/wp\/v2\/product_cat?post=94504"},{"taxonomy":"product_tag","embeddable":true,"href":"https:\/\/www.avenuedesigncanada.com\/fr\/wp-json\/wp\/v2\/product_tag?post=94504"}],"curies":[{"name":"wp","href":"https:\/\/api.w.org\/{rel}","templated":true}]}}