{"id":94542,"date":"2021-06-05T17:25:27","date_gmt":"2021-06-05T21:25:27","guid":{"rendered":"https:\/\/www.avenuedesigncanada.com\/product\/bar-stools\/"},"modified":"2026-02-11T15:58:27","modified_gmt":"2026-02-11T20:58:27","slug":"tabouret-de-bar-paula","status":"publish","type":"product","link":"https:\/\/www.avenuedesigncanada.com\/fr\/product\/tabouret-de-bar-paula\/","title":{"rendered":"Tabouret de bar Paula"},"content":{"rendered":"<p><em>Le tabouret de bar Paula pr\u00e9sente les caract\u00e9ristiques suivantes :<\/em><br \/>\nUn cadre classique en bois dur avec une \u00e9l\u00e9gante garniture de clous et des pieds en bois massif, fi\u00e8rement fabriqu\u00e9s au Canada.<\/p>\n<p>Options :<br \/>\nChoisissez parmi une vari\u00e9t\u00e9 de tissus ou de cuirs, de couleurs de bois et de finitions de clous. \u00c9galement disponible comme tabouret de comptoir. <\/p>\n<p>Avez-vous des questions \u00e0 propos de ce produit ?<br \/>\nNos designers sont l\u00e0 pour vous aider. Appelez-nous au (514) 340-9351<\/p>\n","protected":false},"excerpt":{"rendered":"<p>Le tabouret de bar Paula apporte une \u00e9l\u00e9gance raffin\u00e9e avec son rembourrage sur mesure, sa garniture de clous gracieuse et son cadre en bois dur magnifiquement travaill\u00e9. Fabriqu\u00e9 au Canada, ce mod\u00e8le allie d\u00e9tails classiques et confort quotidien, cr\u00e9ant ainsi un si\u00e8ge chaleureux et accueillant qui s&rsquo;int\u00e8gre aussi bien dans un environnement d\u00e9contract\u00e9 que formel.   <\/p>\n","protected":false},"featured_media":104116,"template":"","meta":{"_kad_blocks_custom_css":"","_kad_blocks_head_custom_js":"","_kad_blocks_body_custom_js":"","_kad_blocks_footer_custom_js":"","_kad_post_transparent":"","_kad_post_title":"","_kad_post_layout":"","_kad_post_sidebar_id":"","_kad_post_content_style":"","_kad_post_vertical_padding":"","_kad_post_feature":"","_kad_post_feature_position":"","_kad_post_header":false,"_kad_post_footer":false,"_kad_post_classname":""},"product_brand":[],"product_cat":[1305],"product_tag":[1371],"class_list":{"0":"post-94542","1":"product","2":"type-product","3":"status-publish","4":"has-post-thumbnail","6":"product_cat-tabourets","7":"product_tag-hkhaju-fr","9":"first","10":"instock","11":"product-type-simple","12":"entry","13":"content-bg","14":"loop-entry"},"taxonomy_info":{"product_cat":[{"value":1305,"label":"Tabourets"}],"product_tag":[{"value":1371,"label":"HKHAJU"}]},"featured_image_src_large":["https:\/\/www.avenuedesigncanada.com\/wp-content\/uploads\/2021\/06\/paula_barstool_p1-681x1024-2-2.jpg",560,560,false],"author_info":[],"comment_info":"","_links":{"self":[{"href":"https:\/\/www.avenuedesigncanada.com\/fr\/wp-json\/wp\/v2\/product\/94542","targetHints":{"allow":["GET"]}}],"collection":[{"href":"https:\/\/www.avenuedesigncanada.com\/fr\/wp-json\/wp\/v2\/product"}],"about":[{"href":"https:\/\/www.avenuedesigncanada.com\/fr\/wp-json\/wp\/v2\/types\/product"}],"wp:featuredmedia":[{"embeddable":true,"href":"https:\/\/www.avenuedesigncanada.com\/fr\/wp-json\/wp\/v2\/media\/104116"}],"wp:attachment":[{"href":"https:\/\/www.avenuedesigncanada.com\/fr\/wp-json\/wp\/v2\/media?parent=94542"}],"wp:term":[{"taxonomy":"product_brand","embeddable":true,"href":"https:\/\/www.avenuedesigncanada.com\/fr\/wp-json\/wp\/v2\/product_brand?post=94542"},{"taxonomy":"product_cat","embeddable":true,"href":"https:\/\/www.avenuedesigncanada.com\/fr\/wp-json\/wp\/v2\/product_cat?post=94542"},{"taxonomy":"product_tag","embeddable":true,"href":"https:\/\/www.avenuedesigncanada.com\/fr\/wp-json\/wp\/v2\/product_tag?post=94542"}],"curies":[{"name":"wp","href":"https:\/\/api.w.org\/{rel}","templated":true}]}}