{"id":94664,"date":"2021-06-05T17:24:53","date_gmt":"2021-06-05T21:24:53","guid":{"rendered":"https:\/\/www.avenuedesigncanada.com\/product\/sofa-kingscross\/"},"modified":"2026-02-11T15:58:31","modified_gmt":"2026-02-11T20:58:31","slug":"canape-kingscross","status":"publish","type":"product","link":"https:\/\/www.avenuedesigncanada.com\/fr\/product\/canape-kingscross\/","title":{"rendered":"Canap\u00e9 Kingscross"},"content":{"rendered":"<p><em>  Le canap\u00e9 Kingscross pr\u00e9sente les caract\u00e9ristiques suivantes :<\/em><\/p>\n<p>C\u00f4t\u00e9s et dossier touffet\u00e9s<br \/>\nCoussins de si\u00e8ge en mousse et duvet<br \/>\nBase en bois<br \/>\nCadre en bois dur<br \/>\nFabrication canadienne<\/p>\n<p>Options :<br \/>\nChoix du tissu ou du cuir<br \/>\nChoix de la couleur du bois<br \/>\n\u00c9galement disponible comme canap\u00e9 d&rsquo;appartement, si\u00e8ge d&rsquo;amour ou chaise<\/p>\n<p>Vous avez des questions sur ce produit ?<br \/>\nNos concepteurs sont l\u00e0 pour vous aider.<br \/>\nAppelez-nous au (514) 340-9351<\/p>\n","protected":false},"excerpt":{"rendered":"<p>Ce canap\u00e9 allie \u00e9l\u00e9gance intemporelle et confort luxueux. Avec ses c\u00f4t\u00e9s et son dossier touffet\u00e9s, ainsi que ses coussins d&rsquo;assise en mousse et en duvet, il offre une exp\u00e9rience d&rsquo;assise douillette et invitante. Construit sur un cadre solide en bois dur avec une base en bois, ce canap\u00e9 fabriqu\u00e9 au Canada est con\u00e7u pour une durabilit\u00e9 durable. Disponible dans une large gamme de tissus ou de cuirs et de finitions en bois, il est \u00e9galement propos\u00e9 en tant que canap\u00e9 d&rsquo;appartement, causeuse ou chaise pour s&rsquo;adapter \u00e0 tous les espaces de vie.   <\/p>\n","protected":false},"featured_media":216023,"template":"","meta":{"_kad_blocks_custom_css":"","_kad_blocks_head_custom_js":"","_kad_blocks_body_custom_js":"","_kad_blocks_footer_custom_js":"","_kad_post_transparent":"","_kad_post_title":"","_kad_post_layout":"","_kad_post_sidebar_id":"","_kad_post_content_style":"","_kad_post_vertical_padding":"","_kad_post_feature":"","_kad_post_feature_position":"","_kad_post_header":false,"_kad_post_footer":false,"_kad_post_classname":""},"product_brand":[],"product_cat":[1966,1331],"product_tag":[1371],"class_list":{"0":"post-94664","1":"product","2":"type-product","3":"status-publish","4":"has-post-thumbnail","6":"product_cat-canape-sur-mesure","7":"product_cat-canapes-haut-de-gamme","8":"product_tag-hkhaju-fr","10":"first","11":"instock","12":"product-type-simple","13":"entry","14":"content-bg","15":"loop-entry"},"taxonomy_info":{"product_cat":[{"value":1966,"label":"Canap\u00e9 sur mesure"},{"value":1331,"label":"Canap\u00e9s"}],"product_tag":[{"value":1371,"label":"HKHAJU"}]},"featured_image_src_large":["https:\/\/www.avenuedesigncanada.com\/wp-content\/uploads\/2021\/06\/KingsCross-front-1280x768-2-1024x1024.jpg",1024,1024,true],"author_info":[],"comment_info":"","_links":{"self":[{"href":"https:\/\/www.avenuedesigncanada.com\/fr\/wp-json\/wp\/v2\/product\/94664","targetHints":{"allow":["GET"]}}],"collection":[{"href":"https:\/\/www.avenuedesigncanada.com\/fr\/wp-json\/wp\/v2\/product"}],"about":[{"href":"https:\/\/www.avenuedesigncanada.com\/fr\/wp-json\/wp\/v2\/types\/product"}],"wp:featuredmedia":[{"embeddable":true,"href":"https:\/\/www.avenuedesigncanada.com\/fr\/wp-json\/wp\/v2\/media\/216023"}],"wp:attachment":[{"href":"https:\/\/www.avenuedesigncanada.com\/fr\/wp-json\/wp\/v2\/media?parent=94664"}],"wp:term":[{"taxonomy":"product_brand","embeddable":true,"href":"https:\/\/www.avenuedesigncanada.com\/fr\/wp-json\/wp\/v2\/product_brand?post=94664"},{"taxonomy":"product_cat","embeddable":true,"href":"https:\/\/www.avenuedesigncanada.com\/fr\/wp-json\/wp\/v2\/product_cat?post=94664"},{"taxonomy":"product_tag","embeddable":true,"href":"https:\/\/www.avenuedesigncanada.com\/fr\/wp-json\/wp\/v2\/product_tag?post=94664"}],"curies":[{"name":"wp","href":"https:\/\/api.w.org\/{rel}","templated":true}]}}