{"id":94696,"date":"2021-06-05T17:24:32","date_gmt":"2021-06-05T21:24:32","guid":{"rendered":"https:\/\/www.avenuedesigncanada.com\/product\/sectional-5\/"},"modified":"2026-02-11T15:58:31","modified_gmt":"2026-02-11T20:58:31","slug":"modulaire-imogen","status":"publish","type":"product","link":"https:\/\/www.avenuedesigncanada.com\/fr\/product\/modulaire-imogen\/","title":{"rendered":"Sectionnel Imogen"},"content":{"rendered":"<p><em><span style=\"font-weight: 400;\">Caract\u00e9ristiques du canap\u00e9 modulable Imogen:<\/span><\/em><\/p>\n<p><em>Les caract\u00e9ristiques du <i>sectionnel<\/i> Imogen<\/p>\n<p><\/em>Des coussins de dossier en Poly\/Duvet<\/p>\n<p>Des coussins d\u2019assise en mousse recouverts de duvet<\/p>\n<p>Pieds en bois<\/p>\n<p>Une structure en bois massif<\/p>\n<p>Fait au Canada<\/p>\n<p>Options:<\/p>\n<p>Disponible en diff\u00e9rents tissus ou cuirs<\/p>\n<p>Disponible en diff\u00e9rents finis de bois<\/p>\n<p>Disponible en diff\u00e9rentes configurations, ainsi qu&rsquo;en causeuse, sofa et fauteuil<\/p>\n<p>Avez-vous des questions \u00e0 propos de ce produit ?<\/p>\n<p>Nos designers sont l\u00e0 pour vous aider. Appelez-nous au (514) 340-9351<\/p>\n<p>&nbsp;<\/p>\n","protected":false},"excerpt":{"rendered":"<p>Le canap\u00e9 modulable Imogen allie un design intemporel \u00e0 un confort exceptionnel. Dot\u00e9 de coussins de dossier moelleux rembourr\u00e9s de polyester et de duvet et de coussins d&rsquo;assise en mousse offrant un bon soutien, recouverts d&rsquo;un luxueux m\u00e9lange de duvet, il offre un \u00e9quilibre parfait entre douceur et structure. Soutenu par d&rsquo;\u00e9l\u00e9gants pieds en bois et construit sur un cadre en bois massif, ce canap\u00e9 modulable de fabrication canadienne est con\u00e7u pour offrir une durabilit\u00e9 \u00e0 toute \u00e9preuve et une sophistication au quotidien. Le canap\u00e9 modulable Imogen apporte chaleur, style et confort raffin\u00e9 \u00e0 tout espace de vie.<\/p>\n","protected":false},"featured_media":215457,"template":"","meta":{"_kad_blocks_custom_css":"","_kad_blocks_head_custom_js":"","_kad_blocks_body_custom_js":"","_kad_blocks_footer_custom_js":"","_kad_post_transparent":"default","_kad_post_title":"","_kad_post_layout":"default","_kad_post_sidebar_id":"","_kad_post_content_style":"default","_kad_post_vertical_padding":"default","_kad_post_feature":"","_kad_post_feature_position":"","_kad_post_header":false,"_kad_post_footer":false,"_kad_post_classname":""},"product_brand":[],"product_cat":[1324,1967],"product_tag":[1371],"class_list":{"0":"post-94696","1":"product","2":"type-product","3":"status-publish","4":"has-post-thumbnail","6":"product_cat-meubles-modulaires","7":"product_cat-modulaire-sur-mesure","8":"product_tag-hkhaju-fr","10":"first","11":"instock","12":"product-type-simple","13":"entry","14":"content-bg","15":"loop-entry"},"taxonomy_info":{"product_cat":[{"value":1324,"label":"Meubles modulaires"},{"value":1967,"label":"modulaire sur mesure"}],"product_tag":[{"value":1371,"label":"HKHAJU"}]},"featured_image_src_large":["https:\/\/www.avenuedesigncanada.com\/wp-content\/uploads\/2021\/06\/Imogen-front-1280x768-2-1024x1024.jpg",1024,1024,true],"author_info":[],"comment_info":"","_links":{"self":[{"href":"https:\/\/www.avenuedesigncanada.com\/fr\/wp-json\/wp\/v2\/product\/94696","targetHints":{"allow":["GET"]}}],"collection":[{"href":"https:\/\/www.avenuedesigncanada.com\/fr\/wp-json\/wp\/v2\/product"}],"about":[{"href":"https:\/\/www.avenuedesigncanada.com\/fr\/wp-json\/wp\/v2\/types\/product"}],"wp:featuredmedia":[{"embeddable":true,"href":"https:\/\/www.avenuedesigncanada.com\/fr\/wp-json\/wp\/v2\/media\/215457"}],"wp:attachment":[{"href":"https:\/\/www.avenuedesigncanada.com\/fr\/wp-json\/wp\/v2\/media?parent=94696"}],"wp:term":[{"taxonomy":"product_brand","embeddable":true,"href":"https:\/\/www.avenuedesigncanada.com\/fr\/wp-json\/wp\/v2\/product_brand?post=94696"},{"taxonomy":"product_cat","embeddable":true,"href":"https:\/\/www.avenuedesigncanada.com\/fr\/wp-json\/wp\/v2\/product_cat?post=94696"},{"taxonomy":"product_tag","embeddable":true,"href":"https:\/\/www.avenuedesigncanada.com\/fr\/wp-json\/wp\/v2\/product_tag?post=94696"}],"curies":[{"name":"wp","href":"https:\/\/api.w.org\/{rel}","templated":true}]}}