{"id":94718,"date":"2021-06-05T17:24:32","date_gmt":"2021-06-05T21:24:32","guid":{"rendered":"https:\/\/www.avenuedesigncanada.com\/product\/ottoman-11\/"},"modified":"2026-02-11T15:58:32","modified_gmt":"2026-02-11T20:58:32","slug":"ottoman-fully-tufted","status":"publish","type":"product","link":"https:\/\/www.avenuedesigncanada.com\/fr\/product\/ottoman-fully-tufted\/","title":{"rendered":"Pouf Fully Tufted"},"content":{"rendered":"<p><em>Caract\u00e9ristiques du pouf enti\u00e8rement capitonn\u00e9 :<\/em><\/p>\n<p>Dessus et c\u00f4t\u00e9s capitonn\u00e9s<\/p>\n<p>Pieds en bois<\/p>\n<p>Une structure en bois massif<\/p>\n<p>Fait au Canada<\/p>\n<p>Options:<\/p>\n<p>Choix de tissu ou cuir<\/p>\n<p>Choix de fini<\/p>\n<p><span style=\"font-weight: 400\">Vous avez des questions sur ce produit ?<\/p>\n<p><\/span><span style=\"font-weight: 400\">Nos designers sont l\u00e0 pour vous aider.<\/span> Appelez-nous au (514) 340-9351.<\/p>\n","protected":false},"excerpt":{"rendered":"<p>Le pouf enti\u00e8rement capitonn\u00e9 respire l&rsquo;\u00e9l\u00e9gance classique et le savoir-faire raffin\u00e9. Avec son assise et ses c\u00f4t\u00e9s magnifiquement capitonn\u00e9s, il ajoute de la texture et de la sophistication \u00e0 n&rsquo;importe quel espace, tandis que ses pieds en bois et son cadre robuste en bois dur garantissent sa durabilit\u00e9 et sa qualit\u00e9 \u00e0 long terme. Fi\u00e8rement fabriqu\u00e9 au Canada, ce pouf est enti\u00e8rement personnalisable avec votre choix de tissu ou de cuir et une s\u00e9lection de finitions en bois, ce qui en fait un \u00e9l\u00e9ment d\u00e9coratif polyvalent et \u00e9l\u00e9gant pour les salons, les chambres \u00e0 coucher ou les coins d\u00e9tente.<\/p>\n","protected":false},"featured_media":400639,"template":"","meta":{"_kad_blocks_custom_css":"","_kad_blocks_head_custom_js":"","_kad_blocks_body_custom_js":"","_kad_blocks_footer_custom_js":"","_kad_post_transparent":"default","_kad_post_title":"","_kad_post_layout":"default","_kad_post_sidebar_id":"","_kad_post_content_style":"default","_kad_post_vertical_padding":"default","_kad_post_feature":"","_kad_post_feature_position":"","_kad_post_header":false,"_kad_post_footer":false,"_kad_post_classname":""},"product_brand":[],"product_cat":[1325,1968],"product_tag":[1371],"class_list":{"0":"post-94718","1":"product","2":"type-product","3":"status-publish","4":"has-post-thumbnail","6":"product_cat-poufs","7":"product_cat-pouf-sur-mesure","8":"product_tag-hkhaju-fr","10":"first","11":"instock","12":"product-type-simple","13":"entry","14":"content-bg","15":"loop-entry"},"taxonomy_info":{"product_cat":[{"value":1325,"label":"Ottomans"},{"value":1968,"label":"pouf sur mesure"}],"product_tag":[{"value":1371,"label":"HKHAJU"}]},"featured_image_src_large":["https:\/\/www.avenuedesigncanada.com\/wp-content\/uploads\/2021\/06\/Fully-Tufted-1.jpg",847,847,false],"author_info":[],"comment_info":"","_links":{"self":[{"href":"https:\/\/www.avenuedesigncanada.com\/fr\/wp-json\/wp\/v2\/product\/94718","targetHints":{"allow":["GET"]}}],"collection":[{"href":"https:\/\/www.avenuedesigncanada.com\/fr\/wp-json\/wp\/v2\/product"}],"about":[{"href":"https:\/\/www.avenuedesigncanada.com\/fr\/wp-json\/wp\/v2\/types\/product"}],"wp:featuredmedia":[{"embeddable":true,"href":"https:\/\/www.avenuedesigncanada.com\/fr\/wp-json\/wp\/v2\/media\/400639"}],"wp:attachment":[{"href":"https:\/\/www.avenuedesigncanada.com\/fr\/wp-json\/wp\/v2\/media?parent=94718"}],"wp:term":[{"taxonomy":"product_brand","embeddable":true,"href":"https:\/\/www.avenuedesigncanada.com\/fr\/wp-json\/wp\/v2\/product_brand?post=94718"},{"taxonomy":"product_cat","embeddable":true,"href":"https:\/\/www.avenuedesigncanada.com\/fr\/wp-json\/wp\/v2\/product_cat?post=94718"},{"taxonomy":"product_tag","embeddable":true,"href":"https:\/\/www.avenuedesigncanada.com\/fr\/wp-json\/wp\/v2\/product_tag?post=94718"}],"curies":[{"name":"wp","href":"https:\/\/api.w.org\/{rel}","templated":true}]}}