{"id":94731,"date":"2021-06-05T17:24:32","date_gmt":"2021-06-05T21:24:32","guid":{"rendered":"https:\/\/www.avenuedesigncanada.com\/product\/fauteuil-pivotant-emerald\/"},"modified":"2026-02-11T15:58:33","modified_gmt":"2026-02-11T20:58:33","slug":"fauteuil-pivotant-emerald","status":"publish","type":"product","link":"https:\/\/www.avenuedesigncanada.com\/fr\/product\/fauteuil-pivotant-emerald\/","title":{"rendered":"Emerald Swivel Chair"},"content":{"rendered":"<p><em>La Chaise Emerald Swivel comprend:<\/em><\/p>\n<p>Coussin d&rsquo;assise en mousse et duvet<br \/>\nPi\u00e8tement pivotant<br \/>\nStructure en bois massif<br \/>\nFabriqu\u00e9 au Canada<\/p>\n<p>Options :<br \/>\nChoix de tissus ou de cuirs<\/p>\n<p>Vous avez des questions sur ce produit ?<br \/>\nNos designers sont l\u00e0 pour vous aider.<br \/>\nAppelez-nous au (514) 340-9351<\/p>\n","protected":false},"excerpt":{"rendered":"<p>Le fauteuil pivotant Emerald offre un m\u00e9lange parfait de confort et de style contemporain. Son assise en mousse recouverte d&rsquo;un rev\u00eatement en duvet synth\u00e9tique offre un confort moelleux et un bon soutien, tandis que sa base pivotante et son cadre en bois massif robuste garantissent \u00e0 la fois fonctionnalit\u00e9 et durabilit\u00e9. Fi\u00e8rement fabriqu\u00e9 au Canada, il est enti\u00e8rement personnalisable avec le tissu ou le cuir de votre choix, ce qui en fait un ajout polyvalent et \u00e9l\u00e9gant \u00e0 tout int\u00e9rieur.  <\/p>\n","protected":false},"featured_media":94733,"template":"","meta":{"_kad_blocks_custom_css":"","_kad_blocks_head_custom_js":"","_kad_blocks_body_custom_js":"","_kad_blocks_footer_custom_js":"","_kad_post_transparent":"","_kad_post_title":"","_kad_post_layout":"","_kad_post_sidebar_id":"","_kad_post_content_style":"","_kad_post_vertical_padding":"","_kad_post_feature":"","_kad_post_feature_position":"","_kad_post_header":false,"_kad_post_footer":false,"_kad_post_classname":""},"product_brand":[],"product_cat":[1965,1320],"product_tag":[1371],"class_list":{"0":"post-94731","1":"product","2":"type-product","3":"status-publish","4":"has-post-thumbnail","6":"product_cat-chaise-sur-mesure","7":"product_cat-fauteuils","8":"product_tag-hkhaju-fr","10":"first","11":"instock","12":"product-type-simple","13":"entry","14":"content-bg","15":"loop-entry"},"taxonomy_info":{"product_cat":[{"value":1965,"label":"Chaise Sur Mesure"},{"value":1320,"label":"Fauteuils"}],"product_tag":[{"value":1371,"label":"HKHAJU"}]},"featured_image_src_large":["https:\/\/www.avenuedesigncanada.com\/wp-content\/uploads\/2021\/06\/emerald-front-1024x1024-1-1024x1024.jpg",1024,1024,true],"author_info":[],"comment_info":"","_links":{"self":[{"href":"https:\/\/www.avenuedesigncanada.com\/fr\/wp-json\/wp\/v2\/product\/94731","targetHints":{"allow":["GET"]}}],"collection":[{"href":"https:\/\/www.avenuedesigncanada.com\/fr\/wp-json\/wp\/v2\/product"}],"about":[{"href":"https:\/\/www.avenuedesigncanada.com\/fr\/wp-json\/wp\/v2\/types\/product"}],"wp:featuredmedia":[{"embeddable":true,"href":"https:\/\/www.avenuedesigncanada.com\/fr\/wp-json\/wp\/v2\/media\/94733"}],"wp:attachment":[{"href":"https:\/\/www.avenuedesigncanada.com\/fr\/wp-json\/wp\/v2\/media?parent=94731"}],"wp:term":[{"taxonomy":"product_brand","embeddable":true,"href":"https:\/\/www.avenuedesigncanada.com\/fr\/wp-json\/wp\/v2\/product_brand?post=94731"},{"taxonomy":"product_cat","embeddable":true,"href":"https:\/\/www.avenuedesigncanada.com\/fr\/wp-json\/wp\/v2\/product_cat?post=94731"},{"taxonomy":"product_tag","embeddable":true,"href":"https:\/\/www.avenuedesigncanada.com\/fr\/wp-json\/wp\/v2\/product_tag?post=94731"}],"curies":[{"name":"wp","href":"https:\/\/api.w.org\/{rel}","templated":true}]}}