{"id":95017,"date":"2021-06-05T17:23:20","date_gmt":"2021-06-05T21:23:20","guid":{"rendered":"https:\/\/www.avenuedesigncanada.com\/product\/newberry-pedestal-dining-table-base\/"},"modified":"2026-02-11T15:58:36","modified_gmt":"2026-02-11T20:58:36","slug":"table-a-diner-ronde-newberry","status":"publish","type":"product","link":"https:\/\/www.avenuedesigncanada.com\/fr\/product\/table-a-diner-ronde-newberry\/","title":{"rendered":"Table \u00e0 diner  ronde Newberry"},"content":{"rendered":"<p><em>Les caract\u00e9ristiques de la Table \u00e0 d\u00eener ronde Newberry:<\/em><\/p>\n<p>Plateau rond en ch\u00eane blanc quart\u00e9, finition Rustic Gray<br \/>\nSocle en fonte et base en bois, finition White Plaster<\/p>\n<p>Vous avez des questions sur ce produit ? Nos concepteurs sont l\u00e0 pour vous aider. Appelez-nous au (514) 340-9351  <\/p>\n","protected":false},"excerpt":{"rendered":"<p>Avenue Design propose une gamme \u00e9clectique de tables artistiques au style r\u00e9solument moderne. La table ronde Newberry associe des textures et des finitions contrast\u00e9es dans un design harmonieux. Le pi\u00e9destal moul\u00e9 et la base en bois sont finis en pl\u00e2tre blanc lisse, tandis que le plateau est en ch\u00eane blanc coup\u00e9 en quatre dans une finition gris rustique. Un grand cube au centre du pi\u00e9destal renforce le th\u00e8me g\u00e9om\u00e9trique des cercles et des carr\u00e9s.   <\/p>\n","protected":false},"featured_media":215046,"template":"","meta":{"_kad_blocks_custom_css":"","_kad_blocks_head_custom_js":"","_kad_blocks_body_custom_js":"","_kad_blocks_footer_custom_js":"","_kad_post_transparent":"","_kad_post_title":"","_kad_post_layout":"","_kad_post_sidebar_id":"","_kad_post_content_style":"","_kad_post_vertical_padding":"","_kad_post_feature":"","_kad_post_feature_position":"","_kad_post_header":false,"_kad_post_footer":false,"_kad_post_classname":""},"product_brand":[],"product_cat":[1306],"product_tag":[1844],"class_list":{"0":"post-95017","1":"product","2":"type-product","3":"status-publish","4":"has-post-thumbnail","6":"product_cat-tables-de-salle-a-manger","7":"product_tag-barcelona-cg-fr-2","9":"first","10":"instock","11":"product-type-simple","12":"entry","13":"content-bg","14":"loop-entry"},"taxonomy_info":{"product_cat":[{"value":1306,"label":"Tables"}],"product_tag":[{"value":1844,"label":"BARCELONA - CG"}]},"featured_image_src_large":["https:\/\/www.avenuedesigncanada.com\/wp-content\/uploads\/2021\/06\/K1259-2-1024x1024.jpg",1024,1024,true],"author_info":[],"comment_info":"","_links":{"self":[{"href":"https:\/\/www.avenuedesigncanada.com\/fr\/wp-json\/wp\/v2\/product\/95017","targetHints":{"allow":["GET"]}}],"collection":[{"href":"https:\/\/www.avenuedesigncanada.com\/fr\/wp-json\/wp\/v2\/product"}],"about":[{"href":"https:\/\/www.avenuedesigncanada.com\/fr\/wp-json\/wp\/v2\/types\/product"}],"wp:featuredmedia":[{"embeddable":true,"href":"https:\/\/www.avenuedesigncanada.com\/fr\/wp-json\/wp\/v2\/media\/215046"}],"wp:attachment":[{"href":"https:\/\/www.avenuedesigncanada.com\/fr\/wp-json\/wp\/v2\/media?parent=95017"}],"wp:term":[{"taxonomy":"product_brand","embeddable":true,"href":"https:\/\/www.avenuedesigncanada.com\/fr\/wp-json\/wp\/v2\/product_brand?post=95017"},{"taxonomy":"product_cat","embeddable":true,"href":"https:\/\/www.avenuedesigncanada.com\/fr\/wp-json\/wp\/v2\/product_cat?post=95017"},{"taxonomy":"product_tag","embeddable":true,"href":"https:\/\/www.avenuedesigncanada.com\/fr\/wp-json\/wp\/v2\/product_tag?post=95017"}],"curies":[{"name":"wp","href":"https:\/\/api.w.org\/{rel}","templated":true}]}}