{"id":95166,"date":"2021-06-05T17:22:56","date_gmt":"2021-06-05T21:22:56","guid":{"rendered":"https:\/\/www.avenuedesigncanada.com\/product\/halden-console-table-84\/"},"modified":"2026-02-11T15:58:37","modified_gmt":"2026-02-11T20:58:37","slug":"console-halden","status":"publish","type":"product","link":"https:\/\/www.avenuedesigncanada.com\/fr\/product\/console-halden\/","title":{"rendered":"Table console Halden"},"content":{"rendered":"<p><em>La table console Halden pr\u00e9sente les caract\u00e9ristiques suivantes :<\/em><br \/>\nTable en fonte martel\u00e9e au fini noirci. Quatre paires de pieds effil\u00e9s et \u00e9lanc\u00e9s avec des bases \u00e0 manchettes. Design contemporain \u00e9pur\u00e9 avec des racines industrielles frappantes.  <\/p>\n<p>Vous avez des questions sur ce produit ?<br \/>\nNos concepteurs sont l\u00e0 pour vous aider.<br \/>\nAppelez-nous au (514) 340-9351<\/p>\n","protected":false},"excerpt":{"rendered":"<p>Issue du design industriel, la table Halden est fabriqu\u00e9e en fonte martel\u00e9e avec une finition noircie. Sa forme \u00e9pur\u00e9e et contemporaine se caract\u00e9rise par quatre paires de pieds effil\u00e9s et \u00e9lanc\u00e9s avec des bases \u00e0 manchettes. Aussi d\u00e9corative que fonctionnelle, la table Halden fait une premi\u00e8re impression saisissante.  <\/p>\n","protected":false},"featured_media":213042,"template":"","meta":{"_kad_blocks_custom_css":"","_kad_blocks_head_custom_js":"","_kad_blocks_body_custom_js":"","_kad_blocks_footer_custom_js":"","_kad_post_transparent":"","_kad_post_title":"","_kad_post_layout":"","_kad_post_sidebar_id":"","_kad_post_content_style":"","_kad_post_vertical_padding":"","_kad_post_feature":"","_kad_post_feature_position":"","_kad_post_header":false,"_kad_post_footer":false,"_kad_post_classname":""},"product_brand":[],"product_cat":[1328],"product_tag":[1844],"class_list":{"0":"post-95166","1":"product","2":"type-product","3":"status-publish","4":"has-post-thumbnail","6":"product_cat-consoles","7":"product_tag-barcelona-cg-fr-2","9":"first","10":"instock","11":"product-type-simple","12":"entry","13":"content-bg","14":"loop-entry"},"taxonomy_info":{"product_cat":[{"value":1328,"label":"Consoles"}],"product_tag":[{"value":1844,"label":"BARCELONA - CG"}]},"featured_image_src_large":["https:\/\/www.avenuedesigncanada.com\/wp-content\/uploads\/2021\/06\/323913-1024x1024.jpg",1024,1024,true],"author_info":[],"comment_info":"","_links":{"self":[{"href":"https:\/\/www.avenuedesigncanada.com\/fr\/wp-json\/wp\/v2\/product\/95166","targetHints":{"allow":["GET"]}}],"collection":[{"href":"https:\/\/www.avenuedesigncanada.com\/fr\/wp-json\/wp\/v2\/product"}],"about":[{"href":"https:\/\/www.avenuedesigncanada.com\/fr\/wp-json\/wp\/v2\/types\/product"}],"wp:featuredmedia":[{"embeddable":true,"href":"https:\/\/www.avenuedesigncanada.com\/fr\/wp-json\/wp\/v2\/media\/213042"}],"wp:attachment":[{"href":"https:\/\/www.avenuedesigncanada.com\/fr\/wp-json\/wp\/v2\/media?parent=95166"}],"wp:term":[{"taxonomy":"product_brand","embeddable":true,"href":"https:\/\/www.avenuedesigncanada.com\/fr\/wp-json\/wp\/v2\/product_brand?post=95166"},{"taxonomy":"product_cat","embeddable":true,"href":"https:\/\/www.avenuedesigncanada.com\/fr\/wp-json\/wp\/v2\/product_cat?post=95166"},{"taxonomy":"product_tag","embeddable":true,"href":"https:\/\/www.avenuedesigncanada.com\/fr\/wp-json\/wp\/v2\/product_tag?post=95166"}],"curies":[{"name":"wp","href":"https:\/\/api.w.org\/{rel}","templated":true}]}}