{"id":95270,"date":"2021-06-05T17:34:20","date_gmt":"2021-06-05T21:34:20","guid":{"rendered":"https:\/\/www.avenuedesigncanada.com\/product\/skye-button-back-metal-frame-chair\/"},"modified":"2026-02-11T15:58:40","modified_gmt":"2026-02-11T20:58:40","slug":"chaise-skye","status":"publish","type":"product","link":"https:\/\/www.avenuedesigncanada.com\/fr\/product\/chaise-skye\/","title":{"rendered":"Chaise Skye"},"content":{"rendered":"<p><span>Standard avec finition en laiton satin\u00e9 sur base m\u00e9tallique<\/span><\/p>\n<p>Options<br \/>\nADisponible en plusieurs tissus ou en cuir<br \/>\nDisponible \u00e9galement avec un dossier uni et un dossier \u00e0 capitonnage vertical.<br \/>\n<span>Finition en acier inoxydable poli \u00e9galement disponible, V972B-CH<\/span><\/p>\n","protected":false},"excerpt":{"rendered":"<p>Standard avec finition en laiton satin\u00e9 sur base m\u00e9tallique Options ADisponible en plusieurs tissus ou en cuir Disponible \u00e9galement avec un dossier uni et un dossier \u00e0 capitonnage vertical. Finition en acier inoxydable poli \u00e9galement disponible, V972B-CH<\/p>\n","protected":false},"featured_media":103876,"template":"","meta":{"_kad_blocks_custom_css":"","_kad_blocks_head_custom_js":"","_kad_blocks_body_custom_js":"","_kad_blocks_footer_custom_js":"","_kad_post_transparent":"","_kad_post_title":"","_kad_post_layout":"","_kad_post_sidebar_id":"","_kad_post_content_style":"","_kad_post_vertical_padding":"","_kad_post_feature":"","_kad_post_feature_position":"","_kad_post_header":false,"_kad_post_footer":false,"_kad_post_classname":""},"product_brand":[],"product_cat":[1302],"product_tag":[1369],"class_list":{"0":"post-95270","1":"product","2":"type-product","3":"status-publish","4":"has-post-thumbnail","6":"product_cat-chaises","7":"product_tag-theodore-fr","9":"first","10":"instock","11":"product-type-simple","12":"entry","13":"content-bg","14":"loop-entry"},"taxonomy_info":{"product_cat":[{"value":1302,"label":"Chaises"}],"product_tag":[{"value":1369,"label":"THEODORE"}]},"featured_image_src_large":["https:\/\/www.avenuedesigncanada.com\/wp-content\/uploads\/2021\/06\/V962B-CH-SB-Novum-Dove-HO-2-1024x1024.jpg",1024,1024,true],"author_info":[],"comment_info":"","_links":{"self":[{"href":"https:\/\/www.avenuedesigncanada.com\/fr\/wp-json\/wp\/v2\/product\/95270","targetHints":{"allow":["GET"]}}],"collection":[{"href":"https:\/\/www.avenuedesigncanada.com\/fr\/wp-json\/wp\/v2\/product"}],"about":[{"href":"https:\/\/www.avenuedesigncanada.com\/fr\/wp-json\/wp\/v2\/types\/product"}],"wp:featuredmedia":[{"embeddable":true,"href":"https:\/\/www.avenuedesigncanada.com\/fr\/wp-json\/wp\/v2\/media\/103876"}],"wp:attachment":[{"href":"https:\/\/www.avenuedesigncanada.com\/fr\/wp-json\/wp\/v2\/media?parent=95270"}],"wp:term":[{"taxonomy":"product_brand","embeddable":true,"href":"https:\/\/www.avenuedesigncanada.com\/fr\/wp-json\/wp\/v2\/product_brand?post=95270"},{"taxonomy":"product_cat","embeddable":true,"href":"https:\/\/www.avenuedesigncanada.com\/fr\/wp-json\/wp\/v2\/product_cat?post=95270"},{"taxonomy":"product_tag","embeddable":true,"href":"https:\/\/www.avenuedesigncanada.com\/fr\/wp-json\/wp\/v2\/product_tag?post=95270"}],"curies":[{"name":"wp","href":"https:\/\/api.w.org\/{rel}","templated":true}]}}