{"id":95302,"date":"2021-06-05T21:35:18","date_gmt":"2021-06-06T01:35:18","guid":{"rendered":"https:\/\/www.avenuedesigncanada.com\/product\/sofa-liberty\/"},"modified":"2026-02-11T15:58:41","modified_gmt":"2026-02-11T20:58:41","slug":"canape-liberty","status":"publish","type":"product","link":"https:\/\/www.avenuedesigncanada.com\/fr\/product\/canape-liberty\/","title":{"rendered":"Canap\u00e9 Liberty"},"content":{"rendered":"<p><em>Le canap\u00e9 Liberty pr\u00e9sente les caract\u00e9ristiques suivantes :<\/em><\/p>\n<p>Si\u00e8ge, int\u00e9rieur du dossier et c\u00f4t\u00e9s touffet\u00e9s<br \/>\nPieds en bois<br \/>\nStructure en bois dur<br \/>\nFabrication canadienne<\/p>\n<p>Options :<br \/>\nChoix de tissu ou de cuir<br \/>\nChoix de couleur de bois<br \/>\n\u00c9galement disponible comme canap\u00e9 d&rsquo;appartement, si\u00e8ge d&rsquo;amour ou chaise<\/p>\n<p>Avez-vous des questions au sujet de ce produit ?<br \/>\nNos designers sont l\u00e0 pour vous aider.<br \/>\nAppelez-nous au (514) 340-9351<\/p>\n","protected":false},"excerpt":{"rendered":"<p>Le canap\u00e9 Liberty est dot\u00e9 d&rsquo;une assise, d&rsquo;un dossier et de c\u00f4t\u00e9s touffet\u00e9s, associ\u00e9s \u00e0 des pieds en bois et \u00e0 un cadre en bois dur. Fabriqu\u00e9 au Canada et disponible en tissu ou en cuir, il est \u00e9galement propos\u00e9 comme canap\u00e9 d&rsquo;appartement, causeuse ou chaise.   <\/p>\n","protected":false},"featured_media":410863,"template":"","meta":{"_kad_blocks_custom_css":"","_kad_blocks_head_custom_js":"","_kad_blocks_body_custom_js":"","_kad_blocks_footer_custom_js":"","_kad_post_transparent":"","_kad_post_title":"","_kad_post_layout":"","_kad_post_sidebar_id":"","_kad_post_content_style":"","_kad_post_vertical_padding":"","_kad_post_feature":"","_kad_post_feature_position":"","_kad_post_header":false,"_kad_post_footer":false,"_kad_post_classname":""},"product_brand":[],"product_cat":[1966,1331],"product_tag":[1371],"class_list":{"0":"post-95302","1":"product","2":"type-product","3":"status-publish","4":"has-post-thumbnail","6":"product_cat-canape-sur-mesure","7":"product_cat-canapes-haut-de-gamme","8":"product_tag-hkhaju-fr","10":"first","11":"instock","12":"product-type-simple","13":"entry","14":"content-bg","15":"loop-entry"},"taxonomy_info":{"product_cat":[{"value":1966,"label":"Canap\u00e9 sur mesure"},{"value":1331,"label":"Canap\u00e9s"}],"product_tag":[{"value":1371,"label":"HKHAJU"}]},"featured_image_src_large":["https:\/\/www.avenuedesigncanada.com\/wp-content\/uploads\/2021\/06\/liberty-1024x1024.png",1024,1024,true],"author_info":[],"comment_info":"","_links":{"self":[{"href":"https:\/\/www.avenuedesigncanada.com\/fr\/wp-json\/wp\/v2\/product\/95302","targetHints":{"allow":["GET"]}}],"collection":[{"href":"https:\/\/www.avenuedesigncanada.com\/fr\/wp-json\/wp\/v2\/product"}],"about":[{"href":"https:\/\/www.avenuedesigncanada.com\/fr\/wp-json\/wp\/v2\/types\/product"}],"wp:featuredmedia":[{"embeddable":true,"href":"https:\/\/www.avenuedesigncanada.com\/fr\/wp-json\/wp\/v2\/media\/410863"}],"wp:attachment":[{"href":"https:\/\/www.avenuedesigncanada.com\/fr\/wp-json\/wp\/v2\/media?parent=95302"}],"wp:term":[{"taxonomy":"product_brand","embeddable":true,"href":"https:\/\/www.avenuedesigncanada.com\/fr\/wp-json\/wp\/v2\/product_brand?post=95302"},{"taxonomy":"product_cat","embeddable":true,"href":"https:\/\/www.avenuedesigncanada.com\/fr\/wp-json\/wp\/v2\/product_cat?post=95302"},{"taxonomy":"product_tag","embeddable":true,"href":"https:\/\/www.avenuedesigncanada.com\/fr\/wp-json\/wp\/v2\/product_tag?post=95302"}],"curies":[{"name":"wp","href":"https:\/\/api.w.org\/{rel}","templated":true}]}}