{"id":95306,"date":"2021-06-05T17:35:18","date_gmt":"2021-06-05T21:35:18","guid":{"rendered":"https:\/\/www.avenuedesigncanada.com\/product\/caledonia-sectional\/"},"modified":"2026-02-11T15:58:41","modified_gmt":"2026-02-11T20:58:41","slug":"caledonia-sectional","status":"publish","type":"product","link":"https:\/\/www.avenuedesigncanada.com\/fr\/product\/caledonia-sectional\/","title":{"rendered":"Sectionnel Caledonia"},"content":{"rendered":"<p><em><span style=\"font-weight: 400;\">Caract\u00e9ristiques du canap\u00e9 modulable Caledonia:<\/span><\/em><\/p>\n<p>Des coussins de dossier en Poly\/Duvet<\/p>\n<p>Des coussins d\u2019assise en mousse avec housse de duvet<\/p>\n<p>Des pattes en bois<\/p>\n<p>Une structure en bois massif<\/p>\n<p>Fait au Canada<\/p>\n<p>Options:<\/p>\n<p>Disponible en diff\u00e9rents tissus ou cuirs<\/p>\n<p>Disponible en diff\u00e9rents finis de bois<\/p>\n<p>Disponible en diff\u00e9rentes configurations, ainsi qu&rsquo;en causeuse, sofa et fauteuil<\/p>\n<p><span style=\"font-weight: 400;\">Vous avez des questions sur ce produit ?<\/p>\n<p><\/span><span style=\"font-weight: 400;\">Nos designers sont l\u00e0 pour vous aider.<\/span> <span style=\"font-weight: 400;\">Appelez-nous au (514) 340-9351.<\/span><\/p>\n<p>&nbsp;<\/p>\n","protected":false},"excerpt":{"rendered":"<p>Le canap\u00e9 modulable Caledonia allie un confort luxueux \u00e0 un design intemporel et \u00e0 un savoir-faire artisanal sup\u00e9rieur. Dot\u00e9 de coussins de dossier moelleux en polyester et en duvet et de coussins d&rsquo;assise en mousse \u00e0 m\u00e9moire de forme recouverts d&rsquo;un m\u00e9lange de duvet doux, il offre une exp\u00e9rience d&rsquo;assise accueillante et relaxante. Dot\u00e9 d&rsquo;\u00e9l\u00e9gants pieds en bois et construit sur un cadre en bois massif, ce canap\u00e9 d&rsquo;angle fabriqu\u00e9 au Canada est con\u00e7u pour offrir une durabilit\u00e9 \u00e0 toute \u00e9preuve et une sophistication au quotidien. Le canap\u00e9 d&rsquo;angle Caledonia apporte chaleur, style et confort raffin\u00e9 \u00e0 tout espace de vie.<\/p>\n","protected":false},"featured_media":410895,"template":"","meta":{"_kad_blocks_custom_css":"","_kad_blocks_head_custom_js":"","_kad_blocks_body_custom_js":"","_kad_blocks_footer_custom_js":"","_kad_post_transparent":"default","_kad_post_title":"","_kad_post_layout":"default","_kad_post_sidebar_id":"","_kad_post_content_style":"default","_kad_post_vertical_padding":"default","_kad_post_feature":"","_kad_post_feature_position":"","_kad_post_header":false,"_kad_post_footer":false,"_kad_post_classname":""},"product_brand":[],"product_cat":[1324,1967],"product_tag":[1371],"class_list":{"0":"post-95306","1":"product","2":"type-product","3":"status-publish","4":"has-post-thumbnail","6":"product_cat-meubles-modulaires","7":"product_cat-modulaire-sur-mesure","8":"product_tag-hkhaju-fr","10":"first","11":"instock","12":"product-type-simple","13":"entry","14":"content-bg","15":"loop-entry"},"taxonomy_info":{"product_cat":[{"value":1324,"label":"Meubles modulaires"},{"value":1967,"label":"modulaire sur mesure"}],"product_tag":[{"value":1371,"label":"HKHAJU"}]},"featured_image_src_large":["https:\/\/www.avenuedesigncanada.com\/wp-content\/uploads\/2021\/06\/caledonia-1-1024x1024.png",1024,1024,true],"author_info":[],"comment_info":"","_links":{"self":[{"href":"https:\/\/www.avenuedesigncanada.com\/fr\/wp-json\/wp\/v2\/product\/95306","targetHints":{"allow":["GET"]}}],"collection":[{"href":"https:\/\/www.avenuedesigncanada.com\/fr\/wp-json\/wp\/v2\/product"}],"about":[{"href":"https:\/\/www.avenuedesigncanada.com\/fr\/wp-json\/wp\/v2\/types\/product"}],"wp:featuredmedia":[{"embeddable":true,"href":"https:\/\/www.avenuedesigncanada.com\/fr\/wp-json\/wp\/v2\/media\/410895"}],"wp:attachment":[{"href":"https:\/\/www.avenuedesigncanada.com\/fr\/wp-json\/wp\/v2\/media?parent=95306"}],"wp:term":[{"taxonomy":"product_brand","embeddable":true,"href":"https:\/\/www.avenuedesigncanada.com\/fr\/wp-json\/wp\/v2\/product_brand?post=95306"},{"taxonomy":"product_cat","embeddable":true,"href":"https:\/\/www.avenuedesigncanada.com\/fr\/wp-json\/wp\/v2\/product_cat?post=95306"},{"taxonomy":"product_tag","embeddable":true,"href":"https:\/\/www.avenuedesigncanada.com\/fr\/wp-json\/wp\/v2\/product_tag?post=95306"}],"curies":[{"name":"wp","href":"https:\/\/api.w.org\/{rel}","templated":true}]}}