{"id":95448,"date":"2021-06-05T21:35:18","date_gmt":"2021-06-06T01:35:18","guid":{"rendered":"https:\/\/www.avenuedesigncanada.com\/product\/fauteuil-pivotant-inca\/"},"modified":"2026-02-11T15:58:43","modified_gmt":"2026-02-11T20:58:43","slug":"fauteuil-pivotant-inca","status":"publish","type":"product","link":"https:\/\/www.avenuedesigncanada.com\/fr\/product\/fauteuil-pivotant-inca\/","title":{"rendered":"Inca Swivel Chair"},"content":{"rendered":"<p><em>La chaise pivotante Inca pr\u00e9sente les caract\u00e9ristiques suivantes :<\/em><\/p>\n<p>Un coussin de dos en Poly\/Duvet<\/p>\n<p>Un coussin d\u2019assise en mousse recouvert de duvet<\/p>\n<p>Base pivotante et accoudoirs en bois<\/p>\n<p>Une structure en bois massif<\/p>\n<p>Fait au Canada<\/p>\n<p>Options:<\/p>\n<p>Choix de tissu ou cuir<\/p>\n<p>Choix de fini<\/p>\n<p>Vous avez des questions sur ce produit ?<\/p>\n<p>Nos designers sont l\u00e0 pour vous aider.<\/p>\n<p>Appelez-nous au (514) 340-9351<\/p>\n","protected":false},"excerpt":{"rendered":"<p>Alliant un confort luxueux \u00e0 un design sophistiqu\u00e9, cette chaise est dot\u00e9e d&rsquo;un coussin de dossier en poly\/duvet et d&rsquo;une assise en mousse envelopp\u00e9e d&rsquo;un m\u00e9lange de duvet pour un soutien exceptionnel. Sa base pivotante et ses \u00e9l\u00e9gants bras en bois ajoutent \u00e0 la fois fonctionnalit\u00e9 et style, tandis que le cadre en bois dur robuste garantit une durabilit\u00e9 \u00e0 long terme. Fi\u00e8rement fabriqu\u00e9 au Canada, il est enti\u00e8rement personnalisable avec votre choix de tissu ou de cuir et une vari\u00e9t\u00e9 de finitions en bois, ce qui en fait un ajout polyvalent et raffin\u00e9 \u00e0 tout int\u00e9rieur.<\/p>\n","protected":false},"featured_media":81207,"template":"","meta":{"_kad_blocks_custom_css":"","_kad_blocks_head_custom_js":"","_kad_blocks_body_custom_js":"","_kad_blocks_footer_custom_js":"","_kad_post_transparent":"","_kad_post_title":"","_kad_post_layout":"","_kad_post_sidebar_id":"","_kad_post_content_style":"","_kad_post_vertical_padding":"","_kad_post_feature":"","_kad_post_feature_position":"","_kad_post_header":false,"_kad_post_footer":false,"_kad_post_classname":""},"product_brand":[],"product_cat":[1965,1320],"product_tag":[1371],"class_list":{"0":"post-95448","1":"product","2":"type-product","3":"status-publish","4":"has-post-thumbnail","6":"product_cat-chaise-sur-mesure","7":"product_cat-fauteuils","8":"product_tag-hkhaju-fr","10":"first","11":"instock","12":"product-type-simple","13":"entry","14":"content-bg","15":"loop-entry"},"taxonomy_info":{"product_cat":[{"value":1965,"label":"Chaise Sur Mesure"},{"value":1320,"label":"Fauteuils"}],"product_tag":[{"value":1371,"label":"HKHAJU"}]},"featured_image_src_large":["https:\/\/www.avenuedesigncanada.com\/wp-content\/uploads\/2021\/02\/Inca-Angle-1024x930-1.jpg",888,824,false],"author_info":[],"comment_info":"","_links":{"self":[{"href":"https:\/\/www.avenuedesigncanada.com\/fr\/wp-json\/wp\/v2\/product\/95448","targetHints":{"allow":["GET"]}}],"collection":[{"href":"https:\/\/www.avenuedesigncanada.com\/fr\/wp-json\/wp\/v2\/product"}],"about":[{"href":"https:\/\/www.avenuedesigncanada.com\/fr\/wp-json\/wp\/v2\/types\/product"}],"wp:featuredmedia":[{"embeddable":true,"href":"https:\/\/www.avenuedesigncanada.com\/fr\/wp-json\/wp\/v2\/media\/81207"}],"wp:attachment":[{"href":"https:\/\/www.avenuedesigncanada.com\/fr\/wp-json\/wp\/v2\/media?parent=95448"}],"wp:term":[{"taxonomy":"product_brand","embeddable":true,"href":"https:\/\/www.avenuedesigncanada.com\/fr\/wp-json\/wp\/v2\/product_brand?post=95448"},{"taxonomy":"product_cat","embeddable":true,"href":"https:\/\/www.avenuedesigncanada.com\/fr\/wp-json\/wp\/v2\/product_cat?post=95448"},{"taxonomy":"product_tag","embeddable":true,"href":"https:\/\/www.avenuedesigncanada.com\/fr\/wp-json\/wp\/v2\/product_tag?post=95448"}],"curies":[{"name":"wp","href":"https:\/\/api.w.org\/{rel}","templated":true}]}}