{"id":95488,"date":"2021-06-05T17:35:50","date_gmt":"2021-06-05T21:35:50","guid":{"rendered":"https:\/\/www.avenuedesigncanada.com\/product\/parkin-nightstand\/"},"modified":"2026-02-11T15:58:43","modified_gmt":"2026-02-11T20:58:43","slug":"parkin-nightstand","status":"publish","type":"product","link":"https:\/\/www.avenuedesigncanada.com\/fr\/product\/parkin-nightstand\/","title":{"rendered":"Table de nuit Parkin"},"content":{"rendered":"<p><em>La table de nuit Parkin pr\u00e9sente les caract\u00e9ristiques suivantes :<\/em><br \/>\nPeau de b\u00eate grise avec couture sellier<br \/>\nTrois tiroirs<br \/>\nSocle en acier inoxydable poli<\/p>\n<p>Avez-vous des questions \u00e0 propos de ce produit ? Nos designers sont l\u00e0 pour vous aider.  Appelez-nous au (514) 340-9351<\/p>\n","protected":false},"excerpt":{"rendered":"<p>Habill\u00e9e d&rsquo;un luxueux cuir gris surpiqu\u00e9, la table de nuit Parkin offre une texture audacieuse et un savoir-faire raffin\u00e9. Trois tiroirs offrent un grand espace de rangement, tandis que le socle en acier inoxydable poli ajoute une finition \u00e9l\u00e9gante et contemporaine. <\/p>\n","protected":false},"featured_media":106396,"template":"","meta":{"_kad_blocks_custom_css":"","_kad_blocks_head_custom_js":"","_kad_blocks_body_custom_js":"","_kad_blocks_footer_custom_js":"","_kad_post_transparent":"","_kad_post_title":"","_kad_post_layout":"","_kad_post_sidebar_id":"","_kad_post_content_style":"","_kad_post_vertical_padding":"","_kad_post_feature":"","_kad_post_feature_position":"","_kad_post_header":false,"_kad_post_footer":false,"_kad_post_classname":""},"product_brand":[],"product_cat":[1299],"product_tag":[1844],"class_list":{"0":"post-95488","1":"product","2":"type-product","3":"status-publish","4":"has-post-thumbnail","6":"product_cat-tables-de-nuit","7":"product_tag-barcelona-cg-fr-2","9":"first","10":"instock","11":"product-type-simple","12":"entry","13":"content-bg","14":"loop-entry"},"taxonomy_info":{"product_cat":[{"value":1299,"label":"Tables de chevet"}],"product_tag":[{"value":1844,"label":"BARCELONA - CG"}]},"featured_image_src_large":["https:\/\/www.avenuedesigncanada.com\/wp-content\/uploads\/2021\/06\/2017_Bernhardt_Interiors_Parkin_Nightstand_369-031-2-1024x1024.jpg",1024,1024,true],"author_info":[],"comment_info":"","_links":{"self":[{"href":"https:\/\/www.avenuedesigncanada.com\/fr\/wp-json\/wp\/v2\/product\/95488","targetHints":{"allow":["GET"]}}],"collection":[{"href":"https:\/\/www.avenuedesigncanada.com\/fr\/wp-json\/wp\/v2\/product"}],"about":[{"href":"https:\/\/www.avenuedesigncanada.com\/fr\/wp-json\/wp\/v2\/types\/product"}],"wp:featuredmedia":[{"embeddable":true,"href":"https:\/\/www.avenuedesigncanada.com\/fr\/wp-json\/wp\/v2\/media\/106396"}],"wp:attachment":[{"href":"https:\/\/www.avenuedesigncanada.com\/fr\/wp-json\/wp\/v2\/media?parent=95488"}],"wp:term":[{"taxonomy":"product_brand","embeddable":true,"href":"https:\/\/www.avenuedesigncanada.com\/fr\/wp-json\/wp\/v2\/product_brand?post=95488"},{"taxonomy":"product_cat","embeddable":true,"href":"https:\/\/www.avenuedesigncanada.com\/fr\/wp-json\/wp\/v2\/product_cat?post=95488"},{"taxonomy":"product_tag","embeddable":true,"href":"https:\/\/www.avenuedesigncanada.com\/fr\/wp-json\/wp\/v2\/product_tag?post=95488"}],"curies":[{"name":"wp","href":"https:\/\/api.w.org\/{rel}","templated":true}]}}