{"id":95496,"date":"2021-06-05T17:35:50","date_gmt":"2021-06-05T21:35:50","guid":{"rendered":"https:\/\/www.avenuedesigncanada.com\/product\/blanca-nightstand-2\/"},"modified":"2026-02-11T15:58:44","modified_gmt":"2026-02-11T20:58:44","slug":"table-de-chevet-blanca-2","status":"publish","type":"product","link":"https:\/\/www.avenuedesigncanada.com\/fr\/product\/table-de-chevet-blanca-2\/","title":{"rendered":"Table de nuit Blanca"},"content":{"rendered":"<p><em>La table de nuit Blanca pr\u00e9sente les caract\u00e9ristiques suivantes :<\/em><br \/>\nAcier inoxydable massif et tubulaire poli<br \/>\nInsertion de verre Snow sur le dessus, les panneaux d&rsquo;extr\u00e9mit\u00e9 et les fa\u00e7ades de tiroir<br \/>\nTrois tiroirs avec int\u00e9rieur peint en blanc<br \/>\nGlissi\u00e8res r\u00e9glables<\/p>\n<p>Avez-vous des questions \u00e0 propos de ce produit ? Nos designers sont l\u00e0 pour vous aider.  Appelez-nous au (514) 340-9351<\/p>\n","protected":false},"excerpt":{"rendered":"<p>\u00c9l\u00e9gante et glamour, la table de nuit Blanca pr\u00e9sente un cadre en acier inoxydable poli avec des inserts en verre Snow sur le dessus, les c\u00f4t\u00e9s et les fa\u00e7ades des tiroirs. Trois tiroirs \u00e0 l&rsquo;int\u00e9rieur d&rsquo;un blanc \u00e9clatant cr\u00e9ent une table de chevet sophistiqu\u00e9e avec une touche de modernit\u00e9. <\/p>\n","protected":false},"featured_media":386940,"template":"","meta":{"_kad_blocks_custom_css":"","_kad_blocks_head_custom_js":"","_kad_blocks_body_custom_js":"","_kad_blocks_footer_custom_js":"","_kad_post_transparent":"","_kad_post_title":"","_kad_post_layout":"","_kad_post_sidebar_id":"","_kad_post_content_style":"","_kad_post_vertical_padding":"","_kad_post_feature":"","_kad_post_feature_position":"","_kad_post_header":false,"_kad_post_footer":false,"_kad_post_classname":""},"product_brand":[],"product_cat":[1299],"product_tag":[1844],"class_list":{"0":"post-95496","1":"product","2":"type-product","3":"status-publish","4":"has-post-thumbnail","6":"product_cat-tables-de-nuit","7":"product_tag-barcelona-cg-fr-2","9":"first","10":"instock","11":"product-type-simple","12":"entry","13":"content-bg","14":"loop-entry"},"taxonomy_info":{"product_cat":[{"value":1299,"label":"Tables de chevet"}],"product_tag":[{"value":1844,"label":"BARCELONA - CG"}]},"featured_image_src_large":["https:\/\/www.avenuedesigncanada.com\/wp-content\/uploads\/2021\/06\/372214-2-1024x1024.jpg",1024,1024,true],"author_info":[],"comment_info":"","_links":{"self":[{"href":"https:\/\/www.avenuedesigncanada.com\/fr\/wp-json\/wp\/v2\/product\/95496","targetHints":{"allow":["GET"]}}],"collection":[{"href":"https:\/\/www.avenuedesigncanada.com\/fr\/wp-json\/wp\/v2\/product"}],"about":[{"href":"https:\/\/www.avenuedesigncanada.com\/fr\/wp-json\/wp\/v2\/types\/product"}],"wp:featuredmedia":[{"embeddable":true,"href":"https:\/\/www.avenuedesigncanada.com\/fr\/wp-json\/wp\/v2\/media\/386940"}],"wp:attachment":[{"href":"https:\/\/www.avenuedesigncanada.com\/fr\/wp-json\/wp\/v2\/media?parent=95496"}],"wp:term":[{"taxonomy":"product_brand","embeddable":true,"href":"https:\/\/www.avenuedesigncanada.com\/fr\/wp-json\/wp\/v2\/product_brand?post=95496"},{"taxonomy":"product_cat","embeddable":true,"href":"https:\/\/www.avenuedesigncanada.com\/fr\/wp-json\/wp\/v2\/product_cat?post=95496"},{"taxonomy":"product_tag","embeddable":true,"href":"https:\/\/www.avenuedesigncanada.com\/fr\/wp-json\/wp\/v2\/product_tag?post=95496"}],"curies":[{"name":"wp","href":"https:\/\/api.w.org\/{rel}","templated":true}]}}