{"id":95623,"date":"2021-06-05T17:36:18","date_gmt":"2021-06-05T21:36:18","guid":{"rendered":"https:\/\/www.avenuedesigncanada.com\/product\/holland-side-table-2\/"},"modified":"2026-02-11T15:58:44","modified_gmt":"2026-02-11T20:58:44","slug":"holland-side-table-2","status":"publish","type":"product","link":"https:\/\/www.avenuedesigncanada.com\/fr\/product\/holland-side-table-2\/","title":{"rendered":"Table de chevet Holland"},"content":{"rendered":"<p><em>La table d&rsquo;appoint Holland pr\u00e9sente les caract\u00e9ristiques suivantes :<\/em><br \/>\nSolides et placages en h\u00eatre europ\u00e9en<br \/>\nUn tiroir et une \u00e9tag\u00e8re fixe<br \/>\nFait partie du programme MIY Bedroom avec bo\u00eetier, face, pieds et options de quincaillerie<br \/>\nOptions de finition : Teinture, peinture, peinture m\u00e9tallis\u00e9e, Artisan, MIY, Premium Leaf<\/p>\n<p>Avez-vous des questions \u00e0 propos de ce produit ? Nos designers sont l\u00e0 pour vous aider.  Appelez-nous au (514) 340-9351<\/p>\n","protected":false},"excerpt":{"rendered":"<p>Intemporelle et polyvalente, la table d&rsquo;appoint Holland se compose de bois de h\u00eatre europ\u00e9en massif et de placages, d&rsquo;un tiroir et d&rsquo;une \u00e9tag\u00e8re inf\u00e9rieure fixe. Faisant partie du programme MIY Bedroom, elle offre une personnalisation pouss\u00e9e des finitions, des pieds et de la quincaillerie pour s&rsquo;adapter \u00e0 tous les styles d&rsquo;int\u00e9rieur. <\/p>\n","protected":false},"featured_media":106199,"template":"","meta":{"_kad_blocks_custom_css":"","_kad_blocks_head_custom_js":"","_kad_blocks_body_custom_js":"","_kad_blocks_footer_custom_js":"","_kad_post_transparent":"","_kad_post_title":"","_kad_post_layout":"","_kad_post_sidebar_id":"","_kad_post_content_style":"","_kad_post_vertical_padding":"","_kad_post_feature":"","_kad_post_feature_position":"","_kad_post_header":false,"_kad_post_footer":false,"_kad_post_classname":""},"product_brand":[],"product_cat":[1299],"product_tag":[1369],"class_list":{"0":"post-95623","1":"product","2":"type-product","3":"status-publish","4":"has-post-thumbnail","6":"product_cat-tables-de-nuit","7":"product_tag-theodore-fr","9":"first","10":"instock","11":"product-type-simple","12":"entry","13":"content-bg","14":"loop-entry"},"taxonomy_info":{"product_cat":[{"value":1299,"label":"Tables de chevet"}],"product_tag":[{"value":1369,"label":"THEODORE"}]},"featured_image_src_large":["https:\/\/www.avenuedesigncanada.com\/wp-content\/uploads\/2021\/06\/CC10C-LV-w-Charcoal-Shagreen-HO-3-1024x1024.jpg",1024,1024,true],"author_info":[],"comment_info":"","_links":{"self":[{"href":"https:\/\/www.avenuedesigncanada.com\/fr\/wp-json\/wp\/v2\/product\/95623","targetHints":{"allow":["GET"]}}],"collection":[{"href":"https:\/\/www.avenuedesigncanada.com\/fr\/wp-json\/wp\/v2\/product"}],"about":[{"href":"https:\/\/www.avenuedesigncanada.com\/fr\/wp-json\/wp\/v2\/types\/product"}],"wp:featuredmedia":[{"embeddable":true,"href":"https:\/\/www.avenuedesigncanada.com\/fr\/wp-json\/wp\/v2\/media\/106199"}],"wp:attachment":[{"href":"https:\/\/www.avenuedesigncanada.com\/fr\/wp-json\/wp\/v2\/media?parent=95623"}],"wp:term":[{"taxonomy":"product_brand","embeddable":true,"href":"https:\/\/www.avenuedesigncanada.com\/fr\/wp-json\/wp\/v2\/product_brand?post=95623"},{"taxonomy":"product_cat","embeddable":true,"href":"https:\/\/www.avenuedesigncanada.com\/fr\/wp-json\/wp\/v2\/product_cat?post=95623"},{"taxonomy":"product_tag","embeddable":true,"href":"https:\/\/www.avenuedesigncanada.com\/fr\/wp-json\/wp\/v2\/product_tag?post=95623"}],"curies":[{"name":"wp","href":"https:\/\/api.w.org\/{rel}","templated":true}]}}