{"id":95753,"date":"2021-06-05T17:36:43","date_gmt":"2021-06-05T21:36:43","guid":{"rendered":"https:\/\/www.avenuedesigncanada.com\/product\/kelsey-king-platform-bed\/"},"modified":"2026-02-11T15:58:49","modified_gmt":"2026-02-11T20:58:49","slug":"lit-kelsey","status":"publish","type":"product","link":"https:\/\/www.avenuedesigncanada.com\/fr\/product\/lit-kelsey\/","title":{"rendered":"Lit Kelsey"},"content":{"rendered":"<p><em>Les caract\u00e9ristiques du Kelsey:<\/em><\/p>\n<p>T\u00eate de lit \u00e0 capitonnage horizontal<\/p>\n<p>Bois d&rsquo;\u00e9rable<\/p>\n<p>Fait partie du programme \u00abMIY Sleep On It Beds\u00bb<\/p>\n<p>Doit choisir le style de pied : Pieds fusel\u00e9s, pieds en \u00e9querre, pieds tourn\u00e9s, pieds tourn\u00e9s avec embout, pieds en m\u00e9tal.<\/p>\n<p class=\"title\">Options<\/p>\n<p>Choix de tissu<\/p>\n<p>Teinture, Peinture, Peinture m\u00e9talique, fini Artisan, MIY, Premium Lea<\/p>\n<p>Offert en lit Queen, 67 x 88 x 76&Prime;h<\/p>\n<p><span style=\"font-weight: 400;\">Vous avez des questions sur ce produit ?<\/p>\n<p><\/span><span style=\"font-weight: 400;\">Nos designers sont l\u00e0 pour vous aider.<\/span> <span style=\"font-weight: 400;\">Appelez-nous au (514) 340-9351.<\/span><\/p>\n","protected":false},"excerpt":{"rendered":"<p>Le lit Kelsey allie \u00e9l\u00e9gance contemporaine et design personnalis\u00e9. Dot\u00e9 d&rsquo;une t\u00eate de lit capitonn\u00e9e fabriqu\u00e9e \u00e0 partir de bois d&rsquo;\u00e9rable durable, il offre \u00e0 la fois confort et style intemporel. Dans le cadre du programme MIY Sleep On It Beds, ce lit vous permet de choisir le style de pieds que vous pr\u00e9f\u00e9rez, afin que vous puissiez adapter le design \u00e0 l&rsquo;esth\u00e9tique de votre chambre \u00e0 coucher.<\/p>\n","protected":false},"featured_media":214259,"template":"","meta":{"_kad_blocks_custom_css":"","_kad_blocks_head_custom_js":"","_kad_blocks_body_custom_js":"","_kad_blocks_footer_custom_js":"","_kad_post_transparent":"default","_kad_post_title":"","_kad_post_layout":"default","_kad_post_sidebar_id":"","_kad_post_content_style":"default","_kad_post_vertical_padding":"default","_kad_post_feature":"","_kad_post_feature_position":"","_kad_post_header":false,"_kad_post_footer":false,"_kad_post_classname":""},"product_brand":[],"product_cat":[1296],"product_tag":[1369],"class_list":{"0":"post-95753","1":"product","2":"type-product","3":"status-publish","4":"has-post-thumbnail","6":"product_cat-lits","7":"product_tag-theodore-fr","9":"first","10":"instock","11":"product-type-simple","12":"entry","13":"content-bg","14":"loop-entry"},"taxonomy_info":{"product_cat":[{"value":1296,"label":"Lits"}],"product_tag":[{"value":1369,"label":"THEODORE"}]},"featured_image_src_large":["https:\/\/www.avenuedesigncanada.com\/wp-content\/uploads\/2021\/06\/T592DK-PF-Jarrett-Natural_HV_no-molding_ho-2-1024x1024.jpg",1024,1024,true],"author_info":[],"comment_info":"","_links":{"self":[{"href":"https:\/\/www.avenuedesigncanada.com\/fr\/wp-json\/wp\/v2\/product\/95753","targetHints":{"allow":["GET"]}}],"collection":[{"href":"https:\/\/www.avenuedesigncanada.com\/fr\/wp-json\/wp\/v2\/product"}],"about":[{"href":"https:\/\/www.avenuedesigncanada.com\/fr\/wp-json\/wp\/v2\/types\/product"}],"wp:featuredmedia":[{"embeddable":true,"href":"https:\/\/www.avenuedesigncanada.com\/fr\/wp-json\/wp\/v2\/media\/214259"}],"wp:attachment":[{"href":"https:\/\/www.avenuedesigncanada.com\/fr\/wp-json\/wp\/v2\/media?parent=95753"}],"wp:term":[{"taxonomy":"product_brand","embeddable":true,"href":"https:\/\/www.avenuedesigncanada.com\/fr\/wp-json\/wp\/v2\/product_brand?post=95753"},{"taxonomy":"product_cat","embeddable":true,"href":"https:\/\/www.avenuedesigncanada.com\/fr\/wp-json\/wp\/v2\/product_cat?post=95753"},{"taxonomy":"product_tag","embeddable":true,"href":"https:\/\/www.avenuedesigncanada.com\/fr\/wp-json\/wp\/v2\/product_tag?post=95753"}],"curies":[{"name":"wp","href":"https:\/\/api.w.org\/{rel}","templated":true}]}}