{"id":95939,"date":"2021-06-05T17:37:21","date_gmt":"2021-06-05T21:37:21","guid":{"rendered":"https:\/\/www.avenuedesigncanada.com\/product\/barrett-bed\/"},"modified":"2026-02-11T15:58:50","modified_gmt":"2026-02-11T20:58:50","slug":"lit-barrett","status":"publish","type":"product","link":"https:\/\/www.avenuedesigncanada.com\/fr\/product\/lit-barrett\/","title":{"rendered":"Lit Barrett"},"content":{"rendered":"<p><em><span style=\"font-weight: 400;\">Caract\u00e9ristiques du lit Barrett:<\/span><\/p>\n<p>T\u00eate de lit capitonn\u00e9e<\/p>\n<p>Bois d&rsquo;\u00e9rable<\/p>\n<p><\/em><\/p>\n<p>Options<\/p>\n<p>Teinture, Peinture, Peinture m\u00e9talique, fini Artisan, MIY, Premium Leaf<\/p>\n<p>Disponible avec clous<\/p>\n<p>Disponibles dans une multitudes de tissus ou cuirs<\/p>\n<p>Offert en lit Queen, 72 x 90 x 62.5h<\/p>\n<p><span style=\"font-weight: 400;\">Vous avez des questions sur ce produit ?<\/p>\n<p><\/span><span style=\"font-weight: 400;\">Nos designers sont l\u00e0 pour vous aider.<\/span> <span style=\"font-weight: 400;\">Appelez-nous au (514) 340-9351.<\/span><\/p>\n","protected":false},"excerpt":{"rendered":"<p>Le lit Barrett allie \u00e9l\u00e9gance classique et savoir-faire raffin\u00e9. Dot\u00e9 d&rsquo;une t\u00eate de lit magnifiquement capitonn\u00e9e et fabriqu\u00e9 \u00e0 partir de bois d&rsquo;\u00e9rable durable, il offre \u00e0 la fois style et qualit\u00e9 durable. Son design intemporel fait du lit Barrett une pi\u00e8ce ma\u00eetresse sophistiqu\u00e9e pour toute chambre \u00e0 coucher.<\/p>\n","protected":false},"featured_media":218541,"template":"","meta":{"_kad_blocks_custom_css":"","_kad_blocks_head_custom_js":"","_kad_blocks_body_custom_js":"","_kad_blocks_footer_custom_js":"","_kad_post_transparent":"default","_kad_post_title":"","_kad_post_layout":"default","_kad_post_sidebar_id":"","_kad_post_content_style":"default","_kad_post_vertical_padding":"default","_kad_post_feature":"","_kad_post_feature_position":"","_kad_post_header":false,"_kad_post_footer":false,"_kad_post_classname":""},"product_brand":[],"product_cat":[1296],"product_tag":[1369],"class_list":{"0":"post-95939","1":"product","2":"type-product","3":"status-publish","4":"has-post-thumbnail","6":"product_cat-lits","7":"product_tag-theodore-fr","9":"first","10":"instock","11":"product-type-simple","12":"entry","13":"content-bg","14":"loop-entry"},"taxonomy_info":{"product_cat":[{"value":1296,"label":"Lits"}],"product_tag":[{"value":1369,"label":"THEODORE"}]},"featured_image_src_large":["https:\/\/www.avenuedesigncanada.com\/wp-content\/uploads\/2021\/06\/W526K-HF-Novum-Dove_white-duvet-1024x1024.jpg",1024,1024,true],"author_info":[],"comment_info":"","_links":{"self":[{"href":"https:\/\/www.avenuedesigncanada.com\/fr\/wp-json\/wp\/v2\/product\/95939","targetHints":{"allow":["GET"]}}],"collection":[{"href":"https:\/\/www.avenuedesigncanada.com\/fr\/wp-json\/wp\/v2\/product"}],"about":[{"href":"https:\/\/www.avenuedesigncanada.com\/fr\/wp-json\/wp\/v2\/types\/product"}],"wp:featuredmedia":[{"embeddable":true,"href":"https:\/\/www.avenuedesigncanada.com\/fr\/wp-json\/wp\/v2\/media\/218541"}],"wp:attachment":[{"href":"https:\/\/www.avenuedesigncanada.com\/fr\/wp-json\/wp\/v2\/media?parent=95939"}],"wp:term":[{"taxonomy":"product_brand","embeddable":true,"href":"https:\/\/www.avenuedesigncanada.com\/fr\/wp-json\/wp\/v2\/product_brand?post=95939"},{"taxonomy":"product_cat","embeddable":true,"href":"https:\/\/www.avenuedesigncanada.com\/fr\/wp-json\/wp\/v2\/product_cat?post=95939"},{"taxonomy":"product_tag","embeddable":true,"href":"https:\/\/www.avenuedesigncanada.com\/fr\/wp-json\/wp\/v2\/product_tag?post=95939"}],"curies":[{"name":"wp","href":"https:\/\/api.w.org\/{rel}","templated":true}]}}