{"id":96164,"date":"2021-02-06T21:37:47","date_gmt":"2021-02-07T02:37:47","guid":{"rendered":"https:\/\/www.avenuedesigncanada.com\/product\/ashley-ottoman\/"},"modified":"2026-02-11T15:58:53","modified_gmt":"2026-02-11T20:58:53","slug":"ashley-ottoman","status":"publish","type":"product","link":"https:\/\/www.avenuedesigncanada.com\/fr\/product\/ashley-ottoman\/","title":{"rendered":"Pouf Ashley"},"content":{"rendered":"<p><em>Caract\u00e9ristiques du pouf Ashley :<\/em><\/p>\n<p>Un dessus capitonn\u00e9<\/p>\n<p>Des pieds en bois<\/p>\n<p>Une structure en bois massif<\/p>\n<p>Fait au Canada<\/p>\n<p>Options:<\/p>\n<p>Choix de tissu ou cuir<\/p>\n<p>Choix de fini du bois<\/p>\n<p><span style=\"font-weight: 400;\">Vous avez des questions sur ce produit ?<\/p>\n<p><\/span><span style=\"font-weight: 400;\">Nos designers sont l\u00e0 pour vous aider.<\/span> Appelez-nous au (514) 340-9351.<\/p>\n<p>&nbsp;<\/p>\n","protected":false},"excerpt":{"rendered":"<p>Le pouf Ashley allie un design intemporel au confort quotidien. Dot\u00e9 d&rsquo;une assise magnifiquement capitonn\u00e9e, de pieds en bois et d&rsquo;une structure robuste en bois massif, il apporte \u00e0 la fois style et durabilit\u00e9 \u00e0 n&rsquo;importe quel espace. Fi\u00e8rement fabriqu\u00e9 au Canada, ce pouf est enti\u00e8rement personnalisable gr\u00e2ce \u00e0 un choix de tissus ou de cuirs et \u00e0 une s\u00e9lection de finitions en bois, ce qui en fait un ajout polyvalent et \u00e9l\u00e9gant aux salons, chambres \u00e0 coucher ou coins d\u00e9tente.<\/p>\n","protected":false},"featured_media":101085,"template":"","meta":{"_kad_blocks_custom_css":"","_kad_blocks_head_custom_js":"","_kad_blocks_body_custom_js":"","_kad_blocks_footer_custom_js":"","_kad_post_transparent":"default","_kad_post_title":"","_kad_post_layout":"default","_kad_post_sidebar_id":"","_kad_post_content_style":"default","_kad_post_vertical_padding":"default","_kad_post_feature":"","_kad_post_feature_position":"","_kad_post_header":false,"_kad_post_footer":false,"_kad_post_classname":""},"product_brand":[],"product_cat":[1325,1968],"product_tag":[1371],"class_list":{"0":"post-96164","1":"product","2":"type-product","3":"status-publish","4":"has-post-thumbnail","6":"product_cat-poufs","7":"product_cat-pouf-sur-mesure","8":"product_tag-hkhaju-fr","10":"first","11":"instock","12":"product-type-simple","13":"entry","14":"content-bg","15":"loop-entry"},"taxonomy_info":{"product_cat":[{"value":1325,"label":"Ottomans"},{"value":1968,"label":"pouf sur mesure"}],"product_tag":[{"value":1371,"label":"HKHAJU"}]},"featured_image_src_large":["https:\/\/www.avenuedesigncanada.com\/wp-content\/uploads\/2021\/06\/Ottomen-Ashley-1-1280x853-2-1024x1024.jpg",1024,1024,true],"author_info":[],"comment_info":"","_links":{"self":[{"href":"https:\/\/www.avenuedesigncanada.com\/fr\/wp-json\/wp\/v2\/product\/96164","targetHints":{"allow":["GET"]}}],"collection":[{"href":"https:\/\/www.avenuedesigncanada.com\/fr\/wp-json\/wp\/v2\/product"}],"about":[{"href":"https:\/\/www.avenuedesigncanada.com\/fr\/wp-json\/wp\/v2\/types\/product"}],"wp:featuredmedia":[{"embeddable":true,"href":"https:\/\/www.avenuedesigncanada.com\/fr\/wp-json\/wp\/v2\/media\/101085"}],"wp:attachment":[{"href":"https:\/\/www.avenuedesigncanada.com\/fr\/wp-json\/wp\/v2\/media?parent=96164"}],"wp:term":[{"taxonomy":"product_brand","embeddable":true,"href":"https:\/\/www.avenuedesigncanada.com\/fr\/wp-json\/wp\/v2\/product_brand?post=96164"},{"taxonomy":"product_cat","embeddable":true,"href":"https:\/\/www.avenuedesigncanada.com\/fr\/wp-json\/wp\/v2\/product_cat?post=96164"},{"taxonomy":"product_tag","embeddable":true,"href":"https:\/\/www.avenuedesigncanada.com\/fr\/wp-json\/wp\/v2\/product_tag?post=96164"}],"curies":[{"name":"wp","href":"https:\/\/api.w.org\/{rel}","templated":true}]}}