{"id":96180,"date":"2021-06-05T17:37:47","date_gmt":"2021-06-05T21:37:47","guid":{"rendered":"https:\/\/www.avenuedesigncanada.com\/product\/rosen-stool\/"},"modified":"2026-02-11T15:58:53","modified_gmt":"2026-02-11T20:58:53","slug":"rosen-counter-stool","status":"publish","type":"product","link":"https:\/\/www.avenuedesigncanada.com\/fr\/product\/rosen-counter-stool\/","title":{"rendered":"Tabouret de comptoir Rosen"},"content":{"rendered":"<p><em>Le tabouret de comptoir Rosen pr\u00e9sente les caract\u00e9ristiques suivantes :<\/em><br \/>\nUn design magnifiquement adapt\u00e9 avec des bordures \u00e0 clous, des pieds en bois massif et un cadre en bois dur durable, fabriqu\u00e9 au Canada.<\/p>\n<p>Options :<br \/>\nDisponible dans une large s\u00e9lection de tissus ou de cuirs, de couleurs de bois et de finitions de clous. Une version tabouret de bar est \u00e9galement disponible. <\/p>\n<p>Avez-vous des questions \u00e0 propos de ce produit ?<br \/>\nNos designers sont l\u00e0 pour vous aider. Appelez-nous au (514) 340-9351<\/p>\n","protected":false},"excerpt":{"rendered":"<p>Le tabouret de comptoir Rosen allie un savoir-faire classique \u00e0 des d\u00e9tails d\u00e9coratifs subtils. Dot\u00e9 de pieds en bois massif, d&rsquo;un cadre en bois dur durable et d&rsquo;une \u00e9l\u00e9gante garniture de clous, ce mod\u00e8le fabriqu\u00e9 au Canada apporte un confort sur mesure et un charme intemporel aux comptoirs de cuisine et aux salles \u00e0 manger d\u00e9contract\u00e9es.   <\/p>\n","protected":false},"featured_media":104199,"template":"","meta":{"_kad_blocks_custom_css":"","_kad_blocks_head_custom_js":"","_kad_blocks_body_custom_js":"","_kad_blocks_footer_custom_js":"","_kad_post_transparent":"","_kad_post_title":"","_kad_post_layout":"","_kad_post_sidebar_id":"","_kad_post_content_style":"","_kad_post_vertical_padding":"","_kad_post_feature":"","_kad_post_feature_position":"","_kad_post_header":false,"_kad_post_footer":false,"_kad_post_classname":""},"product_brand":[],"product_cat":[1305],"product_tag":[1371],"class_list":{"0":"post-96180","1":"product","2":"type-product","3":"status-publish","4":"has-post-thumbnail","6":"product_cat-tabourets","7":"product_tag-hkhaju-fr","9":"first","10":"instock","11":"product-type-simple","12":"entry","13":"content-bg","14":"loop-entry"},"taxonomy_info":{"product_cat":[{"value":1305,"label":"Tabourets"}],"product_tag":[{"value":1371,"label":"HKHAJU"}]},"featured_image_src_large":["https:\/\/www.avenuedesigncanada.com\/wp-content\/uploads\/2021\/06\/Stool-Rosen-1-1-1280x1280-2-1024x1024.jpg",1024,1024,true],"author_info":[],"comment_info":"","_links":{"self":[{"href":"https:\/\/www.avenuedesigncanada.com\/fr\/wp-json\/wp\/v2\/product\/96180","targetHints":{"allow":["GET"]}}],"collection":[{"href":"https:\/\/www.avenuedesigncanada.com\/fr\/wp-json\/wp\/v2\/product"}],"about":[{"href":"https:\/\/www.avenuedesigncanada.com\/fr\/wp-json\/wp\/v2\/types\/product"}],"wp:featuredmedia":[{"embeddable":true,"href":"https:\/\/www.avenuedesigncanada.com\/fr\/wp-json\/wp\/v2\/media\/104199"}],"wp:attachment":[{"href":"https:\/\/www.avenuedesigncanada.com\/fr\/wp-json\/wp\/v2\/media?parent=96180"}],"wp:term":[{"taxonomy":"product_brand","embeddable":true,"href":"https:\/\/www.avenuedesigncanada.com\/fr\/wp-json\/wp\/v2\/product_brand?post=96180"},{"taxonomy":"product_cat","embeddable":true,"href":"https:\/\/www.avenuedesigncanada.com\/fr\/wp-json\/wp\/v2\/product_cat?post=96180"},{"taxonomy":"product_tag","embeddable":true,"href":"https:\/\/www.avenuedesigncanada.com\/fr\/wp-json\/wp\/v2\/product_tag?post=96180"}],"curies":[{"name":"wp","href":"https:\/\/api.w.org\/{rel}","templated":true}]}}