{"id":96191,"date":"2022-05-05T21:37:47","date_gmt":"2022-05-06T01:37:47","guid":{"rendered":"https:\/\/www.avenuedesigncanada.com\/product\/bar-stool-cedro\/"},"modified":"2026-02-11T15:58:54","modified_gmt":"2026-02-11T20:58:54","slug":"tabouret-de-bar-cedro","status":"publish","type":"product","link":"https:\/\/www.avenuedesigncanada.com\/fr\/product\/tabouret-de-bar-cedro\/","title":{"rendered":"Tabouret de bar Cedro"},"content":{"rendered":"<p><em>Le tabouret de bar Cedro pr\u00e9sente les caract\u00e9ristiques suivantes :<\/em><br \/>\nTapiss\u00e9 de tissu Clarck Sand avec des pieds noirs et laiton pour un look contemporain et sophistiqu\u00e9.<\/p>\n<p>Options :<br \/>\n\u00c9galement disponible en tissu Clarck Grey.<\/p>\n<p>Avez-vous des questions \u00e0 propos de ce produit ?<br \/>\nNos designers sont l\u00e0 pour vous aider. Appelez-nous au (514) 340-9351<\/p>\n","protected":false},"excerpt":{"rendered":"<p>Apportez le charme de la modernit\u00e9 du milieu du si\u00e8cle dans votre maison avec le tabouret de bar Cedro. Dot\u00e9 d&rsquo;un si\u00e8ge rembourr\u00e9 de couleur sable clair avec un dossier \u00e0 boutons et des pieds noirs effil\u00e9s avec des capuchons en laiton, ce meuble de style vintage donnera \u00e0 votre d\u00e9cor un aspect r\u00e9tro.<\/p>\n","protected":false},"featured_media":104086,"template":"","meta":{"_kad_blocks_custom_css":"","_kad_blocks_head_custom_js":"","_kad_blocks_body_custom_js":"","_kad_blocks_footer_custom_js":"","_kad_post_transparent":"","_kad_post_title":"","_kad_post_layout":"","_kad_post_sidebar_id":"","_kad_post_content_style":"","_kad_post_vertical_padding":"","_kad_post_feature":"","_kad_post_feature_position":"","_kad_post_header":false,"_kad_post_footer":false,"_kad_post_classname":""},"product_brand":[],"product_cat":[1305],"product_tag":[1482],"class_list":{"0":"post-96191","1":"product","2":"type-product","3":"status-publish","4":"has-post-thumbnail","6":"product_cat-tabourets","7":"product_tag-vreeland-fr-2","9":"first","10":"instock","11":"product-type-simple","12":"entry","13":"content-bg","14":"loop-entry"},"taxonomy_info":{"product_cat":[{"value":1305,"label":"Tabourets"}],"product_tag":[{"value":1482,"label":"Vreeland"}]},"featured_image_src_large":["https:\/\/www.avenuedesigncanada.com\/wp-content\/uploads\/2021\/06\/112060_2.jpg",700,700,false],"author_info":[],"comment_info":"","_links":{"self":[{"href":"https:\/\/www.avenuedesigncanada.com\/fr\/wp-json\/wp\/v2\/product\/96191","targetHints":{"allow":["GET"]}}],"collection":[{"href":"https:\/\/www.avenuedesigncanada.com\/fr\/wp-json\/wp\/v2\/product"}],"about":[{"href":"https:\/\/www.avenuedesigncanada.com\/fr\/wp-json\/wp\/v2\/types\/product"}],"wp:featuredmedia":[{"embeddable":true,"href":"https:\/\/www.avenuedesigncanada.com\/fr\/wp-json\/wp\/v2\/media\/104086"}],"wp:attachment":[{"href":"https:\/\/www.avenuedesigncanada.com\/fr\/wp-json\/wp\/v2\/media?parent=96191"}],"wp:term":[{"taxonomy":"product_brand","embeddable":true,"href":"https:\/\/www.avenuedesigncanada.com\/fr\/wp-json\/wp\/v2\/product_brand?post=96191"},{"taxonomy":"product_cat","embeddable":true,"href":"https:\/\/www.avenuedesigncanada.com\/fr\/wp-json\/wp\/v2\/product_cat?post=96191"},{"taxonomy":"product_tag","embeddable":true,"href":"https:\/\/www.avenuedesigncanada.com\/fr\/wp-json\/wp\/v2\/product_tag?post=96191"}],"curies":[{"name":"wp","href":"https:\/\/api.w.org\/{rel}","templated":true}]}}