{"id":96741,"date":"2021-06-05T21:39:38","date_gmt":"2021-06-06T01:39:38","guid":{"rendered":"https:\/\/www.avenuedesigncanada.com\/product\/londono-stool-2\/"},"modified":"2026-02-11T15:58:54","modified_gmt":"2026-02-11T20:58:54","slug":"tabouret-de-comptoir-londono","status":"publish","type":"product","link":"https:\/\/www.avenuedesigncanada.com\/fr\/product\/tabouret-de-comptoir-londono\/","title":{"rendered":"Tabouret de comptoir Londono"},"content":{"rendered":"<p><em>Le tabouret de comptoir Londono pr\u00e9sente les caract\u00e9ristiques suivantes :<\/em><br \/>\nUne silhouette intemporelle avec des pieds en bois et un cadre en bois dur solide, fabriqu\u00e9 de mani\u00e8re experte au Canada pour une durabilit\u00e9 de tous les jours.<\/p>\n<p>Options :<br \/>\nDisponible dans votre choix de tissu ou de cuir et de couleur de bois. Une version tabouret de bar est \u00e9galement disponible. <\/p>\n<p>Avez-vous des questions \u00e0 propos de ce produit ?<br \/>\nNos designers sont l\u00e0 pour vous aider. Appelez-nous au (514) 340-9351<\/p>\n","protected":false},"excerpt":{"rendered":"<p>Le tabouret de comptoir Londono pr\u00e9sente une silhouette intemporelle avec des pieds en bois massif et un cadre en bois dur robuste, fabriqu\u00e9 au Canada pour une durabilit\u00e9 de tous les jours. Son design classique et ses proportions adapt\u00e9es lui permettent de s&rsquo;int\u00e9grer facilement dans les cuisines traditionnelles et modernes, offrant un confort durable et une \u00e9l\u00e9gance discr\u00e8te.   <\/p>\n","protected":false},"featured_media":104191,"template":"","meta":{"_kad_blocks_custom_css":"","_kad_blocks_head_custom_js":"","_kad_blocks_body_custom_js":"","_kad_blocks_footer_custom_js":"","_kad_post_transparent":"","_kad_post_title":"","_kad_post_layout":"","_kad_post_sidebar_id":"","_kad_post_content_style":"","_kad_post_vertical_padding":"","_kad_post_feature":"","_kad_post_feature_position":"","_kad_post_header":false,"_kad_post_footer":false,"_kad_post_classname":""},"product_brand":[],"product_cat":[1305],"product_tag":[1371],"class_list":{"0":"post-96741","1":"product","2":"type-product","3":"status-publish","4":"has-post-thumbnail","6":"product_cat-tabourets","7":"product_tag-hkhaju-fr","9":"first","10":"instock","11":"product-type-simple","12":"entry","13":"content-bg","14":"loop-entry"},"taxonomy_info":{"product_cat":[{"value":1305,"label":"Tabourets"}],"product_tag":[{"value":1371,"label":"HKHAJU"}]},"featured_image_src_large":["https:\/\/www.avenuedesigncanada.com\/wp-content\/uploads\/2021\/06\/londono-Front-1002x1280-2-1024x1024.jpg",1024,1024,true],"author_info":[],"comment_info":"","_links":{"self":[{"href":"https:\/\/www.avenuedesigncanada.com\/fr\/wp-json\/wp\/v2\/product\/96741","targetHints":{"allow":["GET"]}}],"collection":[{"href":"https:\/\/www.avenuedesigncanada.com\/fr\/wp-json\/wp\/v2\/product"}],"about":[{"href":"https:\/\/www.avenuedesigncanada.com\/fr\/wp-json\/wp\/v2\/types\/product"}],"wp:featuredmedia":[{"embeddable":true,"href":"https:\/\/www.avenuedesigncanada.com\/fr\/wp-json\/wp\/v2\/media\/104191"}],"wp:attachment":[{"href":"https:\/\/www.avenuedesigncanada.com\/fr\/wp-json\/wp\/v2\/media?parent=96741"}],"wp:term":[{"taxonomy":"product_brand","embeddable":true,"href":"https:\/\/www.avenuedesigncanada.com\/fr\/wp-json\/wp\/v2\/product_brand?post=96741"},{"taxonomy":"product_cat","embeddable":true,"href":"https:\/\/www.avenuedesigncanada.com\/fr\/wp-json\/wp\/v2\/product_cat?post=96741"},{"taxonomy":"product_tag","embeddable":true,"href":"https:\/\/www.avenuedesigncanada.com\/fr\/wp-json\/wp\/v2\/product_tag?post=96741"}],"curies":[{"name":"wp","href":"https:\/\/api.w.org\/{rel}","templated":true}]}}