{"id":96763,"date":"2021-06-05T17:39:38","date_gmt":"2021-06-05T21:39:38","guid":{"rendered":"https:\/\/www.avenuedesigncanada.com\/product\/axiom-buffet\/"},"modified":"2026-02-11T15:58:54","modified_gmt":"2026-02-11T20:58:54","slug":"buffet-axiom","status":"publish","type":"product","link":"https:\/\/www.avenuedesigncanada.com\/fr\/product\/buffet-axiom\/","title":{"rendered":"Buffet Axiom"},"content":{"rendered":"<p>Bois massif de peuplier et placages d&rsquo;ing\u00e9nierie en faux anigre<\/p>\n<p>Fini Linear Gray sur le caisson et Linear White sur les panneaux d&rsquo;extr\u00e9mit\u00e9.<\/p>\n<p>Quatre portes \u00e0 recouvrement moul\u00e9 en finition White Linen avec charni\u00e8res \u00e0 fermeture douce\/automatique.<\/p>\n<p>Derri\u00e8re les portes d&rsquo;extr\u00e9mit\u00e9 se trouve une tablette ajustable\/amovible.<\/p>\n<p>Derri\u00e8re les portes centrales se trouvent deux tiroirs et deux compartiments ouverts.<\/p>\n<p>Le tiroir du haut est \u00e9quip\u00e9 d&rsquo;un compartiment pour l&rsquo;argenterie, le deuxi\u00e8me tiroir est muni d&rsquo;un fond coussin\u00e9.<\/p>\n<p>Pattes ajustables<\/p>\n","protected":false},"excerpt":{"rendered":"<p>Avez-vous des questions \u00e0 propos de ce produit ?<\/p>\n<p>Nos designers sont l\u00e0 pour vous aider.<\/p>\n<p><strong>Appelez-nous au (514) 340-9351<\/strong><\/p>\n","protected":false},"featured_media":214001,"template":"","meta":{"_kad_blocks_custom_css":"","_kad_blocks_head_custom_js":"","_kad_blocks_body_custom_js":"","_kad_blocks_footer_custom_js":"","_kad_post_transparent":"","_kad_post_title":"","_kad_post_layout":"","_kad_post_sidebar_id":"","_kad_post_content_style":"","_kad_post_vertical_padding":"","_kad_post_feature":"","_kad_post_feature_position":"","_kad_post_header":false,"_kad_post_footer":false,"_kad_post_classname":""},"product_brand":[],"product_cat":[1303],"product_tag":[1844],"class_list":{"0":"post-96763","1":"product","2":"type-product","3":"status-publish","4":"has-post-thumbnail","6":"product_cat-buffets","7":"product_tag-barcelona-cg-fr-2","9":"first","10":"instock","11":"product-type-simple","12":"entry","13":"content-bg","14":"loop-entry"},"taxonomy_info":{"product_cat":[{"value":1303,"label":"Buffets"}],"product_tag":[{"value":1844,"label":"BARCELONA - CG"}]},"featured_image_src_large":["https:\/\/www.avenuedesigncanada.com\/wp-content\/uploads\/2021\/06\/381134-1024x1024.jpg",1024,1024,true],"author_info":[],"comment_info":"","_links":{"self":[{"href":"https:\/\/www.avenuedesigncanada.com\/fr\/wp-json\/wp\/v2\/product\/96763","targetHints":{"allow":["GET"]}}],"collection":[{"href":"https:\/\/www.avenuedesigncanada.com\/fr\/wp-json\/wp\/v2\/product"}],"about":[{"href":"https:\/\/www.avenuedesigncanada.com\/fr\/wp-json\/wp\/v2\/types\/product"}],"wp:featuredmedia":[{"embeddable":true,"href":"https:\/\/www.avenuedesigncanada.com\/fr\/wp-json\/wp\/v2\/media\/214001"}],"wp:attachment":[{"href":"https:\/\/www.avenuedesigncanada.com\/fr\/wp-json\/wp\/v2\/media?parent=96763"}],"wp:term":[{"taxonomy":"product_brand","embeddable":true,"href":"https:\/\/www.avenuedesigncanada.com\/fr\/wp-json\/wp\/v2\/product_brand?post=96763"},{"taxonomy":"product_cat","embeddable":true,"href":"https:\/\/www.avenuedesigncanada.com\/fr\/wp-json\/wp\/v2\/product_cat?post=96763"},{"taxonomy":"product_tag","embeddable":true,"href":"https:\/\/www.avenuedesigncanada.com\/fr\/wp-json\/wp\/v2\/product_tag?post=96763"}],"curies":[{"name":"wp","href":"https:\/\/api.w.org\/{rel}","templated":true}]}}