{"id":96776,"date":"2021-06-05T17:39:38","date_gmt":"2021-06-05T21:39:38","guid":{"rendered":"https:\/\/www.avenuedesigncanada.com\/product\/axiom-round-dining-table\/"},"modified":"2026-02-11T15:58:55","modified_gmt":"2026-02-11T20:58:55","slug":"table-a-diner-ronde-axiom","status":"publish","type":"product","link":"https:\/\/www.avenuedesigncanada.com\/fr\/product\/table-a-diner-ronde-axiom\/","title":{"rendered":"Table \u00e0 diner  ronde Axiom"},"content":{"rendered":"<p><em>La table de salle \u00e0 manger ronde Axiom pr\u00e9sente les caract\u00e9ristiques suivantes :<\/em><\/p>\n<p>Plateau en verre transparent avec bord affin\u00e9<br \/>\nSolides en peuplier et placages en faux anigre<br \/>\nPi\u00e9tement \u00e0 quatre pieds avec \u00e9l\u00e9ments de liaison circulaires<br \/>\nFinitions Linear Gray et Linear White<br \/>\nPatins r\u00e9glables<\/p>\n<p>Vous avez des questions sur ce produit ? Nos concepteurs sont l\u00e0 pour vous aider. Appelez-nous au (514) 340-9351  <\/p>\n","protected":false},"excerpt":{"rendered":"<p>Avec une forme \u00e9pur\u00e9e et moderne et une combinaison de finitions, la table de salle \u00e0 manger ronde Axiom offre un style transitionnel glamour et un attrait visuel unique. Dans ce design \u00e9pur\u00e9 et g\u00e9om\u00e9trique, un plateau rond en verre avec un rebord en relief repose sur une base circulaire ouverte avec quatre pieds. Sur la base, des placages en faux anigre sont pr\u00e9sent\u00e9s dans deux finitions soyeuses et peu brillantes qui s&rsquo;associent pour cr\u00e9er de la texture et de la profondeur. Fruit d&rsquo;un travail artisanal de qualit\u00e9, ce meuble offre une \u00e9l\u00e9gance contemporaine et une sensation de chaleur et d&rsquo;accueil.   <\/p>\n","protected":false},"featured_media":218322,"template":"","meta":{"_kad_blocks_custom_css":"","_kad_blocks_head_custom_js":"","_kad_blocks_body_custom_js":"","_kad_blocks_footer_custom_js":"","_kad_post_transparent":"","_kad_post_title":"","_kad_post_layout":"","_kad_post_sidebar_id":"","_kad_post_content_style":"","_kad_post_vertical_padding":"","_kad_post_feature":"","_kad_post_feature_position":"","_kad_post_header":false,"_kad_post_footer":false,"_kad_post_classname":""},"product_brand":[],"product_cat":[1306],"product_tag":[1844],"class_list":{"0":"post-96776","1":"product","2":"type-product","3":"status-publish","4":"has-post-thumbnail","6":"product_cat-tables-de-salle-a-manger","7":"product_tag-barcelona-cg-fr-2","9":"first","10":"instock","11":"product-type-simple","12":"entry","13":"content-bg","14":"loop-entry"},"taxonomy_info":{"product_cat":[{"value":1306,"label":"Tables"}],"product_tag":[{"value":1844,"label":"BARCELONA - CG"}]},"featured_image_src_large":["https:\/\/www.avenuedesigncanada.com\/wp-content\/uploads\/2021\/06\/K1126_103-1024x1024.jpg",1024,1024,true],"author_info":[],"comment_info":"","_links":{"self":[{"href":"https:\/\/www.avenuedesigncanada.com\/fr\/wp-json\/wp\/v2\/product\/96776","targetHints":{"allow":["GET"]}}],"collection":[{"href":"https:\/\/www.avenuedesigncanada.com\/fr\/wp-json\/wp\/v2\/product"}],"about":[{"href":"https:\/\/www.avenuedesigncanada.com\/fr\/wp-json\/wp\/v2\/types\/product"}],"wp:featuredmedia":[{"embeddable":true,"href":"https:\/\/www.avenuedesigncanada.com\/fr\/wp-json\/wp\/v2\/media\/218322"}],"wp:attachment":[{"href":"https:\/\/www.avenuedesigncanada.com\/fr\/wp-json\/wp\/v2\/media?parent=96776"}],"wp:term":[{"taxonomy":"product_brand","embeddable":true,"href":"https:\/\/www.avenuedesigncanada.com\/fr\/wp-json\/wp\/v2\/product_brand?post=96776"},{"taxonomy":"product_cat","embeddable":true,"href":"https:\/\/www.avenuedesigncanada.com\/fr\/wp-json\/wp\/v2\/product_cat?post=96776"},{"taxonomy":"product_tag","embeddable":true,"href":"https:\/\/www.avenuedesigncanada.com\/fr\/wp-json\/wp\/v2\/product_tag?post=96776"}],"curies":[{"name":"wp","href":"https:\/\/api.w.org\/{rel}","templated":true}]}}