{"id":96820,"date":"2021-06-05T17:39:51","date_gmt":"2021-06-05T21:39:51","guid":{"rendered":"https:\/\/www.avenuedesigncanada.com\/product\/linea-upholstered-panel-bed\/"},"modified":"2026-02-11T15:58:56","modified_gmt":"2026-02-11T20:58:56","slug":"lit-a-panneaux-remboures-linea","status":"publish","type":"product","link":"https:\/\/www.avenuedesigncanada.com\/fr\/product\/lit-a-panneaux-remboures-linea\/","title":{"rendered":"Lit \u00e0 panneaux rembour\u00e9s Linea"},"content":{"rendered":"<p><em>Caract\u00e9ristiques du lit \u00e0 panneaux rembourr\u00e9s Linea :<\/em><\/p>\n<p>T\u00eate et pied de lit \u00e0 cadre en bois avec trois panneaux Magasinez le lit \u00e0 panneaux rembour\u00e9s Linea chez Avenue Design \u00e0 Montreal.<\/p>\n<p>Meublez votre salle \u00e0 manger avec l&rsquo;aide de notre \u00e9quipe de designers professionnels ins\u00e9r\u00e9s.<\/p>\n<p>Panneaux lat\u00e9raux en bois<\/p>\n<p>Syst\u00e8me de support \u00e0 trois lattes avec supports centraux r\u00e9glables<\/p>\n<div class=\"product-options\">\n<p>Options<\/p>\n<p>La t\u00eate de lit ne peut pas \u00eatre utilis\u00e9e seule. Doit \u00eatre command\u00e9 avec le pied de lit\/les panneaux lat\u00e9raux.<\/p>\n<p>Disponible \u00e9galement en finition Cerused Griege avec une autre s\u00e9lection de tissu. Voir, 384-H63G &amp; 384-FR3G.<\/p>\n<p>Cet article est disponible dans d&rsquo;autres tissus avec suppl\u00e9ment.<\/p>\n<p>Offert en lit Queen, 66.75 x 90 x 68h\u2033<\/p>\n<p><span style=\"font-weight: 400;\">Vous avez des questions sur ce produit ?<\/p>\n<p><\/span><span style=\"font-weight: 400;\">Nos designers sont l\u00e0 pour vous aider.<\/span> <span style=\"font-weight: 400;\">Appelez-nous au (514) 340-9351.<\/span><\/p>\n<\/div>\n","protected":false},"excerpt":{"rendered":"<p>Le lit \u00e0 panneaux rembourr\u00e9s Linea allie un design contemporain \u00e0 une \u00e9l\u00e9gance discr\u00e8te. Dot\u00e9 d&rsquo;une t\u00eate et d&rsquo;un pied de lit \u00e0 cadre en bois avec trois panneaux rembourr\u00e9s encastr\u00e9s, il offre \u00e0 la fois un int\u00e9r\u00eat visuel et un confort optimal. Compl\u00e9t\u00e9 par des rails lat\u00e9raux en bois assortis et un syst\u00e8me de soutien \u00e0 trois lattes avec supports centraux r\u00e9glables, ce lit allie durabilit\u00e9 et style raffin\u00e9, ce qui en fait une pi\u00e8ce ma\u00eetresse polyvalente pour toute chambre \u00e0 coucher.<\/p>\n","protected":false},"featured_media":214296,"template":"","meta":{"_kad_blocks_custom_css":"","_kad_blocks_head_custom_js":"","_kad_blocks_body_custom_js":"","_kad_blocks_footer_custom_js":"","_kad_post_transparent":"default","_kad_post_title":"","_kad_post_layout":"default","_kad_post_sidebar_id":"","_kad_post_content_style":"default","_kad_post_vertical_padding":"default","_kad_post_feature":"","_kad_post_feature_position":"","_kad_post_header":false,"_kad_post_footer":false,"_kad_post_classname":""},"product_brand":[],"product_cat":[1296],"product_tag":[1851],"class_list":{"0":"post-96820","1":"product","2":"type-product","3":"status-publish","4":"has-post-thumbnail","6":"product_cat-lits","7":"product_tag-barcelona-fr","9":"first","10":"instock","11":"product-type-simple","12":"entry","13":"content-bg","14":"loop-entry"},"taxonomy_info":{"product_cat":[{"value":1296,"label":"Lits"}],"product_tag":[{"value":1851,"label":"BARCELONA"}]},"featured_image_src_large":["https:\/\/www.avenuedesigncanada.com\/wp-content\/uploads\/2021\/06\/bernhardt-linea-upholstered-panel-bed-384-h63b-fr63b-2-1024x1024.jpg",1024,1024,true],"author_info":[],"comment_info":"","_links":{"self":[{"href":"https:\/\/www.avenuedesigncanada.com\/fr\/wp-json\/wp\/v2\/product\/96820","targetHints":{"allow":["GET"]}}],"collection":[{"href":"https:\/\/www.avenuedesigncanada.com\/fr\/wp-json\/wp\/v2\/product"}],"about":[{"href":"https:\/\/www.avenuedesigncanada.com\/fr\/wp-json\/wp\/v2\/types\/product"}],"wp:featuredmedia":[{"embeddable":true,"href":"https:\/\/www.avenuedesigncanada.com\/fr\/wp-json\/wp\/v2\/media\/214296"}],"wp:attachment":[{"href":"https:\/\/www.avenuedesigncanada.com\/fr\/wp-json\/wp\/v2\/media?parent=96820"}],"wp:term":[{"taxonomy":"product_brand","embeddable":true,"href":"https:\/\/www.avenuedesigncanada.com\/fr\/wp-json\/wp\/v2\/product_brand?post=96820"},{"taxonomy":"product_cat","embeddable":true,"href":"https:\/\/www.avenuedesigncanada.com\/fr\/wp-json\/wp\/v2\/product_cat?post=96820"},{"taxonomy":"product_tag","embeddable":true,"href":"https:\/\/www.avenuedesigncanada.com\/fr\/wp-json\/wp\/v2\/product_tag?post=96820"}],"curies":[{"name":"wp","href":"https:\/\/api.w.org\/{rel}","templated":true}]}}