{"id":96915,"date":"2021-06-05T17:40:04","date_gmt":"2021-06-05T21:40:04","guid":{"rendered":"https:\/\/www.avenuedesigncanada.com\/product\/linea-metal-round-chairside-table\/"},"modified":"2026-02-11T15:58:58","modified_gmt":"2026-02-11T20:58:58","slug":"linea-metal-round-chairside-table","status":"publish","type":"product","link":"https:\/\/www.avenuedesigncanada.com\/fr\/product\/linea-metal-round-chairside-table\/","title":{"rendered":"Table d&rsquo;appoint en m\u00e9tal Linea"},"content":{"rendered":"<p><em>La table de chevet ronde en m\u00e9tal Linea pr\u00e9sente les caract\u00e9ristiques suivantes :<\/em><br \/>\nConstruction en aluminium moul\u00e9<br \/>\nFinition graphite textur\u00e9e<br \/>\nBase \u00e0 pi\u00e9destal avec formes imbriqu\u00e9es<\/p>\n<p>Avez-vous des questions \u00e0 propos de ce produit ? Nos designers sont l\u00e0 pour vous aider.  Appelez-nous au (514) 340-9351<\/p>\n","protected":false},"excerpt":{"rendered":"<p>Semblant d\u00e9fier la gravit\u00e9, la table de chevet ronde Linea pr\u00e9sente un pi\u00e9destal sculptural form\u00e9 de deux anneaux imbriqu\u00e9s aux formes irr\u00e9guli\u00e8res. Cette forme cr\u00e9ative est l\u00e9g\u00e8re et a\u00e9r\u00e9e, \u00e9l\u00e9gante et moderne. Fabriqu\u00e9e en fonte d&rsquo;aluminium, elle pr\u00e9sente une finition Graphite textur\u00e9 obtenue par un processus en plusieurs \u00e9tapes. Combinant un flair dramatique avec des textures subtiles, cette pi\u00e8ce offre un style unique et sophistiqu\u00e9.   <\/p>\n","protected":false},"featured_media":216553,"template":"","meta":{"_kad_blocks_custom_css":"","_kad_blocks_head_custom_js":"","_kad_blocks_body_custom_js":"","_kad_blocks_footer_custom_js":"","_kad_post_transparent":"","_kad_post_title":"","_kad_post_layout":"","_kad_post_sidebar_id":"","_kad_post_content_style":"","_kad_post_vertical_padding":"","_kad_post_feature":"","_kad_post_feature_position":"","_kad_post_header":false,"_kad_post_footer":false,"_kad_post_classname":""},"product_brand":[],"product_cat":[1323],"product_tag":[1844],"class_list":{"0":"post-96915","1":"product","2":"type-product","3":"status-publish","4":"has-post-thumbnail","6":"product_cat-salon-tables-dappoint","7":"product_tag-barcelona-cg-fr-2","9":"first","10":"instock","11":"product-type-simple","12":"entry","13":"content-bg","14":"loop-entry"},"taxonomy_info":{"product_cat":[{"value":1323,"label":"Tables d'appoint"}],"product_tag":[{"value":1844,"label":"BARCELONA - CG"}]},"featured_image_src_large":["https:\/\/www.avenuedesigncanada.com\/wp-content\/uploads\/2021\/06\/384123-1024x1024.jpg",1024,1024,true],"author_info":[],"comment_info":"","_links":{"self":[{"href":"https:\/\/www.avenuedesigncanada.com\/fr\/wp-json\/wp\/v2\/product\/96915","targetHints":{"allow":["GET"]}}],"collection":[{"href":"https:\/\/www.avenuedesigncanada.com\/fr\/wp-json\/wp\/v2\/product"}],"about":[{"href":"https:\/\/www.avenuedesigncanada.com\/fr\/wp-json\/wp\/v2\/types\/product"}],"wp:featuredmedia":[{"embeddable":true,"href":"https:\/\/www.avenuedesigncanada.com\/fr\/wp-json\/wp\/v2\/media\/216553"}],"wp:attachment":[{"href":"https:\/\/www.avenuedesigncanada.com\/fr\/wp-json\/wp\/v2\/media?parent=96915"}],"wp:term":[{"taxonomy":"product_brand","embeddable":true,"href":"https:\/\/www.avenuedesigncanada.com\/fr\/wp-json\/wp\/v2\/product_brand?post=96915"},{"taxonomy":"product_cat","embeddable":true,"href":"https:\/\/www.avenuedesigncanada.com\/fr\/wp-json\/wp\/v2\/product_cat?post=96915"},{"taxonomy":"product_tag","embeddable":true,"href":"https:\/\/www.avenuedesigncanada.com\/fr\/wp-json\/wp\/v2\/product_tag?post=96915"}],"curies":[{"name":"wp","href":"https:\/\/api.w.org\/{rel}","templated":true}]}}