{"id":96925,"date":"2021-06-05T17:40:04","date_gmt":"2021-06-05T21:40:04","guid":{"rendered":"https:\/\/www.avenuedesigncanada.com\/product\/linea-end-table\/"},"modified":"2026-02-11T15:58:59","modified_gmt":"2026-02-11T20:58:59","slug":"linea-end-table","status":"publish","type":"product","link":"https:\/\/www.avenuedesigncanada.com\/fr\/product\/linea-end-table\/","title":{"rendered":"Table d&rsquo;extr\u00e9mit\u00e9 Linea"},"content":{"rendered":"<p><em>La table d&rsquo;appoint Linea comprend :<\/em><br \/>\nUn tiroir<br \/>\nBase en fonte d&rsquo;aluminium avec brancards<br \/>\nFinition graphite textur\u00e9<\/p>\n<p>Options<br \/>\nEgalement disponible en finition Cerused Greige. Commander comme 384-124G <\/p>\n<p>Avez-vous des questions \u00e0 propos de ce produit ? Nos designers sont l\u00e0 pour vous aider.  Appelez-nous au (514) 340-9351<\/p>\n","protected":false},"excerpt":{"rendered":"<p>La table d&rsquo;appoint Linea en finition Graphite textur\u00e9 comporte un seul tiroir et une base en aluminium moul\u00e9 avec des brancards, combinant un rangement fonctionnel avec une esth\u00e9tique industrielle moderne.<\/p>\n","protected":false},"featured_media":90253,"template":"","meta":{"_kad_blocks_custom_css":"","_kad_blocks_head_custom_js":"","_kad_blocks_body_custom_js":"","_kad_blocks_footer_custom_js":"","_kad_post_transparent":"","_kad_post_title":"","_kad_post_layout":"","_kad_post_sidebar_id":"","_kad_post_content_style":"","_kad_post_vertical_padding":"","_kad_post_feature":"","_kad_post_feature_position":"","_kad_post_header":false,"_kad_post_footer":false,"_kad_post_classname":""},"product_brand":[],"product_cat":[1323],"product_tag":[1844],"class_list":{"0":"post-96925","1":"product","2":"type-product","3":"status-publish","4":"has-post-thumbnail","6":"product_cat-salon-tables-dappoint","7":"product_tag-barcelona-cg-fr-2","9":"first","10":"instock","11":"product-type-simple","12":"entry","13":"content-bg","14":"loop-entry"},"taxonomy_info":{"product_cat":[{"value":1323,"label":"Tables d'appoint"}],"product_tag":[{"value":1844,"label":"BARCELONA - CG"}]},"featured_image_src_large":["https:\/\/www.avenuedesigncanada.com\/wp-content\/uploads\/2021\/02\/bernhardt_linea_end_table_384-124b-e1543494124728.jpg",800,958,false],"author_info":[],"comment_info":"","_links":{"self":[{"href":"https:\/\/www.avenuedesigncanada.com\/fr\/wp-json\/wp\/v2\/product\/96925","targetHints":{"allow":["GET"]}}],"collection":[{"href":"https:\/\/www.avenuedesigncanada.com\/fr\/wp-json\/wp\/v2\/product"}],"about":[{"href":"https:\/\/www.avenuedesigncanada.com\/fr\/wp-json\/wp\/v2\/types\/product"}],"wp:featuredmedia":[{"embeddable":true,"href":"https:\/\/www.avenuedesigncanada.com\/fr\/wp-json\/wp\/v2\/media\/90253"}],"wp:attachment":[{"href":"https:\/\/www.avenuedesigncanada.com\/fr\/wp-json\/wp\/v2\/media?parent=96925"}],"wp:term":[{"taxonomy":"product_brand","embeddable":true,"href":"https:\/\/www.avenuedesigncanada.com\/fr\/wp-json\/wp\/v2\/product_brand?post=96925"},{"taxonomy":"product_cat","embeddable":true,"href":"https:\/\/www.avenuedesigncanada.com\/fr\/wp-json\/wp\/v2\/product_cat?post=96925"},{"taxonomy":"product_tag","embeddable":true,"href":"https:\/\/www.avenuedesigncanada.com\/fr\/wp-json\/wp\/v2\/product_tag?post=96925"}],"curies":[{"name":"wp","href":"https:\/\/api.w.org\/{rel}","templated":true}]}}