{"id":96946,"date":"2021-06-05T17:40:04","date_gmt":"2021-06-05T21:40:04","guid":{"rendered":"https:\/\/www.avenuedesigncanada.com\/product\/linea-upholstered-side-chair-2\/"},"modified":"2026-02-11T15:59:00","modified_gmt":"2026-02-11T20:59:00","slug":"linea-upholstered-side-chair-2","status":"publish","type":"product","link":"https:\/\/www.avenuedesigncanada.com\/fr\/product\/linea-upholstered-side-chair-2\/","title":{"rendered":"Chaise Linea"},"content":{"rendered":"<p class=\"pageTitle_modified\"><em>Les caract\u00e9ristiques de la chaise Linea<br \/>\n<\/em>Bois de fr\u00eane massif<br \/>\nSi\u00e8ge, dossier int\u00e9rieur et ext\u00e9rieur rembourr\u00e9s, sans cordonnet ni bordure de clous.<\/p>\n<div class=\"product-options\">\n<p>Options<br \/>\nAussi disponible dans le fini Cerused Charcoal, et \u00e9galement en diff\u00e9rents tissus. Commander le 384-547B.<br \/>\nCet article est disponible dans d&rsquo;autres tissus avec suppl\u00e9ment.<\/p>\n<\/div>\n","protected":false},"excerpt":{"rendered":"<p>Les caract\u00e9ristiques de la chaise Linea Bois de fr\u00eane massif Si\u00e8ge, dossier int\u00e9rieur et ext\u00e9rieur rembourr\u00e9s, sans cordonnet ni bordure de clous. Options Aussi disponible dans le fini Cerused Charcoal, et \u00e9galement en diff\u00e9rents tissus. Commander le 384-547B. Cet article est disponible dans d&rsquo;autres tissus avec suppl\u00e9ment.<\/p>\n","protected":false},"featured_media":164408,"template":"","meta":{"_kad_blocks_custom_css":"","_kad_blocks_head_custom_js":"","_kad_blocks_body_custom_js":"","_kad_blocks_footer_custom_js":"","_kad_post_transparent":"","_kad_post_title":"","_kad_post_layout":"","_kad_post_sidebar_id":"","_kad_post_content_style":"","_kad_post_vertical_padding":"","_kad_post_feature":"","_kad_post_feature_position":"","_kad_post_header":false,"_kad_post_footer":false,"_kad_post_classname":""},"product_brand":[],"product_cat":[1302],"product_tag":[1851],"class_list":{"0":"post-96946","1":"product","2":"type-product","3":"status-publish","4":"has-post-thumbnail","6":"product_cat-chaises","7":"product_tag-barcelona-fr","9":"first","10":"instock","11":"product-type-simple","12":"entry","13":"content-bg","14":"loop-entry"},"taxonomy_info":{"product_cat":[{"value":1302,"label":"Chaises"}],"product_tag":[{"value":1851,"label":"BARCELONA"}]},"featured_image_src_large":["https:\/\/www.avenuedesigncanada.com\/wp-content\/uploads\/2021\/06\/384547G-copy-1024x1024.jpg",1024,1024,true],"author_info":[],"comment_info":"","_links":{"self":[{"href":"https:\/\/www.avenuedesigncanada.com\/fr\/wp-json\/wp\/v2\/product\/96946","targetHints":{"allow":["GET"]}}],"collection":[{"href":"https:\/\/www.avenuedesigncanada.com\/fr\/wp-json\/wp\/v2\/product"}],"about":[{"href":"https:\/\/www.avenuedesigncanada.com\/fr\/wp-json\/wp\/v2\/types\/product"}],"wp:featuredmedia":[{"embeddable":true,"href":"https:\/\/www.avenuedesigncanada.com\/fr\/wp-json\/wp\/v2\/media\/164408"}],"wp:attachment":[{"href":"https:\/\/www.avenuedesigncanada.com\/fr\/wp-json\/wp\/v2\/media?parent=96946"}],"wp:term":[{"taxonomy":"product_brand","embeddable":true,"href":"https:\/\/www.avenuedesigncanada.com\/fr\/wp-json\/wp\/v2\/product_brand?post=96946"},{"taxonomy":"product_cat","embeddable":true,"href":"https:\/\/www.avenuedesigncanada.com\/fr\/wp-json\/wp\/v2\/product_cat?post=96946"},{"taxonomy":"product_tag","embeddable":true,"href":"https:\/\/www.avenuedesigncanada.com\/fr\/wp-json\/wp\/v2\/product_tag?post=96946"}],"curies":[{"name":"wp","href":"https:\/\/api.w.org\/{rel}","templated":true}]}}