{"id":96955,"date":"2021-06-05T17:40:04","date_gmt":"2021-06-05T21:40:04","guid":{"rendered":"https:\/\/www.avenuedesigncanada.com\/product\/linea-round-dining-table\/"},"modified":"2026-02-11T15:59:00","modified_gmt":"2026-02-11T20:59:00","slug":"linea-round-dining-table","status":"publish","type":"product","link":"https:\/\/www.avenuedesigncanada.com\/fr\/product\/linea-round-dining-table\/","title":{"rendered":"Table \u00e0 diner ronde Linea"},"content":{"rendered":"<p><em>Les caract\u00e9ristiques de la Table \u00e0 d\u00eener ronde Linea:<\/em><\/p>\n<p>Quatre montants en aluminium moul\u00e9, finition Graphite textur\u00e9<br \/>\nBase en bois en forme de croix, finition Charbon c\u00e9rus\u00e9<br \/>\nPatins r\u00e9glables<\/p>\n<p>Vous avez des questions sur ce produit ? Nos concepteurs sont l\u00e0 pour vous aider. Appelez-nous au (514) 340-9351  <\/p>\n","protected":false},"excerpt":{"rendered":"<p>L&rsquo;attrait captivant de la table ronde Linea r\u00e9side dans le contraste et l&rsquo;effet dramatique de ses finitions et mat\u00e9riaux uniques. Les placages de ch\u00eane bross\u00e9s en finition Cerused Charcoal s&rsquo;associent \u00e9l\u00e9gamment \u00e0 la fonte d&rsquo;aluminium en finition Textured Graphite. Soutenant le plateau rond, quatre poteaux m\u00e9talliques fortement textur\u00e9s sont reli\u00e9s \u00e0 une base en bois en forme de croix pour un aspect architectural et \u00e9quilibr\u00e9. Avec son art sans faille et son \u00e9l\u00e9gance discr\u00e8te, cette table de salle \u00e0 manger rustique et moderne offre un style sophistiqu\u00e9 pour un int\u00e9rieur luxueux.   <\/p>\n","protected":false},"featured_media":218225,"template":"","meta":{"_kad_blocks_custom_css":"","_kad_blocks_head_custom_js":"","_kad_blocks_body_custom_js":"","_kad_blocks_footer_custom_js":"","_kad_post_transparent":"","_kad_post_title":"","_kad_post_layout":"","_kad_post_sidebar_id":"","_kad_post_content_style":"","_kad_post_vertical_padding":"","_kad_post_feature":"","_kad_post_feature_position":"","_kad_post_header":false,"_kad_post_footer":false,"_kad_post_classname":""},"product_brand":[],"product_cat":[1306],"product_tag":[1844],"class_list":{"0":"post-96955","1":"product","2":"type-product","3":"status-publish","4":"has-post-thumbnail","6":"product_cat-tables-de-salle-a-manger","7":"product_tag-barcelona-cg-fr-2","9":"first","10":"instock","11":"product-type-simple","12":"entry","13":"content-bg","14":"loop-entry"},"taxonomy_info":{"product_cat":[{"value":1306,"label":"Tables"}],"product_tag":[{"value":1844,"label":"BARCELONA - CG"}]},"featured_image_src_large":["https:\/\/www.avenuedesigncanada.com\/wp-content\/uploads\/2021\/06\/K1099-1024x1024.jpg",1024,1024,true],"author_info":[],"comment_info":"","_links":{"self":[{"href":"https:\/\/www.avenuedesigncanada.com\/fr\/wp-json\/wp\/v2\/product\/96955","targetHints":{"allow":["GET"]}}],"collection":[{"href":"https:\/\/www.avenuedesigncanada.com\/fr\/wp-json\/wp\/v2\/product"}],"about":[{"href":"https:\/\/www.avenuedesigncanada.com\/fr\/wp-json\/wp\/v2\/types\/product"}],"wp:featuredmedia":[{"embeddable":true,"href":"https:\/\/www.avenuedesigncanada.com\/fr\/wp-json\/wp\/v2\/media\/218225"}],"wp:attachment":[{"href":"https:\/\/www.avenuedesigncanada.com\/fr\/wp-json\/wp\/v2\/media?parent=96955"}],"wp:term":[{"taxonomy":"product_brand","embeddable":true,"href":"https:\/\/www.avenuedesigncanada.com\/fr\/wp-json\/wp\/v2\/product_brand?post=96955"},{"taxonomy":"product_cat","embeddable":true,"href":"https:\/\/www.avenuedesigncanada.com\/fr\/wp-json\/wp\/v2\/product_cat?post=96955"},{"taxonomy":"product_tag","embeddable":true,"href":"https:\/\/www.avenuedesigncanada.com\/fr\/wp-json\/wp\/v2\/product_tag?post=96955"}],"curies":[{"name":"wp","href":"https:\/\/api.w.org\/{rel}","templated":true}]}}