{"id":96967,"date":"2021-06-05T21:39:51","date_gmt":"2021-06-06T01:39:51","guid":{"rendered":"https:\/\/www.avenuedesigncanada.com\/product\/linea-rectangular-dining-table\/"},"modified":"2026-02-11T15:59:00","modified_gmt":"2026-02-11T20:59:00","slug":"table-a-diner-linea","status":"publish","type":"product","link":"https:\/\/www.avenuedesigncanada.com\/fr\/product\/table-a-diner-linea\/","title":{"rendered":"Table \u00e0 diner Linea"},"content":{"rendered":"<p><em>Les caract\u00e9ristiques de la Table \u00e0 d\u00eener Linea:<\/em><\/p>\n<p>Fini charbon de bois c\u00e9rus\u00e9<br \/>\nUne feuille de table de 20 po<br \/>\nGarniture en aluminium moul\u00e9 au fini graphite textur\u00e9<br \/>\nPatins r\u00e9glables<br \/>\n\u00c9galement offert en fini gr\u00e8ge c\u00e9rus\u00e9<\/p>\n<p>Vous avez des questions sur ce produit ? Nos concepteurs sont l\u00e0 pour vous aider. Appelez-nous au (514) 340-9351  <\/p>\n","protected":false},"excerpt":{"rendered":"<p>Pour un look raffin\u00e9 mais d\u00e9contract\u00e9, la table de salle \u00e0 manger Linea associe une forme transitionnelle \u00e9pur\u00e9e \u00e0 une finition d\u00e9contract\u00e9e. Deux pi\u00e9destaux soutiennent un plateau rectangulaire dans une composition g\u00e9om\u00e9trique \u00e9quilibr\u00e9e. Les placages de ch\u00eane ont \u00e9t\u00e9 bross\u00e9s et c\u00e9rus\u00e9s, ajoutant des textures subtiles tout en laissant une trace blanche dans le grain. Pour ajouter une couche de sophistication subtile, la garniture en aluminium moul\u00e9 autour du tablier est pr\u00e9sent\u00e9e dans une finition Graphite textur\u00e9 obtenue par un processus en plusieurs \u00e9tapes.   <\/p>\n","protected":false},"featured_media":218264,"template":"","meta":{"_kad_blocks_custom_css":"","_kad_blocks_head_custom_js":"","_kad_blocks_body_custom_js":"","_kad_blocks_footer_custom_js":"","_kad_post_transparent":"","_kad_post_title":"","_kad_post_layout":"","_kad_post_sidebar_id":"","_kad_post_content_style":"","_kad_post_vertical_padding":"","_kad_post_feature":"","_kad_post_feature_position":"","_kad_post_header":false,"_kad_post_footer":false,"_kad_post_classname":""},"product_brand":[],"product_cat":[1306],"product_tag":[1844],"class_list":{"0":"post-96967","1":"product","2":"type-product","3":"status-publish","4":"has-post-thumbnail","6":"product_cat-tables-de-salle-a-manger","7":"product_tag-barcelona-cg-fr-2","9":"first","10":"instock","11":"product-type-simple","12":"entry","13":"content-bg","14":"loop-entry"},"taxonomy_info":{"product_cat":[{"value":1306,"label":"Tables"}],"product_tag":[{"value":1844,"label":"BARCELONA - CG"}]},"featured_image_src_large":["https:\/\/www.avenuedesigncanada.com\/wp-content\/uploads\/2021\/06\/K1097-1-1024x1024.jpg",1024,1024,true],"author_info":[],"comment_info":"","_links":{"self":[{"href":"https:\/\/www.avenuedesigncanada.com\/fr\/wp-json\/wp\/v2\/product\/96967","targetHints":{"allow":["GET"]}}],"collection":[{"href":"https:\/\/www.avenuedesigncanada.com\/fr\/wp-json\/wp\/v2\/product"}],"about":[{"href":"https:\/\/www.avenuedesigncanada.com\/fr\/wp-json\/wp\/v2\/types\/product"}],"wp:featuredmedia":[{"embeddable":true,"href":"https:\/\/www.avenuedesigncanada.com\/fr\/wp-json\/wp\/v2\/media\/218264"}],"wp:attachment":[{"href":"https:\/\/www.avenuedesigncanada.com\/fr\/wp-json\/wp\/v2\/media?parent=96967"}],"wp:term":[{"taxonomy":"product_brand","embeddable":true,"href":"https:\/\/www.avenuedesigncanada.com\/fr\/wp-json\/wp\/v2\/product_brand?post=96967"},{"taxonomy":"product_cat","embeddable":true,"href":"https:\/\/www.avenuedesigncanada.com\/fr\/wp-json\/wp\/v2\/product_cat?post=96967"},{"taxonomy":"product_tag","embeddable":true,"href":"https:\/\/www.avenuedesigncanada.com\/fr\/wp-json\/wp\/v2\/product_tag?post=96967"}],"curies":[{"name":"wp","href":"https:\/\/api.w.org\/{rel}","templated":true}]}}