{"id":96984,"date":"2021-06-05T17:39:51","date_gmt":"2021-06-05T21:39:51","guid":{"rendered":"https:\/\/www.avenuedesigncanada.com\/product\/linea-dresser-2\/"},"modified":"2026-02-11T15:59:01","modified_gmt":"2026-02-11T20:59:01","slug":"commode-linea-2","status":"publish","type":"product","link":"https:\/\/www.avenuedesigncanada.com\/fr\/product\/commode-linea-2\/","title":{"rendered":"Commode Linea"},"content":{"rendered":"<p><em>La commode Linea pr\u00e9sente les caract\u00e9ristiques suivantes :<\/em><br \/>\nNeuf tiroirs spacieux avec une fa\u00e7ade, des montants et une base en aluminium moul\u00e9 dans une finition graphite textur\u00e9e. Les glissi\u00e8res r\u00e9glables assurent un fonctionnement en douceur et la stabilit\u00e9, alliant l&rsquo;\u00e9l\u00e9gance moderne \u00e0 la fonctionnalit\u00e9 pratique. <\/p>\n<p>Vous avez des questions sur ce produit ?<br \/>\nNos concepteurs sont l\u00e0 pour vous aider.<br \/>\nAppelez-nous au (514) 340-9351<\/p>\n","protected":false},"excerpt":{"rendered":"<p>Avec son art sans faille et son \u00e9l\u00e9gance discr\u00e8te, Linea \u00e9tablit une nouvelle norme pour les collections modernes rustiques. Une forme asym\u00e9trique donne \u00e0 la commode Linea \u00e0 neuf tiroirs son aspect singulier. Fabriqu\u00e9e en m\u00e9tal fortement textur\u00e9, une base ouverte fournit un support tandis qu&rsquo;une bande de m\u00e9tal assortie entoure l&rsquo;avant du meuble. Finis en Cerused Greige, les placages de ch\u00eane bross\u00e9s offrent des textures subtiles. Les poign\u00e9es irr\u00e9guli\u00e8res en finition Graphite textur\u00e9 donnent l&rsquo;impression d&rsquo;\u00eatre des bijoux et ajoutent \u00e0 l&rsquo;attrait artistique de cette pi\u00e8ce qui attire l&rsquo;attention.    <\/p>\n","protected":false},"featured_media":218557,"template":"","meta":{"_kad_blocks_custom_css":"","_kad_blocks_head_custom_js":"","_kad_blocks_body_custom_js":"","_kad_blocks_footer_custom_js":"","_kad_post_transparent":"","_kad_post_title":"","_kad_post_layout":"","_kad_post_sidebar_id":"","_kad_post_content_style":"","_kad_post_vertical_padding":"","_kad_post_feature":"","_kad_post_feature_position":"","_kad_post_header":false,"_kad_post_footer":false,"_kad_post_classname":""},"product_brand":[],"product_cat":[1298],"product_tag":[1844],"class_list":{"0":"post-96984","1":"product","2":"type-product","3":"status-publish","4":"has-post-thumbnail","6":"product_cat-commodes","7":"product_tag-barcelona-cg-fr-2","9":"first","10":"instock","11":"product-type-simple","12":"entry","13":"content-bg","14":"loop-entry"},"taxonomy_info":{"product_cat":[{"value":1298,"label":"Commodes"}],"product_tag":[{"value":1844,"label":"BARCELONA - CG"}]},"featured_image_src_large":["https:\/\/www.avenuedesigncanada.com\/wp-content\/uploads\/2021\/06\/384052G-1024x1024.jpg",1024,1024,true],"author_info":[],"comment_info":"","_links":{"self":[{"href":"https:\/\/www.avenuedesigncanada.com\/fr\/wp-json\/wp\/v2\/product\/96984","targetHints":{"allow":["GET"]}}],"collection":[{"href":"https:\/\/www.avenuedesigncanada.com\/fr\/wp-json\/wp\/v2\/product"}],"about":[{"href":"https:\/\/www.avenuedesigncanada.com\/fr\/wp-json\/wp\/v2\/types\/product"}],"wp:featuredmedia":[{"embeddable":true,"href":"https:\/\/www.avenuedesigncanada.com\/fr\/wp-json\/wp\/v2\/media\/218557"}],"wp:attachment":[{"href":"https:\/\/www.avenuedesigncanada.com\/fr\/wp-json\/wp\/v2\/media?parent=96984"}],"wp:term":[{"taxonomy":"product_brand","embeddable":true,"href":"https:\/\/www.avenuedesigncanada.com\/fr\/wp-json\/wp\/v2\/product_brand?post=96984"},{"taxonomy":"product_cat","embeddable":true,"href":"https:\/\/www.avenuedesigncanada.com\/fr\/wp-json\/wp\/v2\/product_cat?post=96984"},{"taxonomy":"product_tag","embeddable":true,"href":"https:\/\/www.avenuedesigncanada.com\/fr\/wp-json\/wp\/v2\/product_tag?post=96984"}],"curies":[{"name":"wp","href":"https:\/\/api.w.org\/{rel}","templated":true}]}}