{"id":97004,"date":"2021-06-05T17:40:05","date_gmt":"2021-06-05T21:40:05","guid":{"rendered":"https:\/\/www.avenuedesigncanada.com\/product\/linea-entertainment-console-3\/"},"modified":"2026-02-11T15:59:02","modified_gmt":"2026-02-11T20:59:02","slug":"console-media-linea-2","status":"publish","type":"product","link":"https:\/\/www.avenuedesigncanada.com\/fr\/product\/console-media-linea-2\/","title":{"rendered":"Console m\u00e9dia Linea"},"content":{"rendered":"<p><em>La console de divertissement Linea pr\u00e9sente les caract\u00e9ristiques suivantes :<\/em><\/p>\n<p> Finition Cerused Charcoal<br \/>\nCinq portes \u00e0 ouverture par pouss\u00e9e avec fa\u00e7ades fantaisie dimensionnelles<br \/>\nTablettes ventil\u00e9es r\u00e9glables et trous de passe-fils pour la gestion des fils<br \/>\nSocle avec glissi\u00e8res r\u00e9glables<\/p>\n<p>Options :<br \/>\nEgalement disponible en finition Cerused Greige<\/p>\n<p>Avez-vous des questions \u00e0 propos de ce produit ?<br \/>\nNos designers sont l\u00e0 pour vous aider. Appelez-nous au (514) 340-9351<\/p>\n","protected":false},"excerpt":{"rendered":"<p>La console de divertissement Linea en Cerused Charcoal poss\u00e8de cinq portes \u00e0 ouverture par pression avec des fa\u00e7ades dimensionnelles et des \u00e9tag\u00e8res ventil\u00e9es r\u00e9glables, offrant un rangement organis\u00e9 tout en compl\u00e9tant les int\u00e9rieurs contemporains.  <\/p>\n","protected":false},"featured_media":214951,"template":"","meta":{"_kad_blocks_custom_css":"","_kad_blocks_head_custom_js":"","_kad_blocks_body_custom_js":"","_kad_blocks_footer_custom_js":"","_kad_post_transparent":"","_kad_post_title":"","_kad_post_layout":"","_kad_post_sidebar_id":"","_kad_post_content_style":"","_kad_post_vertical_padding":"","_kad_post_feature":"","_kad_post_feature_position":"","_kad_post_header":false,"_kad_post_footer":false,"_kad_post_classname":""},"product_brand":[],"product_cat":[1326],"product_tag":[1844],"class_list":{"0":"post-97004","1":"product","2":"type-product","3":"status-publish","4":"has-post-thumbnail","6":"product_cat-cabinets-media","7":"product_tag-barcelona-cg-fr-2","9":"first","10":"instock","11":"product-type-simple","12":"entry","13":"content-bg","14":"loop-entry"},"taxonomy_info":{"product_cat":[{"value":1326,"label":"Meubles Media"}],"product_tag":[{"value":1844,"label":"BARCELONA - CG"}]},"featured_image_src_large":["https:\/\/www.avenuedesigncanada.com\/wp-content\/uploads\/2021\/06\/384870B-1024x1024.jpg",1024,1024,true],"author_info":[],"comment_info":"","_links":{"self":[{"href":"https:\/\/www.avenuedesigncanada.com\/fr\/wp-json\/wp\/v2\/product\/97004","targetHints":{"allow":["GET"]}}],"collection":[{"href":"https:\/\/www.avenuedesigncanada.com\/fr\/wp-json\/wp\/v2\/product"}],"about":[{"href":"https:\/\/www.avenuedesigncanada.com\/fr\/wp-json\/wp\/v2\/types\/product"}],"wp:featuredmedia":[{"embeddable":true,"href":"https:\/\/www.avenuedesigncanada.com\/fr\/wp-json\/wp\/v2\/media\/214951"}],"wp:attachment":[{"href":"https:\/\/www.avenuedesigncanada.com\/fr\/wp-json\/wp\/v2\/media?parent=97004"}],"wp:term":[{"taxonomy":"product_brand","embeddable":true,"href":"https:\/\/www.avenuedesigncanada.com\/fr\/wp-json\/wp\/v2\/product_brand?post=97004"},{"taxonomy":"product_cat","embeddable":true,"href":"https:\/\/www.avenuedesigncanada.com\/fr\/wp-json\/wp\/v2\/product_cat?post=97004"},{"taxonomy":"product_tag","embeddable":true,"href":"https:\/\/www.avenuedesigncanada.com\/fr\/wp-json\/wp\/v2\/product_tag?post=97004"}],"curies":[{"name":"wp","href":"https:\/\/api.w.org\/{rel}","templated":true}]}}