{"id":97020,"date":"2021-06-05T21:40:05","date_gmt":"2021-06-06T01:40:05","guid":{"rendered":"https:\/\/www.avenuedesigncanada.com\/product\/linea-desk\/"},"modified":"2026-02-11T15:59:02","modified_gmt":"2026-02-11T20:59:02","slug":"linea-desk","status":"publish","type":"product","link":"https:\/\/www.avenuedesigncanada.com\/fr\/product\/linea-desk\/","title":{"rendered":"Bureau Linea"},"content":{"rendered":"<p><em>Caract\u00e9ristiques du bureau de la Linea:<\/em><\/p>\n<p>Dessus et panneau de c\u00f4t\u00e9 en marbre Black Forest lamin\u00e9<\/p>\n<p>Pi\u00e9destal rond en fonte d&rsquo;aluminium au fini graphite textur\u00e9<\/p>\n<p>Pieds ajustables<\/p>\n<p>Avez-vous des questions \u00e0 propos de ce produit ?<\/p>\n<p>Nos designers sont l\u00e0 pour vous aider.<\/p>\n<p>Appelez-nous au (514) 340-9351<\/p>\n<p>&nbsp;<\/p>\n","protected":false},"excerpt":{"rendered":"<p>Avec son aspect artistique impeccable et son \u00e9l\u00e9gance discr\u00e8te, Linea \u00e9tablit une nouvelle norme pour les collections modernes rustiques. Plein de contrastes et d&rsquo;effets dramatiques, le bureau Linea associe les motifs audacieux du marbre Black Forest \u00e0 la fonte d&rsquo;aluminium textur\u00e9e dans un design asym\u00e9trique saisissant. Avec ses tons anthracite et ses stries blanc neige, le marbre conf\u00e8re un aspect \u00e9l\u00e9gant et haut de gamme. Ajoutant une couche de sophistication subtile, le pi\u00e9destal rond en fonte d&rsquo;aluminium pr\u00e9sente un fini graphite textur\u00e9 obtenu par un processus en plusieurs \u00e9tapes.<\/p>\n<p>&nbsp;<\/p>\n<p>&nbsp;<\/p>\n","protected":false},"featured_media":215094,"template":"","meta":{"_kad_blocks_custom_css":"","_kad_blocks_head_custom_js":"","_kad_blocks_body_custom_js":"","_kad_blocks_footer_custom_js":"","_kad_post_transparent":"default","_kad_post_title":"","_kad_post_layout":"default","_kad_post_sidebar_id":"","_kad_post_content_style":"default","_kad_post_vertical_padding":"default","_kad_post_feature":"","_kad_post_feature_position":"","_kad_post_header":false,"_kad_post_footer":false,"_kad_post_classname":""},"product_brand":[],"product_cat":[1310],"product_tag":[1844],"class_list":{"0":"post-97020","1":"product","2":"type-product","3":"status-publish","4":"has-post-thumbnail","6":"product_cat-bureaux","7":"product_tag-barcelona-cg-fr-2","9":"first","10":"instock","11":"product-type-simple","12":"entry","13":"content-bg","14":"loop-entry"},"taxonomy_info":{"product_cat":[{"value":1310,"label":"Bureaux"}],"product_tag":[{"value":1844,"label":"BARCELONA - CG"}]},"featured_image_src_large":["https:\/\/www.avenuedesigncanada.com\/wp-content\/uploads\/2021\/06\/K1100-1024x1024.jpg",1024,1024,true],"author_info":[],"comment_info":"","_links":{"self":[{"href":"https:\/\/www.avenuedesigncanada.com\/fr\/wp-json\/wp\/v2\/product\/97020","targetHints":{"allow":["GET"]}}],"collection":[{"href":"https:\/\/www.avenuedesigncanada.com\/fr\/wp-json\/wp\/v2\/product"}],"about":[{"href":"https:\/\/www.avenuedesigncanada.com\/fr\/wp-json\/wp\/v2\/types\/product"}],"wp:featuredmedia":[{"embeddable":true,"href":"https:\/\/www.avenuedesigncanada.com\/fr\/wp-json\/wp\/v2\/media\/215094"}],"wp:attachment":[{"href":"https:\/\/www.avenuedesigncanada.com\/fr\/wp-json\/wp\/v2\/media?parent=97020"}],"wp:term":[{"taxonomy":"product_brand","embeddable":true,"href":"https:\/\/www.avenuedesigncanada.com\/fr\/wp-json\/wp\/v2\/product_brand?post=97020"},{"taxonomy":"product_cat","embeddable":true,"href":"https:\/\/www.avenuedesigncanada.com\/fr\/wp-json\/wp\/v2\/product_cat?post=97020"},{"taxonomy":"product_tag","embeddable":true,"href":"https:\/\/www.avenuedesigncanada.com\/fr\/wp-json\/wp\/v2\/product_tag?post=97020"}],"curies":[{"name":"wp","href":"https:\/\/api.w.org\/{rel}","templated":true}]}}