{"id":97031,"date":"2021-06-05T17:40:04","date_gmt":"2021-06-05T21:40:04","guid":{"rendered":"https:\/\/www.avenuedesigncanada.com\/product\/linea-console-table-2\/"},"modified":"2026-02-11T15:59:03","modified_gmt":"2026-02-11T20:59:03","slug":"linea-console-table-2","status":"publish","type":"product","link":"https:\/\/www.avenuedesigncanada.com\/fr\/product\/linea-console-table-2\/","title":{"rendered":"Console Linea"},"content":{"rendered":"<p><em>La table console Linea pr\u00e9sente les caract\u00e9ristiques suivantes :<\/em><br \/>\nFinition Cerused Greige avec une caisse ouverte de l&rsquo;avant \u00e0 l&rsquo;arri\u00e8re et une \u00e9tag\u00e8re fixe en bas. Le dessus, l&rsquo;avant et l&rsquo;arri\u00e8re de la table sont recouverts d&rsquo;aluminium moul\u00e9 en finition Graphite textur\u00e9. Socle avec patins r\u00e9glables.   Aussi disponible dans le fini Cerused Charcoal.<\/p>\n<p>Vous avez des questions sur ce produit ?<br \/>\nNos concepteurs sont l\u00e0 pour vous aider.<br \/>\nAppelez-nous au (514) 340-9351<\/p>\n","protected":false},"excerpt":{"rendered":"<p>La table console Linea en Cerused Greige a un bo\u00eetier ouvert avec une \u00e9tag\u00e8re inf\u00e9rieure fixe et des accents textur\u00e9s en aluminium moul\u00e9 graphite. Le socle ajoute une touche raffin\u00e9e, tandis que la finition compl\u00e9mentaire anthracite est disponible en option.   <\/p>\n","protected":false},"featured_media":212972,"template":"","meta":{"_kad_blocks_custom_css":"","_kad_blocks_head_custom_js":"","_kad_blocks_body_custom_js":"","_kad_blocks_footer_custom_js":"","_kad_post_transparent":"","_kad_post_title":"","_kad_post_layout":"","_kad_post_sidebar_id":"","_kad_post_content_style":"","_kad_post_vertical_padding":"","_kad_post_feature":"","_kad_post_feature_position":"","_kad_post_header":false,"_kad_post_footer":false,"_kad_post_classname":""},"product_brand":[],"product_cat":[1328],"product_tag":[1844],"class_list":{"0":"post-97031","1":"product","2":"type-product","3":"status-publish","4":"has-post-thumbnail","6":"product_cat-consoles","7":"product_tag-barcelona-cg-fr-2","9":"first","10":"instock","11":"product-type-simple","12":"entry","13":"content-bg","14":"loop-entry"},"taxonomy_info":{"product_cat":[{"value":1328,"label":"Consoles"}],"product_tag":[{"value":1844,"label":"BARCELONA - CG"}]},"featured_image_src_large":["https:\/\/www.avenuedesigncanada.com\/wp-content\/uploads\/2021\/06\/384910G-1024x1024.jpg",1024,1024,true],"author_info":[],"comment_info":"","_links":{"self":[{"href":"https:\/\/www.avenuedesigncanada.com\/fr\/wp-json\/wp\/v2\/product\/97031","targetHints":{"allow":["GET"]}}],"collection":[{"href":"https:\/\/www.avenuedesigncanada.com\/fr\/wp-json\/wp\/v2\/product"}],"about":[{"href":"https:\/\/www.avenuedesigncanada.com\/fr\/wp-json\/wp\/v2\/types\/product"}],"wp:featuredmedia":[{"embeddable":true,"href":"https:\/\/www.avenuedesigncanada.com\/fr\/wp-json\/wp\/v2\/media\/212972"}],"wp:attachment":[{"href":"https:\/\/www.avenuedesigncanada.com\/fr\/wp-json\/wp\/v2\/media?parent=97031"}],"wp:term":[{"taxonomy":"product_brand","embeddable":true,"href":"https:\/\/www.avenuedesigncanada.com\/fr\/wp-json\/wp\/v2\/product_brand?post=97031"},{"taxonomy":"product_cat","embeddable":true,"href":"https:\/\/www.avenuedesigncanada.com\/fr\/wp-json\/wp\/v2\/product_cat?post=97031"},{"taxonomy":"product_tag","embeddable":true,"href":"https:\/\/www.avenuedesigncanada.com\/fr\/wp-json\/wp\/v2\/product_tag?post=97031"}],"curies":[{"name":"wp","href":"https:\/\/api.w.org\/{rel}","templated":true}]}}