{"id":97045,"date":"2021-06-05T17:40:04","date_gmt":"2021-06-05T21:40:04","guid":{"rendered":"https:\/\/www.avenuedesigncanada.com\/product\/linea-metal-round-chairside-table-2\/"},"modified":"2026-02-11T15:59:03","modified_gmt":"2026-02-11T20:59:03","slug":"table-dappoint-en-metal-linea-2","status":"publish","type":"product","link":"https:\/\/www.avenuedesigncanada.com\/fr\/product\/table-dappoint-en-metal-linea-2\/","title":{"rendered":"Table d&rsquo;appoint en m\u00e9tal Linea"},"content":{"rendered":"<p><em>La table de chevet ronde en m\u00e9tal Linea pr\u00e9sente les caract\u00e9ristiques suivantes :<\/em><br \/>\nConstruction envelopp\u00e9e d&rsquo;aluminium<br \/>\nFinition graphite textur\u00e9e<br \/>\nSilhouette moderne \u00e9pur\u00e9e<\/p>\n<p>Avez-vous des questions \u00e0 propos de ce produit ? Nos designers sont l\u00e0 pour vous aider.  Appelez-nous au (514) 340-9351<\/p>\n","protected":false},"excerpt":{"rendered":"<p>La collection Linea de Bernhardt allie avec art les \u00e9l\u00e9ments naturels du design rustique \u00e0 des lignes \u00e9pur\u00e9es et \u00e0 des finitions d\u00e9contract\u00e9es mais luxueuses. Cette table de chevet pr\u00e9sente un plateau rond et \u00e9pais reposant sur une base en forme de c\u00f4ne, qui se distingue par sa forme g\u00e9om\u00e9trique audacieuse. Envelopp\u00e9e d&rsquo;aluminium avec une finition graphite textur\u00e9e, la table fusionne la chaleur rustique avec le style moderne.  <\/p>\n","protected":false},"featured_media":216502,"template":"","meta":{"_kad_blocks_custom_css":"","_kad_blocks_head_custom_js":"","_kad_blocks_body_custom_js":"","_kad_blocks_footer_custom_js":"","_kad_post_transparent":"","_kad_post_title":"","_kad_post_layout":"","_kad_post_sidebar_id":"","_kad_post_content_style":"","_kad_post_vertical_padding":"","_kad_post_feature":"","_kad_post_feature_position":"","_kad_post_header":false,"_kad_post_footer":false,"_kad_post_classname":""},"product_brand":[],"product_cat":[1323],"product_tag":[1844],"class_list":{"0":"post-97045","1":"product","2":"type-product","3":"status-publish","4":"has-post-thumbnail","6":"product_cat-salon-tables-dappoint","7":"product_tag-barcelona-cg-fr-2","9":"first","10":"instock","11":"product-type-simple","12":"entry","13":"content-bg","14":"loop-entry"},"taxonomy_info":{"product_cat":[{"value":1323,"label":"Tables d'appoint"}],"product_tag":[{"value":1844,"label":"BARCELONA - CG"}]},"featured_image_src_large":["https:\/\/www.avenuedesigncanada.com\/wp-content\/uploads\/2021\/06\/384122-1024x1024.jpg",1024,1024,true],"author_info":[],"comment_info":"","_links":{"self":[{"href":"https:\/\/www.avenuedesigncanada.com\/fr\/wp-json\/wp\/v2\/product\/97045","targetHints":{"allow":["GET"]}}],"collection":[{"href":"https:\/\/www.avenuedesigncanada.com\/fr\/wp-json\/wp\/v2\/product"}],"about":[{"href":"https:\/\/www.avenuedesigncanada.com\/fr\/wp-json\/wp\/v2\/types\/product"}],"wp:featuredmedia":[{"embeddable":true,"href":"https:\/\/www.avenuedesigncanada.com\/fr\/wp-json\/wp\/v2\/media\/216502"}],"wp:attachment":[{"href":"https:\/\/www.avenuedesigncanada.com\/fr\/wp-json\/wp\/v2\/media?parent=97045"}],"wp:term":[{"taxonomy":"product_brand","embeddable":true,"href":"https:\/\/www.avenuedesigncanada.com\/fr\/wp-json\/wp\/v2\/product_brand?post=97045"},{"taxonomy":"product_cat","embeddable":true,"href":"https:\/\/www.avenuedesigncanada.com\/fr\/wp-json\/wp\/v2\/product_cat?post=97045"},{"taxonomy":"product_tag","embeddable":true,"href":"https:\/\/www.avenuedesigncanada.com\/fr\/wp-json\/wp\/v2\/product_tag?post=97045"}],"curies":[{"name":"wp","href":"https:\/\/api.w.org\/{rel}","templated":true}]}}