{"id":97159,"date":"2021-06-05T21:39:30","date_gmt":"2021-06-06T01:39:30","guid":{"rendered":"https:\/\/www.avenuedesigncanada.com\/product\/circlet-cocktail-table\/"},"modified":"2026-02-11T15:59:04","modified_gmt":"2026-02-11T20:59:04","slug":"circlet-cocktail-table","status":"publish","type":"product","link":"https:\/\/www.avenuedesigncanada.com\/fr\/product\/circlet-cocktail-table\/","title":{"rendered":"Table \u00e0 caf\u00e9 Circlet"},"content":{"rendered":"<p><em>La table \u00e0 cocktail Circlet pr\u00e9sente les caract\u00e9ristiques suivantes :<\/em><\/p>\n<p>Sept petites tables en fonte d&rsquo;aluminium de diff\u00e9rentes tailles reli\u00e9es \u00e0 une base centrale<br \/>\nFinition graphite<br \/>\nPatins r\u00e9glables<\/p>\n<p>Vous avez des questions sur ce produit ? Nos concepteurs sont l\u00e0 pour vous aider. Appelez-nous au (514) 340-9351  <\/p>\n","protected":false},"excerpt":{"rendered":"<p>Fabriqu\u00e9e en fonte d&rsquo;aluminium dans une finition graphite, la table \u00e0 cocktail Circlet comprend sept tables tulipes de tailles diff\u00e9rentes avec des tiges minces les reliant \u00e0 une base centrale. Ce design sculptural et organique offre forme et mouvement avec un attrait unique. <\/p>\n","protected":false},"featured_media":217722,"template":"","meta":{"_kad_blocks_custom_css":"","_kad_blocks_head_custom_js":"","_kad_blocks_body_custom_js":"","_kad_blocks_footer_custom_js":"","_kad_post_transparent":"","_kad_post_title":"","_kad_post_layout":"","_kad_post_sidebar_id":"","_kad_post_content_style":"","_kad_post_vertical_padding":"","_kad_post_feature":"","_kad_post_feature_position":"","_kad_post_header":false,"_kad_post_footer":false,"_kad_post_classname":""},"product_brand":[],"product_cat":[1327],"product_tag":[1844],"class_list":{"0":"post-97159","1":"product","2":"type-product","3":"status-publish","4":"has-post-thumbnail","6":"product_cat-salon-tables-a-cafe","7":"product_tag-barcelona-cg-fr-2","9":"first","10":"instock","11":"product-type-simple","12":"entry","13":"content-bg","14":"loop-entry"},"taxonomy_info":{"product_cat":[{"value":1327,"label":"Tables \u00e0 caf\u00e9"}],"product_tag":[{"value":1844,"label":"BARCELONA - CG"}]},"featured_image_src_large":["https:\/\/www.avenuedesigncanada.com\/wp-content\/uploads\/2021\/06\/382024-1024x1024.jpg",1024,1024,true],"author_info":[],"comment_info":"","_links":{"self":[{"href":"https:\/\/www.avenuedesigncanada.com\/fr\/wp-json\/wp\/v2\/product\/97159","targetHints":{"allow":["GET"]}}],"collection":[{"href":"https:\/\/www.avenuedesigncanada.com\/fr\/wp-json\/wp\/v2\/product"}],"about":[{"href":"https:\/\/www.avenuedesigncanada.com\/fr\/wp-json\/wp\/v2\/types\/product"}],"wp:featuredmedia":[{"embeddable":true,"href":"https:\/\/www.avenuedesigncanada.com\/fr\/wp-json\/wp\/v2\/media\/217722"}],"wp:attachment":[{"href":"https:\/\/www.avenuedesigncanada.com\/fr\/wp-json\/wp\/v2\/media?parent=97159"}],"wp:term":[{"taxonomy":"product_brand","embeddable":true,"href":"https:\/\/www.avenuedesigncanada.com\/fr\/wp-json\/wp\/v2\/product_brand?post=97159"},{"taxonomy":"product_cat","embeddable":true,"href":"https:\/\/www.avenuedesigncanada.com\/fr\/wp-json\/wp\/v2\/product_cat?post=97159"},{"taxonomy":"product_tag","embeddable":true,"href":"https:\/\/www.avenuedesigncanada.com\/fr\/wp-json\/wp\/v2\/product_tag?post=97159"}],"curies":[{"name":"wp","href":"https:\/\/api.w.org\/{rel}","templated":true}]}}