{"id":97204,"date":"2021-06-05T17:40:42","date_gmt":"2021-06-05T21:40:42","guid":{"rendered":"https:\/\/www.avenuedesigncanada.com\/product\/strata-marble-cocktail-table\/"},"modified":"2026-02-11T15:59:05","modified_gmt":"2026-02-11T20:59:05","slug":"strata-marble-cocktail-table","status":"publish","type":"product","link":"https:\/\/www.avenuedesigncanada.com\/fr\/product\/strata-marble-cocktail-table\/","title":{"rendered":"Table \u00e0 caf\u00e9  Strata Marble"},"content":{"rendered":"<p><em>La table \u00e0 cocktail Strata Marble pr\u00e9sente les caract\u00e9ristiques suivantes :<\/em><\/p>\n<p>Plateau en marbre stratifi\u00e9 for\u00eat noire<br \/>\nBase solide en aluminium moul\u00e9 au fini graphite textur\u00e9<br \/>\nCon\u00e7ue pour s&#8217;embo\u00eeter au-dessus de la table \u00e0 cocktail 382-031<\/p>\n<p>Vous avez des questions sur ce produit ? Nos concepteurs sont l\u00e0 pour vous aider. Appelez-nous au (514) 340-9351  <\/p>\n","protected":false},"excerpt":{"rendered":"<p>La table \u00e0 cocktail Strata allie un style rustique et contemporain dans un design inoubliable. Un \u00e9l\u00e9gant plateau rectangulaire en marbre Black Forest pr\u00e9sente des veines noires et blanches dans un motif rappelant le grain du bois. Fabriqu\u00e9e en fonte d&rsquo;aluminium massif dans une finition Graphite textur\u00e9, la base \u00e9lanc\u00e9e \u00e0 quatre pieds repr\u00e9sente une harmonie entre le minimalisme moderne et le style industriel.  <\/p>\n","protected":false},"featured_media":217701,"template":"","meta":{"_kad_blocks_custom_css":"","_kad_blocks_head_custom_js":"","_kad_blocks_body_custom_js":"","_kad_blocks_footer_custom_js":"","_kad_post_transparent":"","_kad_post_title":"","_kad_post_layout":"","_kad_post_sidebar_id":"","_kad_post_content_style":"","_kad_post_vertical_padding":"","_kad_post_feature":"","_kad_post_feature_position":"","_kad_post_header":false,"_kad_post_footer":false,"_kad_post_classname":""},"product_brand":[],"product_cat":[1327],"product_tag":[1844],"class_list":{"0":"post-97204","1":"product","2":"type-product","3":"status-publish","4":"has-post-thumbnail","6":"product_cat-salon-tables-a-cafe","7":"product_tag-barcelona-cg-fr-2","9":"first","10":"instock","11":"product-type-simple","12":"entry","13":"content-bg","14":"loop-entry"},"taxonomy_info":{"product_cat":[{"value":1327,"label":"Tables \u00e0 caf\u00e9"}],"product_tag":[{"value":1844,"label":"BARCELONA - CG"}]},"featured_image_src_large":["https:\/\/www.avenuedesigncanada.com\/wp-content\/uploads\/2021\/06\/382030-1-1024x1024.jpg",1024,1024,true],"author_info":[],"comment_info":"","_links":{"self":[{"href":"https:\/\/www.avenuedesigncanada.com\/fr\/wp-json\/wp\/v2\/product\/97204","targetHints":{"allow":["GET"]}}],"collection":[{"href":"https:\/\/www.avenuedesigncanada.com\/fr\/wp-json\/wp\/v2\/product"}],"about":[{"href":"https:\/\/www.avenuedesigncanada.com\/fr\/wp-json\/wp\/v2\/types\/product"}],"wp:featuredmedia":[{"embeddable":true,"href":"https:\/\/www.avenuedesigncanada.com\/fr\/wp-json\/wp\/v2\/media\/217701"}],"wp:attachment":[{"href":"https:\/\/www.avenuedesigncanada.com\/fr\/wp-json\/wp\/v2\/media?parent=97204"}],"wp:term":[{"taxonomy":"product_brand","embeddable":true,"href":"https:\/\/www.avenuedesigncanada.com\/fr\/wp-json\/wp\/v2\/product_brand?post=97204"},{"taxonomy":"product_cat","embeddable":true,"href":"https:\/\/www.avenuedesigncanada.com\/fr\/wp-json\/wp\/v2\/product_cat?post=97204"},{"taxonomy":"product_tag","embeddable":true,"href":"https:\/\/www.avenuedesigncanada.com\/fr\/wp-json\/wp\/v2\/product_tag?post=97204"}],"curies":[{"name":"wp","href":"https:\/\/api.w.org\/{rel}","templated":true}]}}