{"id":97209,"date":"2021-06-05T17:40:42","date_gmt":"2021-06-05T21:40:42","guid":{"rendered":"https:\/\/www.avenuedesigncanada.com\/product\/strata-charcoal-cocktail-table\/"},"modified":"2026-02-11T15:59:07","modified_gmt":"2026-02-11T20:59:07","slug":"strata-charcoal-cocktail-table","status":"publish","type":"product","link":"https:\/\/www.avenuedesigncanada.com\/fr\/product\/strata-charcoal-cocktail-table\/","title":{"rendered":"Table \u00e0 caf\u00e9  Strata Charcoal"},"content":{"rendered":"<p><em>La table \u00e0 cocktail Strata Charcoal pr\u00e9sente les caract\u00e9ristiques suivantes :<\/em><\/p>\n<p>Plateau en bois fantaisie plaqu\u00e9 ch\u00eane blanc<br \/>\nBase solide en aluminium moul\u00e9 au fini graphite textur\u00e9<br \/>\nCon\u00e7ue pour s&#8217;embo\u00eeter sous la table \u00e0 cocktail 382-030<\/p>\n<p>Vous avez des questions sur ce produit ? Nos concepteurs sont l\u00e0 pour vous aider. Appelez-nous au (514) 340-9351  <\/p>\n","protected":false},"excerpt":{"rendered":"<p>La table \u00e0 cocktail Strata est dot\u00e9e d&rsquo;un plateau \u00e0 facettes fantaisie fabriqu\u00e9 \u00e0 partir de placages de ch\u00eane blanc dans une finition Cerused Charcoal. Pour compl\u00e9ter le look minimaliste, la base est fabriqu\u00e9e \u00e0 partir d&rsquo;aluminium massif et moul\u00e9 dans un fini Graphite textur\u00e9. Contemporaine et rustique, cette pi\u00e8ce offre une fonctionnalit\u00e9 avec un attrait chic et moderne.  <\/p>\n","protected":false},"featured_media":217697,"template":"","meta":{"_kad_blocks_custom_css":"","_kad_blocks_head_custom_js":"","_kad_blocks_body_custom_js":"","_kad_blocks_footer_custom_js":"","_kad_post_transparent":"","_kad_post_title":"","_kad_post_layout":"","_kad_post_sidebar_id":"","_kad_post_content_style":"","_kad_post_vertical_padding":"","_kad_post_feature":"","_kad_post_feature_position":"","_kad_post_header":false,"_kad_post_footer":false,"_kad_post_classname":""},"product_brand":[],"product_cat":[1327],"product_tag":[1844],"class_list":{"0":"post-97209","1":"product","2":"type-product","3":"status-publish","4":"has-post-thumbnail","6":"product_cat-salon-tables-a-cafe","7":"product_tag-barcelona-cg-fr-2","9":"first","10":"instock","11":"product-type-simple","12":"entry","13":"content-bg","14":"loop-entry"},"taxonomy_info":{"product_cat":[{"value":1327,"label":"Tables \u00e0 caf\u00e9"}],"product_tag":[{"value":1844,"label":"BARCELONA - CG"}]},"featured_image_src_large":["https:\/\/www.avenuedesigncanada.com\/wp-content\/uploads\/2021\/06\/382031-1024x1024.jpg",1024,1024,true],"author_info":[],"comment_info":"","_links":{"self":[{"href":"https:\/\/www.avenuedesigncanada.com\/fr\/wp-json\/wp\/v2\/product\/97209","targetHints":{"allow":["GET"]}}],"collection":[{"href":"https:\/\/www.avenuedesigncanada.com\/fr\/wp-json\/wp\/v2\/product"}],"about":[{"href":"https:\/\/www.avenuedesigncanada.com\/fr\/wp-json\/wp\/v2\/types\/product"}],"wp:featuredmedia":[{"embeddable":true,"href":"https:\/\/www.avenuedesigncanada.com\/fr\/wp-json\/wp\/v2\/media\/217697"}],"wp:attachment":[{"href":"https:\/\/www.avenuedesigncanada.com\/fr\/wp-json\/wp\/v2\/media?parent=97209"}],"wp:term":[{"taxonomy":"product_brand","embeddable":true,"href":"https:\/\/www.avenuedesigncanada.com\/fr\/wp-json\/wp\/v2\/product_brand?post=97209"},{"taxonomy":"product_cat","embeddable":true,"href":"https:\/\/www.avenuedesigncanada.com\/fr\/wp-json\/wp\/v2\/product_cat?post=97209"},{"taxonomy":"product_tag","embeddable":true,"href":"https:\/\/www.avenuedesigncanada.com\/fr\/wp-json\/wp\/v2\/product_tag?post=97209"}],"curies":[{"name":"wp","href":"https:\/\/api.w.org\/{rel}","templated":true}]}}