{"id":97243,"date":"2021-06-05T17:40:30","date_gmt":"2021-06-05T21:40:30","guid":{"rendered":"https:\/\/www.avenuedesigncanada.com\/product\/circlet-bunching-end-tables\/"},"modified":"2026-02-11T15:59:07","modified_gmt":"2026-02-11T20:59:07","slug":"circlet-bunching-end-tables","status":"publish","type":"product","link":"https:\/\/www.avenuedesigncanada.com\/fr\/product\/circlet-bunching-end-tables\/","title":{"rendered":"Tables d&rsquo;extr\u00e9mit\u00e9 Circlet Bunching"},"content":{"rendered":"<p><em>Les tables d&rsquo;extr\u00e9mit\u00e9 Circlet Bunching se caract\u00e9risent par :<\/em><br \/>\nDeux tables en fonte d&rsquo;aluminium de tailles diff\u00e9rentes<br \/>\nBase centrale de connexion<br \/>\nFinition graphite<\/p>\n<p>Avez-vous des questions \u00e0 propos de ce produit ? Nos designers sont l\u00e0 pour vous aider.  Appelez-nous au (514) 340-9351<\/p>\n","protected":false},"excerpt":{"rendered":"<p>Deux tables en aluminium moul\u00e9 s&#8217;embo\u00eetent gracieusement sur une base centrale, cr\u00e9ant un accent polyvalent et sculptural pour n&rsquo;importe quel espace de vie. La finition graphite ajoute une touche moderne et industrielle, tandis que les diff\u00e9rentes tailles permettent une disposition flexible et un int\u00e9r\u00eat visuel en couches. <\/p>\n","protected":false},"featured_media":90447,"template":"","meta":{"_kad_blocks_custom_css":"","_kad_blocks_head_custom_js":"","_kad_blocks_body_custom_js":"","_kad_blocks_footer_custom_js":"","_kad_post_transparent":"","_kad_post_title":"","_kad_post_layout":"","_kad_post_sidebar_id":"","_kad_post_content_style":"","_kad_post_vertical_padding":"","_kad_post_feature":"","_kad_post_feature_position":"","_kad_post_header":false,"_kad_post_footer":false,"_kad_post_classname":""},"product_brand":[],"product_cat":[1323],"product_tag":[1844],"class_list":{"0":"post-97243","1":"product","2":"type-product","3":"status-publish","4":"has-post-thumbnail","6":"product_cat-salon-tables-dappoint","7":"product_tag-barcelona-cg-fr-2","9":"first","10":"instock","11":"product-type-simple","12":"entry","13":"content-bg","14":"loop-entry"},"taxonomy_info":{"product_cat":[{"value":1323,"label":"Tables d'appoint"}],"product_tag":[{"value":1844,"label":"BARCELONA - CG"}]},"featured_image_src_large":["https:\/\/www.avenuedesigncanada.com\/wp-content\/uploads\/2021\/02\/bernhardt_interiors_circlet_bunching_end_tables_382-158-e1545068544113.jpg",800,759,false],"author_info":[],"comment_info":"","_links":{"self":[{"href":"https:\/\/www.avenuedesigncanada.com\/fr\/wp-json\/wp\/v2\/product\/97243","targetHints":{"allow":["GET"]}}],"collection":[{"href":"https:\/\/www.avenuedesigncanada.com\/fr\/wp-json\/wp\/v2\/product"}],"about":[{"href":"https:\/\/www.avenuedesigncanada.com\/fr\/wp-json\/wp\/v2\/types\/product"}],"wp:featuredmedia":[{"embeddable":true,"href":"https:\/\/www.avenuedesigncanada.com\/fr\/wp-json\/wp\/v2\/media\/90447"}],"wp:attachment":[{"href":"https:\/\/www.avenuedesigncanada.com\/fr\/wp-json\/wp\/v2\/media?parent=97243"}],"wp:term":[{"taxonomy":"product_brand","embeddable":true,"href":"https:\/\/www.avenuedesigncanada.com\/fr\/wp-json\/wp\/v2\/product_brand?post=97243"},{"taxonomy":"product_cat","embeddable":true,"href":"https:\/\/www.avenuedesigncanada.com\/fr\/wp-json\/wp\/v2\/product_cat?post=97243"},{"taxonomy":"product_tag","embeddable":true,"href":"https:\/\/www.avenuedesigncanada.com\/fr\/wp-json\/wp\/v2\/product_tag?post=97243"}],"curies":[{"name":"wp","href":"https:\/\/api.w.org\/{rel}","templated":true}]}}