{"id":97248,"date":"2021-06-05T17:40:42","date_gmt":"2021-06-05T21:40:42","guid":{"rendered":"https:\/\/www.avenuedesigncanada.com\/product\/harlow-metal-square-end-table\/"},"modified":"2026-02-11T15:59:08","modified_gmt":"2026-02-11T20:59:08","slug":"table-de-bout-carree-harlow","status":"publish","type":"product","link":"https:\/\/www.avenuedesigncanada.com\/fr\/product\/table-de-bout-carree-harlow\/","title":{"rendered":"Table de bout carr\u00e9e Harlow"},"content":{"rendered":"<p><em>La table d&rsquo;extr\u00e9mit\u00e9 carr\u00e9e Harlow en m\u00e9tal pr\u00e9sente les caract\u00e9ristiques suivantes :<\/em><br \/>\nPlateau en verre tremp\u00e9 avec bord biseaut\u00e9<br \/>\nStructure et montants en acier tubulaire<br \/>\nFinition en bronze huil\u00e9<br \/>\nTablette en pierre travertin blanche<\/p>\n<p>Avez-vous des questions \u00e0 propos de ce produit ? Nos designers sont l\u00e0 pour vous aider.  Appelez-nous au (514) 340-9351<\/p>\n","protected":false},"excerpt":{"rendered":"<p>omposant un design moderne et des mat\u00e9riaux classiques, cette table pr\u00e9sente un plateau en verre biseaut\u00e9 soutenu par un cadre en acier tubulaire en bronze huil\u00e9. Une \u00e9tag\u00e8re en travertin blanc ajoute de la profondeur et de l&rsquo;int\u00e9r\u00eat visuel, tandis que les lignes \u00e9pur\u00e9es et la construction durable en font un \u00e9l\u00e9ment polyvalent pour les salons, les bureaux ou les espaces de d\u00e9tente. <\/p>\n","protected":false},"featured_media":387154,"template":"","meta":{"_kad_blocks_custom_css":"","_kad_blocks_head_custom_js":"","_kad_blocks_body_custom_js":"","_kad_blocks_footer_custom_js":"","_kad_post_transparent":"","_kad_post_title":"","_kad_post_layout":"","_kad_post_sidebar_id":"","_kad_post_content_style":"","_kad_post_vertical_padding":"","_kad_post_feature":"","_kad_post_feature_position":"","_kad_post_header":false,"_kad_post_footer":false,"_kad_post_classname":""},"product_brand":[],"product_cat":[1323],"product_tag":[1844],"class_list":{"0":"post-97248","1":"product","2":"type-product","3":"status-publish","4":"has-post-thumbnail","6":"product_cat-salon-tables-dappoint","7":"product_tag-barcelona-cg-fr-2","9":"first","10":"instock","11":"product-type-simple","12":"entry","13":"content-bg","14":"loop-entry"},"taxonomy_info":{"product_cat":[{"value":1323,"label":"Tables d'appoint"}],"product_tag":[{"value":1844,"label":"BARCELONA - CG"}]},"featured_image_src_large":["https:\/\/www.avenuedesigncanada.com\/wp-content\/uploads\/2021\/06\/514121-1024x1024.jpg",1024,1024,true],"author_info":[],"comment_info":"","_links":{"self":[{"href":"https:\/\/www.avenuedesigncanada.com\/fr\/wp-json\/wp\/v2\/product\/97248","targetHints":{"allow":["GET"]}}],"collection":[{"href":"https:\/\/www.avenuedesigncanada.com\/fr\/wp-json\/wp\/v2\/product"}],"about":[{"href":"https:\/\/www.avenuedesigncanada.com\/fr\/wp-json\/wp\/v2\/types\/product"}],"wp:featuredmedia":[{"embeddable":true,"href":"https:\/\/www.avenuedesigncanada.com\/fr\/wp-json\/wp\/v2\/media\/387154"}],"wp:attachment":[{"href":"https:\/\/www.avenuedesigncanada.com\/fr\/wp-json\/wp\/v2\/media?parent=97248"}],"wp:term":[{"taxonomy":"product_brand","embeddable":true,"href":"https:\/\/www.avenuedesigncanada.com\/fr\/wp-json\/wp\/v2\/product_brand?post=97248"},{"taxonomy":"product_cat","embeddable":true,"href":"https:\/\/www.avenuedesigncanada.com\/fr\/wp-json\/wp\/v2\/product_cat?post=97248"},{"taxonomy":"product_tag","embeddable":true,"href":"https:\/\/www.avenuedesigncanada.com\/fr\/wp-json\/wp\/v2\/product_tag?post=97248"}],"curies":[{"name":"wp","href":"https:\/\/api.w.org\/{rel}","templated":true}]}}