{"id":97261,"date":"2021-06-05T17:40:42","date_gmt":"2021-06-05T21:40:42","guid":{"rendered":"https:\/\/www.avenuedesigncanada.com\/product\/harlow-metal-rectangular-cocktail-table\/"},"modified":"2026-02-11T15:59:08","modified_gmt":"2026-02-11T20:59:08","slug":"harlow-metal-rectangular-cocktail-table","status":"publish","type":"product","link":"https:\/\/www.avenuedesigncanada.com\/fr\/product\/harlow-metal-rectangular-cocktail-table\/","title":{"rendered":"Table \u00e0 caf\u00e9  Harlow Metal Rectangular"},"content":{"rendered":"<p><em>La table cocktail rectangulaire Harlow en m\u00e9tal pr\u00e9sente les caract\u00e9ristiques suivantes :<\/em><\/p>\n<p>Plateau en verre tremp\u00e9 avec bord biseaut\u00e9<br \/>\nCadre et montants en acier tubulaire avec finition bronze huil\u00e9<br \/>\nTablette en pierre travertin blanche<\/p>\n<p>Vous avez des questions sur ce produit ? Nos concepteurs sont l\u00e0 pour vous aider. Appelez-nous au (514) 340-9351  <\/p>\n","protected":false},"excerpt":{"rendered":"<p>Avec ses lignes \u00e9pur\u00e9es et ses formes quadrilat\u00e9rales, la table \u00e0 cocktail rectangulaire Harlow offre un attrait contemporain. Le design unique \u00e0 cadre ouvert comprend une base et des montants en acier tubulaire avec une finition en bronze huil\u00e9. Une tablette en pierre travertin blanche ajoute un \u00e9l\u00e9ment naturel, tandis qu&rsquo;un \u00e9l\u00e9gant plateau en verre tremp\u00e9 contribue \u00e0 l&rsquo;impression de l\u00e9g\u00e8ret\u00e9.  <\/p>\n","protected":false},"featured_media":217684,"template":"","meta":{"_kad_blocks_custom_css":"","_kad_blocks_head_custom_js":"","_kad_blocks_body_custom_js":"","_kad_blocks_footer_custom_js":"","_kad_post_transparent":"","_kad_post_title":"","_kad_post_layout":"","_kad_post_sidebar_id":"","_kad_post_content_style":"","_kad_post_vertical_padding":"","_kad_post_feature":"","_kad_post_feature_position":"","_kad_post_header":false,"_kad_post_footer":false,"_kad_post_classname":""},"product_brand":[],"product_cat":[1327],"product_tag":[1844],"class_list":{"0":"post-97261","1":"product","2":"type-product","3":"status-publish","4":"has-post-thumbnail","6":"product_cat-salon-tables-a-cafe","7":"product_tag-barcelona-cg-fr-2","9":"first","10":"instock","11":"product-type-simple","12":"entry","13":"content-bg","14":"loop-entry"},"taxonomy_info":{"product_cat":[{"value":1327,"label":"Tables \u00e0 caf\u00e9"}],"product_tag":[{"value":1844,"label":"BARCELONA - CG"}]},"featured_image_src_large":["https:\/\/www.avenuedesigncanada.com\/wp-content\/uploads\/2021\/06\/514021-2-1024x1024.jpg",1024,1024,true],"author_info":[],"comment_info":"","_links":{"self":[{"href":"https:\/\/www.avenuedesigncanada.com\/fr\/wp-json\/wp\/v2\/product\/97261","targetHints":{"allow":["GET"]}}],"collection":[{"href":"https:\/\/www.avenuedesigncanada.com\/fr\/wp-json\/wp\/v2\/product"}],"about":[{"href":"https:\/\/www.avenuedesigncanada.com\/fr\/wp-json\/wp\/v2\/types\/product"}],"wp:featuredmedia":[{"embeddable":true,"href":"https:\/\/www.avenuedesigncanada.com\/fr\/wp-json\/wp\/v2\/media\/217684"}],"wp:attachment":[{"href":"https:\/\/www.avenuedesigncanada.com\/fr\/wp-json\/wp\/v2\/media?parent=97261"}],"wp:term":[{"taxonomy":"product_brand","embeddable":true,"href":"https:\/\/www.avenuedesigncanada.com\/fr\/wp-json\/wp\/v2\/product_brand?post=97261"},{"taxonomy":"product_cat","embeddable":true,"href":"https:\/\/www.avenuedesigncanada.com\/fr\/wp-json\/wp\/v2\/product_cat?post=97261"},{"taxonomy":"product_tag","embeddable":true,"href":"https:\/\/www.avenuedesigncanada.com\/fr\/wp-json\/wp\/v2\/product_tag?post=97261"}],"curies":[{"name":"wp","href":"https:\/\/api.w.org\/{rel}","templated":true}]}}