{"id":97321,"date":"2021-06-05T17:40:53","date_gmt":"2021-06-05T21:40:53","guid":{"rendered":"https:\/\/www.avenuedesigncanada.com\/product\/sectionnel-ormont\/"},"modified":"2026-02-11T15:59:09","modified_gmt":"2026-02-11T20:59:09","slug":"modulaire-ormont","status":"publish","type":"product","link":"https:\/\/www.avenuedesigncanada.com\/fr\/product\/modulaire-ormont\/","title":{"rendered":"Sectionnel Ormont"},"content":{"rendered":"<p><em><span style=\"font-weight: 400;\">Caract\u00e9ristiques du canap\u00e9 modulable Ormont :<\/span><\/em><\/p>\n<p>Des coussins de dossier en Poly\/Duvet<\/p>\n<p>Des coussins d\u2019assise en mousse avec housse de duvet<\/p>\n<p>Des pattes en metal<\/p>\n<p>Une structure en bois massif<\/p>\n<p>Fait au Canada<\/p>\n<p>Options:<\/p>\n<p>Disponible en diff\u00e9rents tissus ou cuirs<\/p>\n<p>Pieds en m\u00e9tal disponibles en Nickel, Laiton ou Noir<\/p>\n<p>Pieds en bois \u00e9galement disponibles en diff\u00e9rents finis<\/p>\n<p>Disponible en diff\u00e9rentes configurations, ainsi qu&rsquo;en causeuse, sofa et fauteuil<\/p>\n<p><span style=\"font-weight: 400;\">Vous avez des questions sur ce produit ?<\/p>\n<p><\/span><span style=\"font-weight: 400;\">Nos designers sont l\u00e0 pour vous aider.<\/span> <span style=\"font-weight: 400;\">Appelez-nous au (514) 340-9351.<\/span><\/p>\n","protected":false},"excerpt":{"rendered":"<p>Le canap\u00e9 modulable Ormont allie un style contemporain \u00e0 un confort et un savoir-faire exceptionnels. Dot\u00e9 de coussins de dossier moelleux en polyester et duvet et de coussins d&rsquo;assise en mousse \u00e0 m\u00e9moire de forme recouverts d&rsquo;un m\u00e9lange de duvet doux, il offre une exp\u00e9rience d&rsquo;assise luxueuse et accueillante. Ses pieds m\u00e9talliques \u00e9l\u00e9gants lui conf\u00e8rent une touche moderne, tandis que son cadre en bois massif lui assure une durabilit\u00e9 \u00e0 toute \u00e9preuve. Fi\u00e8rement fabriqu\u00e9 au Canada, le canap\u00e9 d&rsquo;angle Ormont est une pi\u00e8ce ma\u00eetresse sophistiqu\u00e9e con\u00e7ue pour rehausser votre espace de vie avec un confort, une \u00e9l\u00e9gance et une qualit\u00e9 auxquels vous pouvez faire confiance.<\/p>\n","protected":false},"featured_media":215300,"template":"","meta":{"_kad_blocks_custom_css":"","_kad_blocks_head_custom_js":"","_kad_blocks_body_custom_js":"","_kad_blocks_footer_custom_js":"","_kad_post_transparent":"default","_kad_post_title":"","_kad_post_layout":"default","_kad_post_sidebar_id":"","_kad_post_content_style":"default","_kad_post_vertical_padding":"default","_kad_post_feature":"","_kad_post_feature_position":"","_kad_post_header":false,"_kad_post_footer":false,"_kad_post_classname":""},"product_brand":[],"product_cat":[1324,1967],"product_tag":[1371],"class_list":{"0":"post-97321","1":"product","2":"type-product","3":"status-publish","4":"has-post-thumbnail","6":"product_cat-meubles-modulaires","7":"product_cat-modulaire-sur-mesure","8":"product_tag-hkhaju-fr","10":"first","11":"instock","12":"product-type-simple","13":"entry","14":"content-bg","15":"loop-entry"},"taxonomy_info":{"product_cat":[{"value":1324,"label":"Meubles modulaires"},{"value":1967,"label":"modulaire sur mesure"}],"product_tag":[{"value":1371,"label":"HKHAJU"}]},"featured_image_src_large":["https:\/\/www.avenuedesigncanada.com\/wp-content\/uploads\/2021\/06\/Ormond-front-1280x606-2.jpg",954,954,false],"author_info":[],"comment_info":"","_links":{"self":[{"href":"https:\/\/www.avenuedesigncanada.com\/fr\/wp-json\/wp\/v2\/product\/97321","targetHints":{"allow":["GET"]}}],"collection":[{"href":"https:\/\/www.avenuedesigncanada.com\/fr\/wp-json\/wp\/v2\/product"}],"about":[{"href":"https:\/\/www.avenuedesigncanada.com\/fr\/wp-json\/wp\/v2\/types\/product"}],"wp:featuredmedia":[{"embeddable":true,"href":"https:\/\/www.avenuedesigncanada.com\/fr\/wp-json\/wp\/v2\/media\/215300"}],"wp:attachment":[{"href":"https:\/\/www.avenuedesigncanada.com\/fr\/wp-json\/wp\/v2\/media?parent=97321"}],"wp:term":[{"taxonomy":"product_brand","embeddable":true,"href":"https:\/\/www.avenuedesigncanada.com\/fr\/wp-json\/wp\/v2\/product_brand?post=97321"},{"taxonomy":"product_cat","embeddable":true,"href":"https:\/\/www.avenuedesigncanada.com\/fr\/wp-json\/wp\/v2\/product_cat?post=97321"},{"taxonomy":"product_tag","embeddable":true,"href":"https:\/\/www.avenuedesigncanada.com\/fr\/wp-json\/wp\/v2\/product_tag?post=97321"}],"curies":[{"name":"wp","href":"https:\/\/api.w.org\/{rel}","templated":true}]}}