{"id":97363,"date":"2021-06-05T17:40:53","date_gmt":"2021-06-05T21:40:53","guid":{"rendered":"https:\/\/www.avenuedesigncanada.com\/product\/lit-alexa\/"},"modified":"2026-02-11T15:59:10","modified_gmt":"2026-02-11T20:59:10","slug":"lit-alexa","status":"publish","type":"product","link":"https:\/\/www.avenuedesigncanada.com\/fr\/product\/lit-alexa\/","title":{"rendered":"Lit Alexa"},"content":{"rendered":"<p><em>Caract\u00e9ristiques du lit Alexa :<\/em><\/p>\n<p>Une t\u00eate de lit capitonn\u00e9e contemporaine<\/p>\n<p>Des pattes de bois<\/p>\n<p>Une structure en bois massif<\/p>\n<p>Fait au Canada<\/p>\n<p>Options<\/p>\n<p>Choix de tissu ou cuir<\/p>\n<p>Choix de fini<\/p>\n<p>Largeur lit King: 81&Prime;<\/p>\n<p>Largeur lit Queen: 65&Prime;<\/p>\n<p>Avez-vous des questions \u00e0 propos de ce produit ?<\/p>\n<p>Nos designers sont l\u00e0 pour vous aider. Appelez-nous au (514) 340-9351<\/p>\n","protected":false},"excerpt":{"rendered":"<p>Le lit Alexa allie \u00e9l\u00e9gance contemporaine et confort classique. Dot\u00e9 d&rsquo;une t\u00eate de lit magnifiquement capitonn\u00e9e, de pieds en bois massif et d&rsquo;un cadre en bois dur durable, il offre \u00e0 la fois style et qualit\u00e9 durable. Fi\u00e8rement fabriqu\u00e9 au Canada, le lit Alexa est une pi\u00e8ce ma\u00eetresse sophistiqu\u00e9e pour toute chambre \u00e0 coucher moderne, alliant harmonieusement fonctionnalit\u00e9 et design raffin\u00e9.<\/p>\n","protected":false},"featured_media":410464,"template":"","meta":{"_kad_blocks_custom_css":"","_kad_blocks_head_custom_js":"","_kad_blocks_body_custom_js":"","_kad_blocks_footer_custom_js":"","_kad_post_transparent":"default","_kad_post_title":"","_kad_post_layout":"default","_kad_post_sidebar_id":"","_kad_post_content_style":"default","_kad_post_vertical_padding":"default","_kad_post_feature":"","_kad_post_feature_position":"","_kad_post_header":false,"_kad_post_footer":false,"_kad_post_classname":""},"product_brand":[],"product_cat":[1296],"product_tag":[1371],"class_list":{"0":"post-97363","1":"product","2":"type-product","3":"status-publish","4":"has-post-thumbnail","6":"product_cat-lits","7":"product_tag-hkhaju-fr","9":"first","10":"instock","11":"product-type-simple","12":"entry","13":"content-bg","14":"loop-entry"},"taxonomy_info":{"product_cat":[{"value":1296,"label":"Lits"}],"product_tag":[{"value":1371,"label":"HKHAJU"}]},"featured_image_src_large":["https:\/\/www.avenuedesigncanada.com\/wp-content\/uploads\/2021\/06\/ALEXA-BED.png",1024,1024,false],"author_info":[],"comment_info":"","_links":{"self":[{"href":"https:\/\/www.avenuedesigncanada.com\/fr\/wp-json\/wp\/v2\/product\/97363","targetHints":{"allow":["GET"]}}],"collection":[{"href":"https:\/\/www.avenuedesigncanada.com\/fr\/wp-json\/wp\/v2\/product"}],"about":[{"href":"https:\/\/www.avenuedesigncanada.com\/fr\/wp-json\/wp\/v2\/types\/product"}],"wp:featuredmedia":[{"embeddable":true,"href":"https:\/\/www.avenuedesigncanada.com\/fr\/wp-json\/wp\/v2\/media\/410464"}],"wp:attachment":[{"href":"https:\/\/www.avenuedesigncanada.com\/fr\/wp-json\/wp\/v2\/media?parent=97363"}],"wp:term":[{"taxonomy":"product_brand","embeddable":true,"href":"https:\/\/www.avenuedesigncanada.com\/fr\/wp-json\/wp\/v2\/product_brand?post=97363"},{"taxonomy":"product_cat","embeddable":true,"href":"https:\/\/www.avenuedesigncanada.com\/fr\/wp-json\/wp\/v2\/product_cat?post=97363"},{"taxonomy":"product_tag","embeddable":true,"href":"https:\/\/www.avenuedesigncanada.com\/fr\/wp-json\/wp\/v2\/product_tag?post=97363"}],"curies":[{"name":"wp","href":"https:\/\/api.w.org\/{rel}","templated":true}]}}