{"id":97371,"date":"2021-06-05T21:40:53","date_gmt":"2021-06-06T01:40:53","guid":{"rendered":"https:\/\/www.avenuedesigncanada.com\/product\/fauteuil-astonia\/"},"modified":"2026-02-11T15:59:10","modified_gmt":"2026-02-11T20:59:10","slug":"fauteuil-astonia","status":"publish","type":"product","link":"https:\/\/www.avenuedesigncanada.com\/fr\/product\/fauteuil-astonia\/","title":{"rendered":"Chaise Astonia"},"content":{"rendered":"<p><em>Les caract\u00e9ristiques de la Chaise Remi:<\/em><\/p>\n<p>Base en bois<\/p>\n<p>Une structure en bois massif<\/p>\n<p>Fait au Canada<\/p>\n<p>Options<\/p>\n<p>Choix de tissu ou cuir<\/p>\n<p>Choices of wood colour<\/p>\n<p>Vous avez des questions sur ce produit ?<\/p>\n<p>Nos designers sont l\u00e0 pour vous aider.<\/p>\n<p>Appelez-nous au (514) 340-9351<\/p>\n","protected":false},"excerpt":{"rendered":"<p>Fabriqu\u00e9 avec un cadre en bois dur solide et une base en bois raffin\u00e9e, ce meuble offre une durabilit\u00e9 durable et un style intemporel. Fi\u00e8rement fabriqu\u00e9e au Canada, elle t\u00e9moigne d&rsquo;un savoir-faire sup\u00e9rieur et d&rsquo;un souci du d\u00e9tail. Enti\u00e8rement personnalisable.<\/p>\n","protected":false},"featured_media":216287,"template":"","meta":{"_kad_blocks_custom_css":"","_kad_blocks_head_custom_js":"","_kad_blocks_body_custom_js":"","_kad_blocks_footer_custom_js":"","_kad_post_transparent":"","_kad_post_title":"","_kad_post_layout":"","_kad_post_sidebar_id":"","_kad_post_content_style":"","_kad_post_vertical_padding":"","_kad_post_feature":"","_kad_post_feature_position":"","_kad_post_header":false,"_kad_post_footer":false,"_kad_post_classname":""},"product_brand":[],"product_cat":[1965,1320],"product_tag":[1371],"class_list":{"0":"post-97371","1":"product","2":"type-product","3":"status-publish","4":"has-post-thumbnail","6":"product_cat-chaise-sur-mesure","7":"product_cat-fauteuils","8":"product_tag-hkhaju-fr","10":"first","11":"instock","12":"product-type-simple","13":"entry","14":"content-bg","15":"loop-entry"},"taxonomy_info":{"product_cat":[{"value":1965,"label":"Chaise Sur Mesure"},{"value":1320,"label":"Fauteuils"}],"product_tag":[{"value":1371,"label":"HKHAJU"}]},"featured_image_src_large":["https:\/\/www.avenuedesigncanada.com\/wp-content\/uploads\/2021\/06\/Astonia-front-1125x1280-1-1024x1024.jpg",1024,1024,true],"author_info":[],"comment_info":"","_links":{"self":[{"href":"https:\/\/www.avenuedesigncanada.com\/fr\/wp-json\/wp\/v2\/product\/97371","targetHints":{"allow":["GET"]}}],"collection":[{"href":"https:\/\/www.avenuedesigncanada.com\/fr\/wp-json\/wp\/v2\/product"}],"about":[{"href":"https:\/\/www.avenuedesigncanada.com\/fr\/wp-json\/wp\/v2\/types\/product"}],"wp:featuredmedia":[{"embeddable":true,"href":"https:\/\/www.avenuedesigncanada.com\/fr\/wp-json\/wp\/v2\/media\/216287"}],"wp:attachment":[{"href":"https:\/\/www.avenuedesigncanada.com\/fr\/wp-json\/wp\/v2\/media?parent=97371"}],"wp:term":[{"taxonomy":"product_brand","embeddable":true,"href":"https:\/\/www.avenuedesigncanada.com\/fr\/wp-json\/wp\/v2\/product_brand?post=97371"},{"taxonomy":"product_cat","embeddable":true,"href":"https:\/\/www.avenuedesigncanada.com\/fr\/wp-json\/wp\/v2\/product_cat?post=97371"},{"taxonomy":"product_tag","embeddable":true,"href":"https:\/\/www.avenuedesigncanada.com\/fr\/wp-json\/wp\/v2\/product_tag?post=97371"}],"curies":[{"name":"wp","href":"https:\/\/api.w.org\/{rel}","templated":true}]}}