{"id":97403,"date":"2021-06-05T17:40:53","date_gmt":"2021-06-05T21:40:53","guid":{"rendered":"https:\/\/www.avenuedesigncanada.com\/product\/ottoman-bromton\/"},"modified":"2026-02-11T15:59:11","modified_gmt":"2026-02-11T20:59:11","slug":"ottoman-bromton","status":"publish","type":"product","link":"https:\/\/www.avenuedesigncanada.com\/fr\/product\/ottoman-bromton\/","title":{"rendered":"Ottoman Brompton"},"content":{"rendered":"<p><em>Caract\u00e9ristiques du pouf Brompton :<\/em><\/p>\n<p>Un dessus rembourr\u00e9e<\/p>\n<p>Des pattes en bois<\/p>\n<p>Une tructure en bois massif<\/p>\n<p>Fait au Canada<\/p>\n<p>Options:<\/p>\n<p>Choix de tissu ou cuir<\/p>\n<p>Choix de fini<\/p>\n<p>Avez-vous des questions \u00e0 propos de ce produit ?<\/p>\n<p>Nos designers sont l\u00e0 pour vous aider. Appelez-nous au (514) 340-9351<\/p>\n","protected":false},"excerpt":{"rendered":"<p>Le pouf Brompton apporte une \u00e9l\u00e9gance intemporelle et un confort optimal \u00e0 tous les int\u00e9rieurs. Dot\u00e9 d&rsquo;une assise capitonn\u00e9e magnifiquement cannel\u00e9e, il ajoute texture et sophistication, tandis que ses pieds en bois et son cadre en bois dur durable garantissent une qualit\u00e9 durable. Fi\u00e8rement fabriqu\u00e9 au Canada, ce pouf est enti\u00e8rement personnalisable avec votre choix de tissu ou de cuir et une s\u00e9lection de finitions en bois, ce qui en fait un \u00e9l\u00e9ment d\u00e9coratif polyvalent pour les salons, les chambres \u00e0 coucher ou les coins d\u00e9tente.<\/p>\n","protected":false},"featured_media":216893,"template":"","meta":{"_kad_blocks_custom_css":"","_kad_blocks_head_custom_js":"","_kad_blocks_body_custom_js":"","_kad_blocks_footer_custom_js":"","_kad_post_transparent":"default","_kad_post_title":"","_kad_post_layout":"default","_kad_post_sidebar_id":"","_kad_post_content_style":"default","_kad_post_vertical_padding":"default","_kad_post_feature":"","_kad_post_feature_position":"","_kad_post_header":false,"_kad_post_footer":false,"_kad_post_classname":""},"product_brand":[],"product_cat":[1325,1968],"product_tag":[1371],"class_list":{"0":"post-97403","1":"product","2":"type-product","3":"status-publish","4":"has-post-thumbnail","6":"product_cat-poufs","7":"product_cat-pouf-sur-mesure","8":"product_tag-hkhaju-fr","10":"first","11":"instock","12":"product-type-simple","13":"entry","14":"content-bg","15":"loop-entry"},"taxonomy_info":{"product_cat":[{"value":1325,"label":"Ottomans"},{"value":1968,"label":"pouf sur mesure"}],"product_tag":[{"value":1371,"label":"HKHAJU"}]},"featured_image_src_large":["https:\/\/www.avenuedesigncanada.com\/wp-content\/uploads\/2021\/06\/Bromton-front-1280x786-2-1024x1024.jpg",1024,1024,true],"author_info":[],"comment_info":"","_links":{"self":[{"href":"https:\/\/www.avenuedesigncanada.com\/fr\/wp-json\/wp\/v2\/product\/97403","targetHints":{"allow":["GET"]}}],"collection":[{"href":"https:\/\/www.avenuedesigncanada.com\/fr\/wp-json\/wp\/v2\/product"}],"about":[{"href":"https:\/\/www.avenuedesigncanada.com\/fr\/wp-json\/wp\/v2\/types\/product"}],"wp:featuredmedia":[{"embeddable":true,"href":"https:\/\/www.avenuedesigncanada.com\/fr\/wp-json\/wp\/v2\/media\/216893"}],"wp:attachment":[{"href":"https:\/\/www.avenuedesigncanada.com\/fr\/wp-json\/wp\/v2\/media?parent=97403"}],"wp:term":[{"taxonomy":"product_brand","embeddable":true,"href":"https:\/\/www.avenuedesigncanada.com\/fr\/wp-json\/wp\/v2\/product_brand?post=97403"},{"taxonomy":"product_cat","embeddable":true,"href":"https:\/\/www.avenuedesigncanada.com\/fr\/wp-json\/wp\/v2\/product_cat?post=97403"},{"taxonomy":"product_tag","embeddable":true,"href":"https:\/\/www.avenuedesigncanada.com\/fr\/wp-json\/wp\/v2\/product_tag?post=97403"}],"curies":[{"name":"wp","href":"https:\/\/api.w.org\/{rel}","templated":true}]}}