{"id":97419,"date":"2021-06-05T17:40:53","date_gmt":"2021-06-05T21:40:53","guid":{"rendered":"https:\/\/www.avenuedesigncanada.com\/product\/ace-counter-stool\/"},"modified":"2026-02-11T15:59:12","modified_gmt":"2026-02-11T20:59:12","slug":"tabouret-de-comptoir-ace","status":"publish","type":"product","link":"https:\/\/www.avenuedesigncanada.com\/fr\/product\/tabouret-de-comptoir-ace\/","title":{"rendered":"Tabouret de comptoir Ace"},"content":{"rendered":"<p><em>Le tabouret de comptoir Ace pr\u00e9sente les caract\u00e9ristiques suivantes :<\/em><br \/>\nCon\u00e7u avec un rembourrage en poly dacron, une base en laiton satin\u00e9 et un pivot de retour pratique pour un confort quotidien \u00e9l\u00e9gant.<\/p>\n<p>Options :<br \/>\nGarniture \u00e0 clous disponible avec suppl\u00e9ment. Base en nickel bross\u00e9 \u00e9galement disponible. Propos\u00e9 dans une large gamme de tissus et de cuirs, et \u00e9galement disponible en tant que tabouret de bar.  <\/p>\n<p>Avez-vous des questions \u00e0 propos de ce produit ?<br \/>\nNos designers sont l\u00e0 pour vous aider. Appelez-nous au (514) 340-9351<\/p>\n","protected":false},"excerpt":{"rendered":"<p>Le tabouret de comptoir Ace offre un confort \u00e9l\u00e9gant gr\u00e2ce \u00e0 son coussin en poly dacron, sa base \u00e9l\u00e9gante en laiton satin\u00e9 et son pivot de retour pratique. Avec ses lignes \u00e9pur\u00e9es et son attrait moderne, ce tabouret conf\u00e8re un aspect poli et contemporain \u00e0 toute zone d&rsquo;assise \u00e0 hauteur de comptoir, tout en restant accueillant et pratique.   <\/p>\n","protected":false},"featured_media":152747,"template":"","meta":{"_kad_blocks_custom_css":"","_kad_blocks_head_custom_js":"","_kad_blocks_body_custom_js":"","_kad_blocks_footer_custom_js":"","_kad_post_transparent":"","_kad_post_title":"","_kad_post_layout":"","_kad_post_sidebar_id":"","_kad_post_content_style":"","_kad_post_vertical_padding":"","_kad_post_feature":"","_kad_post_feature_position":"","_kad_post_header":false,"_kad_post_footer":false,"_kad_post_classname":""},"product_brand":[],"product_cat":[1305],"product_tag":[1369],"class_list":{"0":"post-97419","1":"product","2":"type-product","3":"status-publish","4":"has-post-thumbnail","6":"product_cat-tabourets","7":"product_tag-theodore-fr","9":"first","10":"instock","11":"product-type-simple","12":"entry","13":"content-bg","14":"loop-entry"},"taxonomy_info":{"product_cat":[{"value":1305,"label":"Tabourets"}],"product_tag":[{"value":1369,"label":"THEODORE"}]},"featured_image_src_large":["https:\/\/www.avenuedesigncanada.com\/wp-content\/uploads\/2021\/06\/W822-CS_Suki-Onyx-HO-2-1024x1024.jpg",1024,1024,true],"author_info":[],"comment_info":"","_links":{"self":[{"href":"https:\/\/www.avenuedesigncanada.com\/fr\/wp-json\/wp\/v2\/product\/97419","targetHints":{"allow":["GET"]}}],"collection":[{"href":"https:\/\/www.avenuedesigncanada.com\/fr\/wp-json\/wp\/v2\/product"}],"about":[{"href":"https:\/\/www.avenuedesigncanada.com\/fr\/wp-json\/wp\/v2\/types\/product"}],"wp:featuredmedia":[{"embeddable":true,"href":"https:\/\/www.avenuedesigncanada.com\/fr\/wp-json\/wp\/v2\/media\/152747"}],"wp:attachment":[{"href":"https:\/\/www.avenuedesigncanada.com\/fr\/wp-json\/wp\/v2\/media?parent=97419"}],"wp:term":[{"taxonomy":"product_brand","embeddable":true,"href":"https:\/\/www.avenuedesigncanada.com\/fr\/wp-json\/wp\/v2\/product_brand?post=97419"},{"taxonomy":"product_cat","embeddable":true,"href":"https:\/\/www.avenuedesigncanada.com\/fr\/wp-json\/wp\/v2\/product_cat?post=97419"},{"taxonomy":"product_tag","embeddable":true,"href":"https:\/\/www.avenuedesigncanada.com\/fr\/wp-json\/wp\/v2\/product_tag?post=97419"}],"curies":[{"name":"wp","href":"https:\/\/api.w.org\/{rel}","templated":true}]}}