{"id":97615,"date":"2021-06-05T21:41:19","date_gmt":"2021-06-06T01:41:19","guid":{"rendered":"https:\/\/www.avenuedesigncanada.com\/product\/barilla-dining-chair\/"},"modified":"2026-02-11T15:59:13","modified_gmt":"2026-02-11T20:59:13","slug":"barilla-dining-chair","status":"publish","type":"product","link":"https:\/\/www.avenuedesigncanada.com\/fr\/product\/barilla-dining-chair\/","title":{"rendered":"Chaise Barilla"},"content":{"rendered":"<p><em>La chaise de salle \u00e0 manger Barilla pr\u00e9sente les caract\u00e9ristiques suivantes :<\/em><br \/>\nPieds en bois<br \/>\nStructure en bois dur<br \/>\nFabrication canadienne<br \/>\nChoix de tissu ou de cuir<br \/>\nChoix de couleur de bois<\/p>\n<p>Vous avez des questions sur ce produit ? Nos concepteurs sont l\u00e0 pour vous aider. Appelez-nous au (514) 340-9351  <\/p>\n","protected":false},"excerpt":{"rendered":"<p>La chaise de salle \u00e0 manger Barilla allie simplicit\u00e9 et style. Son cadre robuste en bois dur et ses pieds en bois offrent un soutien durable, tandis que l&rsquo;assise et le dossier rembourr\u00e9s peuvent \u00eatre personnalis\u00e9s dans des tissus ou des cuirs pour s&rsquo;harmoniser parfaitement avec le d\u00e9cor de votre salle \u00e0 manger. <\/p>\n","protected":false},"featured_media":85940,"template":"","meta":{"_kad_blocks_custom_css":"","_kad_blocks_head_custom_js":"","_kad_blocks_body_custom_js":"","_kad_blocks_footer_custom_js":"","_kad_post_transparent":"","_kad_post_title":"","_kad_post_layout":"","_kad_post_sidebar_id":"","_kad_post_content_style":"","_kad_post_vertical_padding":"","_kad_post_feature":"","_kad_post_feature_position":"","_kad_post_header":false,"_kad_post_footer":false,"_kad_post_classname":""},"product_brand":[],"product_cat":[1970,1302],"product_tag":[1371],"class_list":{"0":"post-97615","1":"product","2":"type-product","3":"status-publish","4":"has-post-thumbnail","6":"product_cat-chaise-a-manger-sur-mesure","7":"product_cat-chaises","8":"product_tag-hkhaju-fr","10":"first","11":"instock","12":"product-type-simple","13":"entry","14":"content-bg","15":"loop-entry"},"taxonomy_info":{"product_cat":[{"value":1970,"label":"chaise \u00e0 manger sur mesure"},{"value":1302,"label":"Chaises"}],"product_tag":[{"value":1371,"label":"HKHAJU"}]},"featured_image_src_large":["https:\/\/www.avenuedesigncanada.com\/wp-content\/uploads\/2021\/02\/Barrilla-Front-1003x1280-1-1024x1024.jpg",1024,1024,true],"author_info":[],"comment_info":"","_links":{"self":[{"href":"https:\/\/www.avenuedesigncanada.com\/fr\/wp-json\/wp\/v2\/product\/97615","targetHints":{"allow":["GET"]}}],"collection":[{"href":"https:\/\/www.avenuedesigncanada.com\/fr\/wp-json\/wp\/v2\/product"}],"about":[{"href":"https:\/\/www.avenuedesigncanada.com\/fr\/wp-json\/wp\/v2\/types\/product"}],"wp:featuredmedia":[{"embeddable":true,"href":"https:\/\/www.avenuedesigncanada.com\/fr\/wp-json\/wp\/v2\/media\/85940"}],"wp:attachment":[{"href":"https:\/\/www.avenuedesigncanada.com\/fr\/wp-json\/wp\/v2\/media?parent=97615"}],"wp:term":[{"taxonomy":"product_brand","embeddable":true,"href":"https:\/\/www.avenuedesigncanada.com\/fr\/wp-json\/wp\/v2\/product_brand?post=97615"},{"taxonomy":"product_cat","embeddable":true,"href":"https:\/\/www.avenuedesigncanada.com\/fr\/wp-json\/wp\/v2\/product_cat?post=97615"},{"taxonomy":"product_tag","embeddable":true,"href":"https:\/\/www.avenuedesigncanada.com\/fr\/wp-json\/wp\/v2\/product_tag?post=97615"}],"curies":[{"name":"wp","href":"https:\/\/api.w.org\/{rel}","templated":true}]}}