{"id":97671,"date":"2021-06-05T17:41:19","date_gmt":"2021-06-05T21:41:19","guid":{"rendered":"https:\/\/www.avenuedesigncanada.com\/product\/andre-ottoman\/"},"modified":"2026-02-11T15:59:16","modified_gmt":"2026-02-11T20:59:16","slug":"andre-ottoman","status":"publish","type":"product","link":"https:\/\/www.avenuedesigncanada.com\/fr\/product\/andre-ottoman\/","title":{"rendered":"Ottoman Andre"},"content":{"rendered":"<p><em>Caract\u00e9ristiques du pouf Andr\u00e9 :<\/em><\/p>\n<p>Capitonnage sur le dessus<\/p>\n<p>Enti\u00e8rement rembourr\u00e9<\/p>\n<p>Socle en bois<\/p>\n<p>Structure en bois massif<\/p>\n<p>Fabriqu\u00e9 au Canada<\/p>\n<p>Le pouf Andr\u00e9 est le compromis id\u00e9al entre une table basse et un pouf.<\/p>\n<p>Options :<\/p>\n<p>Choix de tissus ou de cuirs<\/p>\n<p>Choix de couleurs de bois<\/p>\n<p>Avez-vous des questions \u00e0 propos de ce produit ?<\/p>\n<p>Nos designers sont l\u00e0 pour vous aider. Appelez-nous au (514) 340-9351<\/p>\n","protected":false},"excerpt":{"rendered":"<p>Le pouf Andr\u00e9 est le parfait \u00e9quilibre entre une table basse et un pouf traditionnel. Enti\u00e8rement rembourr\u00e9 et dot\u00e9 d&rsquo;un \u00e9l\u00e9gant capitonnage sur le dessus, il offre \u00e0 la fois confort et style. Soutenu par un cadre en bois dur robuste et une base en bois \u00e9l\u00e9gante, ce meuble est con\u00e7u pour durer. Fi\u00e8rement fabriqu\u00e9 au Canada, le pouf Andr\u00e9 est enti\u00e8rement personnalisable avec votre choix de tissu ou de cuir et une vari\u00e9t\u00e9 de finitions en bois, ce qui en fait un ajout polyvalent et sophistiqu\u00e9 \u00e0 tout espace de vie.<\/p>\n<p>&nbsp;<\/p>\n","protected":false},"featured_media":216880,"template":"","meta":{"_kad_blocks_custom_css":"","_kad_blocks_head_custom_js":"","_kad_blocks_body_custom_js":"","_kad_blocks_footer_custom_js":"","_kad_post_transparent":"default","_kad_post_title":"","_kad_post_layout":"default","_kad_post_sidebar_id":"","_kad_post_content_style":"default","_kad_post_vertical_padding":"default","_kad_post_feature":"","_kad_post_feature_position":"","_kad_post_header":false,"_kad_post_footer":false,"_kad_post_classname":""},"product_brand":[],"product_cat":[1325,1968],"product_tag":[1371],"class_list":{"0":"post-97671","1":"product","2":"type-product","3":"status-publish","4":"has-post-thumbnail","6":"product_cat-poufs","7":"product_cat-pouf-sur-mesure","8":"product_tag-hkhaju-fr","10":"first","11":"instock","12":"product-type-simple","13":"entry","14":"content-bg","15":"loop-entry"},"taxonomy_info":{"product_cat":[{"value":1325,"label":"Ottomans"},{"value":1968,"label":"pouf sur mesure"}],"product_tag":[{"value":1371,"label":"HKHAJU"}]},"featured_image_src_large":["https:\/\/www.avenuedesigncanada.com\/wp-content\/uploads\/2021\/06\/Andre-Front-1280x527-2-1024x1024.jpg",1024,1024,true],"author_info":[],"comment_info":"","_links":{"self":[{"href":"https:\/\/www.avenuedesigncanada.com\/fr\/wp-json\/wp\/v2\/product\/97671","targetHints":{"allow":["GET"]}}],"collection":[{"href":"https:\/\/www.avenuedesigncanada.com\/fr\/wp-json\/wp\/v2\/product"}],"about":[{"href":"https:\/\/www.avenuedesigncanada.com\/fr\/wp-json\/wp\/v2\/types\/product"}],"wp:featuredmedia":[{"embeddable":true,"href":"https:\/\/www.avenuedesigncanada.com\/fr\/wp-json\/wp\/v2\/media\/216880"}],"wp:attachment":[{"href":"https:\/\/www.avenuedesigncanada.com\/fr\/wp-json\/wp\/v2\/media?parent=97671"}],"wp:term":[{"taxonomy":"product_brand","embeddable":true,"href":"https:\/\/www.avenuedesigncanada.com\/fr\/wp-json\/wp\/v2\/product_brand?post=97671"},{"taxonomy":"product_cat","embeddable":true,"href":"https:\/\/www.avenuedesigncanada.com\/fr\/wp-json\/wp\/v2\/product_cat?post=97671"},{"taxonomy":"product_tag","embeddable":true,"href":"https:\/\/www.avenuedesigncanada.com\/fr\/wp-json\/wp\/v2\/product_tag?post=97671"}],"curies":[{"name":"wp","href":"https:\/\/api.w.org\/{rel}","templated":true}]}}