{"id":97677,"date":"2021-06-05T21:41:19","date_gmt":"2021-06-06T01:41:19","guid":{"rendered":"https:\/\/www.avenuedesigncanada.com\/product\/hunter-ottoman\/"},"modified":"2026-02-11T15:59:17","modified_gmt":"2026-02-11T20:59:17","slug":"hunter-ottoman","status":"publish","type":"product","link":"https:\/\/www.avenuedesigncanada.com\/fr\/product\/hunter-ottoman\/","title":{"rendered":"Hunter Ottoman"},"content":{"rendered":"<p><em>Le pouf Hunter pr\u00e9sente les caract\u00e9ristiques suivantes :<\/em><\/p>\n<p>Tufting sur le dessus<br \/>\nEnti\u00e8rement rembourr\u00e9<br \/>\nSocle en bois<br \/>\nStructure en bois dur<br \/>\nFabrication canadienne<br \/>\nCompromis parfait entre une table basse et un ottoman<br \/>\nChoix de tissu ou de cuir<br \/>\nChoix de la couleur du bois<\/p>\n<p>Vous avez des questions sur ce produit ? Nos concepteurs sont l\u00e0 pour vous aider. Appelez-nous au (514) 340-9351  <\/p>\n","protected":false},"excerpt":{"rendered":"<p>Le pouf Hunter offre l&rsquo;\u00e9quilibre parfait entre style et fonctionnalit\u00e9, comblant le foss\u00e9 entre une table basse et un pouf traditionnel. Enti\u00e8rement recouvert d&rsquo;un \u00e9l\u00e9gant capitonnage sur le dessus, il est dot\u00e9 d&rsquo;un cadre en bois dur durable et d&rsquo;une base en bois sophistiqu\u00e9e. Fi\u00e8rement fabriqu\u00e9 au Canada, le pouf Hunter est enti\u00e8rement personnalisable avec votre choix de tissu ou de cuir et une s\u00e9lection de finitions en bois, ce qui en fait un ajout polyvalent et \u00e9l\u00e9gant \u00e0 tout espace de vie.  <\/p>\n","protected":false},"featured_media":216867,"template":"","meta":{"_kad_blocks_custom_css":"","_kad_blocks_head_custom_js":"","_kad_blocks_body_custom_js":"","_kad_blocks_footer_custom_js":"","_kad_post_transparent":"default","_kad_post_title":"","_kad_post_layout":"default","_kad_post_sidebar_id":"","_kad_post_content_style":"default","_kad_post_vertical_padding":"default","_kad_post_feature":"","_kad_post_feature_position":"","_kad_post_header":false,"_kad_post_footer":false,"_kad_post_classname":""},"product_brand":[],"product_cat":[1325,1968],"product_tag":[1371],"class_list":{"0":"post-97677","1":"product","2":"type-product","3":"status-publish","4":"has-post-thumbnail","6":"product_cat-poufs","7":"product_cat-pouf-sur-mesure","8":"product_tag-hkhaju-fr","10":"first","11":"instock","12":"product-type-simple","13":"entry","14":"content-bg","15":"loop-entry"},"taxonomy_info":{"product_cat":[{"value":1325,"label":"Ottomans"},{"value":1968,"label":"pouf sur mesure"}],"product_tag":[{"value":1371,"label":"HKHAJU"}]},"featured_image_src_large":["https:\/\/www.avenuedesigncanada.com\/wp-content\/uploads\/2021\/06\/HunterTable-Front-1280x507-2-1024x1024.jpg",1024,1024,true],"author_info":[],"comment_info":"","_links":{"self":[{"href":"https:\/\/www.avenuedesigncanada.com\/fr\/wp-json\/wp\/v2\/product\/97677","targetHints":{"allow":["GET"]}}],"collection":[{"href":"https:\/\/www.avenuedesigncanada.com\/fr\/wp-json\/wp\/v2\/product"}],"about":[{"href":"https:\/\/www.avenuedesigncanada.com\/fr\/wp-json\/wp\/v2\/types\/product"}],"wp:featuredmedia":[{"embeddable":true,"href":"https:\/\/www.avenuedesigncanada.com\/fr\/wp-json\/wp\/v2\/media\/216867"}],"wp:attachment":[{"href":"https:\/\/www.avenuedesigncanada.com\/fr\/wp-json\/wp\/v2\/media?parent=97677"}],"wp:term":[{"taxonomy":"product_brand","embeddable":true,"href":"https:\/\/www.avenuedesigncanada.com\/fr\/wp-json\/wp\/v2\/product_brand?post=97677"},{"taxonomy":"product_cat","embeddable":true,"href":"https:\/\/www.avenuedesigncanada.com\/fr\/wp-json\/wp\/v2\/product_cat?post=97677"},{"taxonomy":"product_tag","embeddable":true,"href":"https:\/\/www.avenuedesigncanada.com\/fr\/wp-json\/wp\/v2\/product_tag?post=97677"}],"curies":[{"name":"wp","href":"https:\/\/api.w.org\/{rel}","templated":true}]}}